{"id":6330,"date":"2025-03-10T14:42:21","date_gmt":"2025-03-10T13:42:21","guid":{"rendered":"https:\/\/omtech.pl\/?post_type=product&#038;p=6330"},"modified":"2025-10-13T09:38:24","modified_gmt":"2025-10-13T07:38:24","slug":"le-910-ebs","status":"publish","type":"product","link":"https:\/\/omtech.pl\/en\/product\/le-910-ebs\/","title":{"rendered":"LE-910 EBS"},"content":{"rendered":"<div class=\"box__prodText\">\n<strong>Charakterystyka nadajnika LE-910 EBS &#8211; \u0142atwy w monta\u017cu nadajnik dedykowany lokalizacji naczep zasilany ze z\u0142\u0105cza EBS z obs\u0142ug\u0105 czujnik\u00f3w Beacon (BLE) i wbudowan\u0105 anten\u0105 GPS.<\/strong><\/p>\n<p><strong>Zasilanie:<\/strong> +12V\/+24V, (Imin=15mA, Imax=800mA, I\u015br=40mA)<\/p>\n<p><strong>Wej\u015bcia:<\/strong><\/p>\n<ul>\n<li style=\"list-style-type: none;\">\n<ul>\n<li>Z\u0142\u0105cze systemu EBS z wykryciem zap\u0142onu oraz napi\u0119cia zasilania<\/li>\n<li>Interface BLE (do 6 czujnik\u00f3w Beacon)<\/li>\n<\/ul>\n<\/li>\n<\/ul>\n<p><strong>Internal data memory<\/strong> o zdarzeniach i po\u0142o\u017ceniu (30 000 pozycji)<\/p>\n<p><strong>Wbudowany akumulator awaryjny<\/strong> (3.7V, 4080mAh)<\/p>\n<p><strong>Wbudowana antena GSM\/4G LTE<\/strong><\/p>\n<p><strong>Wewn\u0119trzna antena GPS\/GLONASS<\/strong><\/p>\n<p><strong>Programming interface<\/strong> \u2013 Micro USB (konieczny konwerter producenta)<\/p>\n<p><strong>Mo\u017cliwo\u015b\u0107 zdalnej konfiguracji urz\u0105dzenia<\/strong> (transmisja danych lub SMS) oraz zdalnej aktualizacji oprogramowania wewn\u0119trznego sterownika.<\/p>\n<p><strong>Built-in accelerometer<\/strong> (detekcja ruchu)<\/p>\n<p><strong>Systemowa ochrona akumulatora pojazdu<\/strong> (automatyczne od\u0142\u0105czenie nadajnika przy niskim napi\u0119ciu akumulatora)<\/p>\n<\/div>","protected":false},"excerpt":{"rendered":"<p>Charakterystyka nadajnika LE-910 EBS &#8211; \u0142atwy w monta\u017cu nadajnik dedykowany lokalizacji naczep zasilany ze z\u0142\u0105cza EBS z obs\u0142ug\u0105 czujnik\u00f3w Beacon (BLE) i wbudowan\u0105 anten\u0105 GPS. Zasilanie: +12V\/+24V, (Imin=15mA, Imax=800mA, I\u015br=40mA) Wej\u015bcia: Z\u0142\u0105cze systemu EBS z wykryciem zap\u0142onu oraz napi\u0119cia zasilania Interface BLE (do 6 czujnik\u00f3w Beacon) Wbudowana pami\u0119\u0107 danych o zdarzeniach i po\u0142o\u017ceniu (30 000 [&hellip;]<\/p>\n","protected":false},"featured_media":5906,"template":"","meta":{"inline_featured_image":false,"_monsterinsights_skip_tracking":false,"_monsterinsights_sitenote_active":false,"_monsterinsights_sitenote_note":"","_monsterinsights_sitenote_category":0},"product_brand":[],"product_cat":[32],"product_tag":[],"class_list":{"0":"post-6330","1":"product","2":"type-product","3":"status-publish","4":"has-post-thumbnail","6":"product_cat-produkty","8":"first","9":"instock","10":"shipping-taxable","11":"product-type-simple"},"_links":{"self":[{"href":"https:\/\/omtech.pl\/en\/wp-json\/wp\/v2\/product\/6330","targetHints":{"allow":["GET"]}}],"collection":[{"href":"https:\/\/omtech.pl\/en\/wp-json\/wp\/v2\/product"}],"about":[{"href":"https:\/\/omtech.pl\/en\/wp-json\/wp\/v2\/types\/product"}],"wp:featuredmedia":[{"embeddable":true,"href":"https:\/\/omtech.pl\/en\/wp-json\/wp\/v2\/media\/5906"}],"wp:attachment":[{"href":"https:\/\/omtech.pl\/en\/wp-json\/wp\/v2\/media?parent=6330"}],"wp:term":[{"taxonomy":"product_brand","embeddable":true,"href":"https:\/\/omtech.pl\/en\/wp-json\/wp\/v2\/product_brand?post=6330"},{"taxonomy":"product_cat","embeddable":true,"href":"https:\/\/omtech.pl\/en\/wp-json\/wp\/v2\/product_cat?post=6330"},{"taxonomy":"product_tag","embeddable":true,"href":"https:\/\/omtech.pl\/en\/wp-json\/wp\/v2\/product_tag?post=6330"}],"curies":[{"name":"wp","href":"https:\/\/api.w.org\/{rel}","templated":true}]}}