{"id":6329,"date":"2025-03-10T14:42:21","date_gmt":"2025-03-10T13:42:21","guid":{"rendered":"https:\/\/omtech.pl\/?post_type=product&#038;p=6329"},"modified":"2026-01-21T12:48:30","modified_gmt":"2026-01-21T11:48:30","slug":"le-910","status":"publish","type":"product","link":"https:\/\/omtech.pl\/en\/produkt\/le-910\/","title":{"rendered":"LE -910"},"content":{"rendered":"<div class=\"box__prodText\">\n<p><strong>Charakterystyka nadajnika LE-910 &#8211; kompaktowy nadajnik dedykowany lokalizacji pojazd\u00f3w z obs\u0142ug\u0105 czujnik\u00f3w Beacon (BLE) i wbudowan\u0105 anten\u0105 GPS.<\/strong><\/p>\n<p><strong>Homologacja E-toll oraz SENT-GEO<\/strong><\/p>\n<p><strong>Zasilanie:<\/strong> +12V\/+24V, (Imin=15mA, Imax=300mA, I\u015br=40mA)<\/p>\n<p><strong>Wej\u015bcia:<\/strong><\/p>\n<ul>\n<li style=\"list-style-type: none;\">\n<ul>\n<li>Interface BLE (do 6 czujnik\u00f3w Beacon)<\/li>\n<li>1 wej\u015bcie uniwersalne \u201esterowane mas\u0105\u201d \/ wej\u015bcie analogowe (zakres 0-30VDC)<\/li>\n<li>1 wej\u015bcie interfejsu 1-Wire\/RFID (identyfikacja kierowcy\/czujniki)<\/li>\n<li>Power input with voltage measurement<\/li>\n<li>Zap\u0142onu &#8211; zmienia tryb pracy urz\u0105dzenia<\/li>\n<\/ul>\n<\/li>\n<\/ul>\n<p><strong>Internal data memory<\/strong> o zdarzeniach i po\u0142o\u017ceniu (30 000 pozycji)<\/p>\n<p><strong>Wbudowany akumulator:<\/strong> 3.7V, 320mAh<\/p>\n<p><strong>Wbudowana antena<\/strong> GSM\/4G LTE<\/p>\n<p><strong>Zewn\u0119trzna antena<\/strong> GPS\/GLONASS (SMA)<\/p>\n<p><strong>Z\u0142\u0105cze programowania:<\/strong> Micro USB (manufacturer\u2019s converter required)<\/p>\n<p><strong>1 x Uniwersalne wyj\u015bcie steruj\u0105ce<\/strong> (UWAGA: Nie nale\u017cy stosowa\u0107 bezpo\u015brednio do odcinania obwodu zap\u0142onu pojazdu)<\/p>\n<p><strong>Mo\u017cliwo\u015b\u0107 zdalnej konfiguracji urz\u0105dzenia<\/strong> (transmisja danych lub SMS) oraz zdalnej aktualizacji oprogramowania wewn\u0119trznego sterownika.<\/p>\n<p><strong>Built-in accelerometer<\/strong> (detekcja ruchu, zmiany nachylenia i przeci\u0105\u017ce\u0144)<\/p>\n<p><strong>Systemowa ochrona akumulatora pojazdu<\/strong> (automatyczne od\u0142\u0105czenie nadajnika przy niskim napi\u0119ciu akumulatora)<\/p>\n<\/div>","protected":false},"excerpt":{"rendered":"<p>Charakterystyka nadajnika LE-910 &#8211; kompaktowy nadajnik dedykowany lokalizacji pojazd\u00f3w z obs\u0142ug\u0105 czujnik\u00f3w Beacon (BLE) i wbudowan\u0105 anten\u0105 GPS. Homologacja E-toll oraz SENT-GEO Zasilanie: +12V\/+24V, (Imin=15mA, Imax=300mA, I\u015br=40mA) Wej\u015bcia: Interface BLE (do 6 czujnik\u00f3w Beacon) 1 wej\u015bcie uniwersalne \u201esterowane mas\u0105\u201d \/ wej\u015bcie analogowe (zakres 0-30VDC) 1 wej\u015bcie interfejsu 1-Wire\/RFID (identyfikacja kierowcy\/czujniki) Zasilanie z pomiarem napi\u0119cia Zap\u0142onu [&hellip;]<\/p>\n","protected":false},"featured_media":7271,"template":"","meta":{"inline_featured_image":false,"_monsterinsights_skip_tracking":false,"_monsterinsights_sitenote_active":false,"_monsterinsights_sitenote_note":"","_monsterinsights_sitenote_category":0},"product_brand":[],"product_cat":[32],"product_tag":[],"class_list":{"0":"post-6329","1":"product","2":"type-product","3":"status-publish","4":"has-post-thumbnail","6":"product_cat-produkty","8":"first","9":"instock","10":"shipping-taxable","11":"product-type-simple"},"_links":{"self":[{"href":"https:\/\/omtech.pl\/en\/wp-json\/wp\/v2\/product\/6329","targetHints":{"allow":["GET"]}}],"collection":[{"href":"https:\/\/omtech.pl\/en\/wp-json\/wp\/v2\/product"}],"about":[{"href":"https:\/\/omtech.pl\/en\/wp-json\/wp\/v2\/types\/product"}],"wp:featuredmedia":[{"embeddable":true,"href":"https:\/\/omtech.pl\/en\/wp-json\/wp\/v2\/media\/7271"}],"wp:attachment":[{"href":"https:\/\/omtech.pl\/en\/wp-json\/wp\/v2\/media?parent=6329"}],"wp:term":[{"taxonomy":"product_brand","embeddable":true,"href":"https:\/\/omtech.pl\/en\/wp-json\/wp\/v2\/product_brand?post=6329"},{"taxonomy":"product_cat","embeddable":true,"href":"https:\/\/omtech.pl\/en\/wp-json\/wp\/v2\/product_cat?post=6329"},{"taxonomy":"product_tag","embeddable":true,"href":"https:\/\/omtech.pl\/en\/wp-json\/wp\/v2\/product_tag?post=6329"}],"curies":[{"name":"wp","href":"https:\/\/api.w.org\/{rel}","templated":true}]}}