{"id":6325,"date":"2025-03-10T14:42:21","date_gmt":"2025-03-10T13:42:21","guid":{"rendered":"https:\/\/omtech.pl\/?post_type=product&#038;p=6325"},"modified":"2025-09-15T15:03:01","modified_gmt":"2025-09-15T13:03:01","slug":"le-870","status":"publish","type":"product","link":"https:\/\/omtech.pl\/en\/product\/le-870\/","title":{"rendered":"LE-870"},"content":{"rendered":"<div class=\"box__prodText\">\n<p><strong>Charakterystyka nadajnika LE-870 &#8211; nadajnik dedykowany dla transportu z obs\u0142ug\u0105 telemetrii pojazdu oraz tachografu (zdalny odczyt DDD oraz bie\u017c\u0105cy status kierowcy &#8211; D8) wyposa\u017cony w z zewn\u0119trzn\u0105 antena GPS.<\/strong><\/p>\n<p><strong>Homologacja E-toll oraz SENT-GEO<\/strong><\/p>\n<p><strong>Zasilanie:<\/strong> +12V\/+24V, (Imin=15mA, Imax=300mA, I\u015br=50mA)<\/p>\n<p><strong>Wej\u015bcia:<\/strong><\/p>\n<ul>\n<li style=\"list-style-type: none;\">\n<ul>\n<li>2 CAN (drugi dedykowany do obs\u0142ugi tachografu)<\/li>\n<li>D8 \/1 wej\u015bcie uniwersalne \u201esterowane mas\u0105\u201d \/ wej\u015bcie analogowe (zakres 0-30VDC)<\/li>\n<li>1 wej\u015bcie interfejsu 1-Wire\/RFID (identyfikacja kierowcy\/czujniki)<\/li>\n<li>Power input with voltage measurement<\/li>\n<li>Zap\u0142onu &#8211; zmienia tryb pracy urz\u0105dzenia<\/li>\n<\/ul>\n<\/li>\n<\/ul>\n<p><strong>Internal data memory<\/strong> o zdarzeniach i po\u0142o\u017ceniu (30 000 pozycji)<\/p>\n<p><strong>Wbudowany akumulator:<\/strong> 3.7V, 320mAh<\/p>\n<p><strong>Wbudowana antena<\/strong> GSM\/4G LTE<\/p>\n<p><strong>Zewn\u0119trzna antena<\/strong> GPS\/GLONASS (SMA)<\/p>\n<p><strong>Z\u0142\u0105cze programowania:<\/strong> Micro USB (manufacturer\u2019s converter required)<\/p>\n<p><strong>3x Uniwersalne wyj\u015bcie steruj\u0105ce\u00a0<\/strong><\/p>\n<p><strong>Mo\u017cliwo\u015b\u0107 zdalnej konfiguracji urz\u0105dzenia<\/strong> (transmisja danych lub SMS) oraz zdalnej aktualizacji oprogramowania wewn\u0119trznego sterownika.<\/p>\n<p><strong>Wbudowany akcelerometr:<\/strong> Detekcja ruchu, wykrycie kolizji, podniesienie\/holowanie\u00a0 i przeci\u0105\u017ce\u0144 (ECO Driving)<\/p>\n<p><strong>Systemowa ochrona akumulatora pojazdu<\/strong> (automatyczne od\u0142\u0105czenie nadajnika przy niskim napi\u0119ciu akumulatora)<\/p>\n<\/div>","protected":false},"excerpt":{"rendered":"<p>Charakterystyka nadajnika LE-870 &#8211; nadajnik dedykowany dla transportu z obs\u0142ug\u0105 telemetrii pojazdu oraz tachografu (zdalny odczyt DDD oraz bie\u017c\u0105cy status kierowcy &#8211; D8) wyposa\u017cony w z zewn\u0119trzn\u0105 antena GPS. Homologacja E-toll oraz SENT-GEO Zasilanie: +12V\/+24V, (Imin=15mA, Imax=300mA, I\u015br=50mA) Wej\u015bcia: 2 CAN (drugi dedykowany do obs\u0142ugi tachografu) D8 \/1 wej\u015bcie uniwersalne \u201esterowane mas\u0105\u201d \/ wej\u015bcie analogowe [&hellip;]<\/p>\n","protected":false},"featured_media":5883,"template":"","meta":{"inline_featured_image":false,"_monsterinsights_skip_tracking":false,"_monsterinsights_sitenote_active":false,"_monsterinsights_sitenote_note":"","_monsterinsights_sitenote_category":0},"product_brand":[],"product_cat":[32],"product_tag":[],"class_list":{"0":"post-6325","1":"product","2":"type-product","3":"status-publish","4":"has-post-thumbnail","6":"product_cat-produkty","8":"first","9":"instock","10":"shipping-taxable","11":"product-type-simple"},"_links":{"self":[{"href":"https:\/\/omtech.pl\/en\/wp-json\/wp\/v2\/product\/6325","targetHints":{"allow":["GET"]}}],"collection":[{"href":"https:\/\/omtech.pl\/en\/wp-json\/wp\/v2\/product"}],"about":[{"href":"https:\/\/omtech.pl\/en\/wp-json\/wp\/v2\/types\/product"}],"wp:featuredmedia":[{"embeddable":true,"href":"https:\/\/omtech.pl\/en\/wp-json\/wp\/v2\/media\/5883"}],"wp:attachment":[{"href":"https:\/\/omtech.pl\/en\/wp-json\/wp\/v2\/media?parent=6325"}],"wp:term":[{"taxonomy":"product_brand","embeddable":true,"href":"https:\/\/omtech.pl\/en\/wp-json\/wp\/v2\/product_brand?post=6325"},{"taxonomy":"product_cat","embeddable":true,"href":"https:\/\/omtech.pl\/en\/wp-json\/wp\/v2\/product_cat?post=6325"},{"taxonomy":"product_tag","embeddable":true,"href":"https:\/\/omtech.pl\/en\/wp-json\/wp\/v2\/product_tag?post=6325"}],"curies":[{"name":"wp","href":"https:\/\/api.w.org\/{rel}","templated":true}]}}