{"id":6324,"date":"2025-03-10T14:42:21","date_gmt":"2025-03-10T13:42:21","guid":{"rendered":"https:\/\/omtech.pl\/?post_type=product&#038;p=6324"},"modified":"2025-10-13T09:41:33","modified_gmt":"2025-10-13T07:41:33","slug":"le-130","status":"publish","type":"product","link":"https:\/\/omtech.pl\/en\/product\/le-130\/","title":{"rendered":"LE-130"},"content":{"rendered":"<div class=\"box__prodText\">\n<p><strong>Charakterystyka nadajnika LE-130 &#8211; kompaktowy akumulatorowy nadajnik standalone do monta\u017cu zewn\u0119trznego z 6 trybami pracy:<\/strong><\/p>\n<ol>\n<li>Sta\u0142y interwa\u0142 &#8211; Aktualizacja pozycji co x min wysy\u0142anie bo y bez wykrywania ruchu.<\/li>\n<li>\u015aledz\u0105cy \u2013 Generowanie trasy na \u017cywo.<\/li>\n<li>\u015aledz\u0105cy oszcz\u0119dny &#8211; Aktualizacja trasy po zatrzymaniu<\/li>\n<li>\u015aledz\u0105cy oszcz\u0119dny+ &#8211; Zbieranie danych o lokalizacji co &#8222;x1\u201d w ruchu, co x2 na postoju, a wysy\u0142anie co &#8222;y&#8221;<\/li>\n<li>Gdzie mnie zostawili \u2013 zg\u0142oszenie przy rozpocz\u0119ciu i\u00a0 zako\u0144czeniu ruchu<\/li>\n<li>Hub dla czujnik\u00f3w Beacon (BLE)<\/li>\n<\/ol>\n<p><strong>Obudowa:<\/strong> Wytrzyma\u0142a obudowa odporna na warunki atmosferyczne z IP68<\/p>\n<p><strong>Zasilanie:<\/strong> Wbudowany akumulator 3.7V, 5000mAh \u2013 \u0142adowanie USB C PD12V (Imin=2A, Imax=3A, I\u015br=2A)<\/p>\n<p>Obs\u0142uga do 6 <strong>czujnik\u00f3w Beacon (BLE)<\/strong><\/p>\n<p><strong>Internal data memory<\/strong> o zdarzeniach i po\u0142o\u017ceniu (30 000 pozycji)<\/p>\n<p><strong>Wbudowana antena<\/strong> \u00a0GSM\/4G LTE, GPS\/GLONASS<\/p>\n<p><strong>Z\u0142\u0105cze programowania:<\/strong> Zewn\u0119trzne USB C lub wewn\u0119trzne USB mini (konieczny konwerter producenta)<\/p>\n<p><strong>Mo\u017cliwo\u015b\u0107 zdalnej konfiguracji urz\u0105dzenia<\/strong> (transmisja danych lub SMS) oraz zdalnej aktualizacji oprogramowania wewn\u0119trznego sterownika<\/p>\n<p><strong>Technologia:<\/strong> GSM, GPRS, LTE(4G), GNSS (GPS, GLONASS)<\/p>\n<p><strong>Temperaturowy zakres pracy:<\/strong> -30\u00b0C do +50\u00b0C<\/p>\n<p><strong>Wymiary:<\/strong> 90 mm x 50 mm x 42 mm<\/p>\n<p><strong>Klasa szczelno\u015bci obudowy:<\/strong> IP68<\/p>\n<p><strong>Masa:<\/strong> 300g<\/p>\n<p><strong>Czujniki:<\/strong> ruchu (akcelerometr), otwarcia obudowy, poziomu akumulatora<\/p>\n<p><strong>Mocowanie:<\/strong> 4 magnesy o sile trzymania 20 kg ka\u017cdy<\/p>\n<\/div>","protected":false},"excerpt":{"rendered":"<p>Charakterystyka nadajnika LE-130 &#8211; kompaktowy akumulatorowy nadajnik standalone do monta\u017cu zewn\u0119trznego z 6 trybami pracy: Sta\u0142y interwa\u0142 &#8211; Aktualizacja pozycji co x min wysy\u0142anie bo y bez wykrywania ruchu. \u015aledz\u0105cy \u2013 Generowanie trasy na \u017cywo. \u015aledz\u0105cy oszcz\u0119dny &#8211; Aktualizacja trasy po zatrzymaniu \u015aledz\u0105cy oszcz\u0119dny+ &#8211; Zbieranie danych o lokalizacji co &#8222;x1\u201d w ruchu, co x2 [&hellip;]<\/p>\n","protected":false},"featured_media":5873,"template":"","meta":{"inline_featured_image":false,"_monsterinsights_skip_tracking":false,"_monsterinsights_sitenote_active":false,"_monsterinsights_sitenote_note":"","_monsterinsights_sitenote_category":0},"product_brand":[],"product_cat":[32],"product_tag":[],"class_list":{"0":"post-6324","1":"product","2":"type-product","3":"status-publish","4":"has-post-thumbnail","6":"product_cat-produkty","8":"first","9":"instock","10":"shipping-taxable","11":"product-type-simple"},"_links":{"self":[{"href":"https:\/\/omtech.pl\/en\/wp-json\/wp\/v2\/product\/6324","targetHints":{"allow":["GET"]}}],"collection":[{"href":"https:\/\/omtech.pl\/en\/wp-json\/wp\/v2\/product"}],"about":[{"href":"https:\/\/omtech.pl\/en\/wp-json\/wp\/v2\/types\/product"}],"wp:featuredmedia":[{"embeddable":true,"href":"https:\/\/omtech.pl\/en\/wp-json\/wp\/v2\/media\/5873"}],"wp:attachment":[{"href":"https:\/\/omtech.pl\/en\/wp-json\/wp\/v2\/media?parent=6324"}],"wp:term":[{"taxonomy":"product_brand","embeddable":true,"href":"https:\/\/omtech.pl\/en\/wp-json\/wp\/v2\/product_brand?post=6324"},{"taxonomy":"product_cat","embeddable":true,"href":"https:\/\/omtech.pl\/en\/wp-json\/wp\/v2\/product_cat?post=6324"},{"taxonomy":"product_tag","embeddable":true,"href":"https:\/\/omtech.pl\/en\/wp-json\/wp\/v2\/product_tag?post=6324"}],"curies":[{"name":"wp","href":"https:\/\/api.w.org\/{rel}","templated":true}]}}