{"id":8683,"date":"2026-03-25T09:09:05","date_gmt":"2026-03-25T08:09:05","guid":{"rendered":"https:\/\/omtech.pl\/?page_id=8683"},"modified":"2026-03-25T10:11:17","modified_gmt":"2026-03-25T09:11:17","slug":"polityka-prywatnosci","status":"publish","type":"page","link":"https:\/\/omtech.pl\/en\/polityka-prywatnosci\/","title":{"rendered":"Polityka prywatnosci"},"content":{"rendered":"<div data-elementor-type=\"wp-page\" data-elementor-id=\"8683\" class=\"elementor elementor-8683\">\n\t\t\t\t<div class=\"elementor-element elementor-element-dfaabe4 e-flex e-con-boxed e-con e-parent\" data-id=\"dfaabe4\" data-element_type=\"container\" data-e-type=\"container\">\n\t\t\t\t\t<div class=\"e-con-inner\">\n\t\t\t\t<div class=\"elementor-element elementor-element-e0ba2e8 elementor-widget elementor-widget-text-editor\" data-id=\"e0ba2e8\" data-element_type=\"widget\" data-e-type=\"widget\" data-widget_type=\"text-editor.default\">\n\t\t\t\t<div class=\"elementor-widget-container\">\n\t\t\t\t\t\t\t\t\t<div class=\"polityka__box\">\n<h1>POLITYKA PRYWATNO\u015aCI<\/h1>\n<h4>serwisu internetowego omtech.pl<\/h4>\n<h4>oraz aplikacji mobilnej Omtech SMF V2<\/h4>\n<h5>Obowi\u0105zuje od: 24 marca 2026 r.<\/h5>\n<\/div>\t\t\t\t\t\t\t\t<\/div>\n\t\t\t\t<\/div>\n\t\t\t\t\t<\/div>\n\t\t\t\t<\/div>\n\t\t<div class=\"elementor-element elementor-element-1642375 e-flex e-con-boxed e-con e-parent\" data-id=\"1642375\" data-element_type=\"container\" data-e-type=\"container\">\n\t\t\t\t\t<div class=\"e-con-inner\">\n\t\t\t\t<div class=\"elementor-element elementor-element-91fb421 elementor-widget elementor-widget-text-editor\" data-id=\"91fb421\" data-element_type=\"widget\" data-e-type=\"widget\" data-widget_type=\"text-editor.default\">\n\t\t\t\t<div class=\"elementor-widget-container\">\n\t\t\t\t\t\t\t\t\t<div class=\"polityka__boxs\">\n<h2>\u00a7 1. Informacje og\u00f3lne<\/h2>\n<ol>\n<li>Niniejsza Polityka Prywatno\u015bci okre\u015bla zasady przetwarzania i ochrony danych osobowych os\u00f3b korzystaj\u0105cych z serwisu internetowego dost\u0119pnego pod adresem https:\/\/omtech.pl\/ (dalej: \u201eSerwis\u201d) oraz aplikacji mobilnej Omtech SMF V2 dost\u0119pnej w sklepie Google Play (dalej: \u201eAplikacja\u201d).<\/li>\n<li>Administratorem danych osobowych jest Omtech Sp. z o.o. z siedzib\u0105 w Warszawie, ul. Modularna 11, 02-238 Warszawa, wpisana do Rejestru Przedsi\u0119biorc\u00f3w Krajowego Rejestru S\u0105dowego pod numerem KRS: 0000128179, NIP: 118-16-57-766 (dalej: \u201eAdministrator\u201d).<\/li>\n<li>Kontakt z Administratorem w sprawach dotycz\u0105cych ochrony danych osobowych jest mo\u017cliwy pod adresem e-mail: kontakt@omtech.pl lub pisemnie na adres siedziby Administratora.<\/li>\n<li>Administrator dok\u0142ada szczeg\u00f3lnej staranno\u015bci w celu ochrony praw i wolno\u015bci os\u00f3b, kt\u00f3rych dane dotycz\u0105, a w szczeg\u00f3lno\u015bci zapewnia, \u017ce dane te s\u0105 przetwarzane zgodnie z prawem, zbierane dla oznaczonych i zgodnych z prawem cel\u00f3w, merytorycznie poprawne i adekwatne w stosunku do cel\u00f3w, w jakich s\u0105 przetwarzane, oraz przechowywane w formie umo\u017cliwiaj\u0105cej identyfikacj\u0119 os\u00f3b, kt\u00f3rych dotycz\u0105, nie d\u0142u\u017cej ni\u017c jest to niezb\u0119dne.<\/li>\n<\/ol>\n<\/div>\t\t\t\t\t\t\t\t<\/div>\n\t\t\t\t<\/div>\n\t\t\t\t\t<\/div>\n\t\t\t\t<\/div>\n\t\t<div class=\"elementor-element elementor-element-83587b0 e-flex e-con-boxed e-con e-parent\" data-id=\"83587b0\" data-element_type=\"container\" data-e-type=\"container\">\n\t\t\t\t\t<div class=\"e-con-inner\">\n\t\t\t\t<div class=\"elementor-element elementor-element-740a4ca elementor-widget elementor-widget-text-editor\" data-id=\"740a4ca\" data-element_type=\"widget\" data-e-type=\"widget\" data-widget_type=\"text-editor.default\">\n\t\t\t\t<div class=\"elementor-widget-container\">\n\t\t\t\t\t\t\t\t\t<div class=\"polityka__boxs\">\n<h2>\u00a7 2. Podstawy prawne przetwarzania danych<\/h2>\nAdministrator przetwarza dane osobowe zgodnie z:\n<ul>\n \t<li>Rozporz\u0105dzeniem Parlamentu Europejskiego i Rady (UE) 2016\/679 z dnia 27 kwietnia 2016 r. w sprawie ochrony os\u00f3b fizycznych w zwi\u0105zku z przetwarzaniem danych osobowych i w sprawie swobodnego przep\u0142ywu takich danych (dalej: \u201eRODO\u201d);<\/li>\n \t<li>Ustaw\u0105 z dnia 10 maja 2018 r. o ochronie danych osobowych;<\/li>\n \t<li>Ustaw\u0105 z dnia 18 lipca 2002 r. o \u015bwiadczeniu us\u0142ug drog\u0105 elektroniczn\u0105;<\/li>\n \t<li>Ustaw\u0105 z dnia 16 lipca 2004 r. \u2013 Prawo telekomunikacyjne.<\/li>\n<\/ul>\n<\/div>\t\t\t\t\t\t\t\t<\/div>\n\t\t\t\t<\/div>\n\t\t\t\t\t<\/div>\n\t\t\t\t<\/div>\n\t\t<div class=\"elementor-element elementor-element-63777b5 e-flex e-con-boxed e-con e-parent\" data-id=\"63777b5\" data-element_type=\"container\" data-e-type=\"container\">\n\t\t\t\t\t<div class=\"e-con-inner\">\n\t\t\t\t<div class=\"elementor-element elementor-element-e1b8558 elementor-widget elementor-widget-text-editor\" data-id=\"e1b8558\" data-element_type=\"widget\" data-e-type=\"widget\" data-widget_type=\"text-editor.default\">\n\t\t\t\t<div class=\"elementor-widget-container\">\n\t\t\t\t\t\t\t\t\t<div class=\"polityka__boxs\"><h2>\u00a7 3. Zakres zbieranych danych<\/h2><h3>3.1. Serwis internetowy (omtech.pl)<\/h3><p>W ramach Serwisu Administrator zbiera dane osobowe w nast\u0119puj\u0105cych sytuacjach:<\/p><p><b>Formularz kontaktowy<\/b> \u2014 w celu obs\u0142ugi zapyta\u0144 handlowych i technicznych. Zakres zbieranych danych:<\/p><ol class=\"abc-list\"><li>imi\u0119 i nazwisko;<\/li><li>nazwa firmy;<\/li><li>adres e-mail;<\/li><li>numer telefonu;<\/li><li>miejscowo\u015b\u0107;<\/li><li>rodzaj wybranej us\u0142ugi;<\/li><li>tre\u015b\u0107 wiadomo\u015bci.<\/li><\/ol><p><b>Dane zbierane automatycznie<\/b> \u2014 podczas korzystania z Serwisu automatycznie zbierane s\u0105 dane takie jak: adres IP, typ przegl\u0105darki, system operacyjny, czas wizyty, odwiedzane podstrony, \u017ar\u00f3d\u0142o wej\u015bcia na stron\u0119 oraz inne dane techniczne niezb\u0119dne do prawid\u0142owego dzia\u0142ania Serwisu.<\/p><h3>3.2. Aplikacja mobilna Omtech SMF V2<\/h3><p>Aplikacja mobilna SMF V2 jest narz\u0119dziem przeznaczonym dla klient\u00f3w biznesowych (model B2B). Konta u\u017cytkownik\u00f3w Aplikacji s\u0105 tworzone wy\u0142\u0105cznie przez uprawnionych administrator\u00f3w floty po stronie klienta \u2014 u\u017cytkownik ko\u0144cowy nie dokonuje samodzielnej rejestracji ani nie podaje danych osobowych bezpo\u015brednio w Aplikacji.<\/p><p>W ramach korzystania z Aplikacji mog\u0105 by\u0107 przetwarzane nast\u0119puj\u0105ce dane:<\/p><ul><li>dane uwierzytelniaj\u0105ce (login i has\u0142o przydzielone przez administratora floty);<\/li><li>dane dotycz\u0105ce pojazd\u00f3w (pozycja GPS pojazdu, stan pojazdu, historia tras);<\/li><li>identyfikatory techniczne urz\u0105dzenia mobilnego (np. identyfikator instalacji, wersja systemu operacyjnego);<\/li><li>dane dotycz\u0105ce korzystania z Aplikacji (logi dost\u0119pu, czas aktywno\u015bci).<\/li><\/ul><p>Aplikacja mo\u017ce wymaga\u0107 dost\u0119pu do nast\u0119puj\u0105cych uprawnie\u0144 systemowych urz\u0105dzenia mobilnego:<\/p><ul><li>dost\u0119p do Internetu \u2014 w celu komunikacji z serwerami SMF;<\/li><li>powiadomienia push \u2014 w celu informowania o zdarzeniach dotycz\u0105cych pojazd\u00f3w (je\u015bli funkcja jest w\u0142\u0105czona).<\/li><\/ul><\/div>\t\t\t\t\t\t\t\t<\/div>\n\t\t\t\t<\/div>\n\t\t\t\t\t<\/div>\n\t\t\t\t<\/div>\n\t\t<div class=\"elementor-element elementor-element-eb99220 e-flex e-con-boxed e-con e-parent\" data-id=\"eb99220\" data-element_type=\"container\" data-e-type=\"container\">\n\t\t\t\t\t<div class=\"e-con-inner\">\n\t\t\t\t<div class=\"elementor-element elementor-element-55d72c1 elementor-widget elementor-widget-text-editor\" data-id=\"55d72c1\" data-element_type=\"widget\" data-e-type=\"widget\" data-widget_type=\"text-editor.default\">\n\t\t\t\t<div class=\"elementor-widget-container\">\n\t\t\t\t\t\t\t\t\t<div class=\"polityka__boxs\">\n<h2>\u00a7 4. Cele i podstawy prawne przetwarzania danych<\/h2>\nDane osobowe przetwarzane s\u0105 w nast\u0119puj\u0105cych celach i na nast\u0119puj\u0105cych podstawach prawnych:\n<table>\n<thead>\n<tr>\n<td>Cel przetwarzania<\/td>\n<td>Podstawa prawna<\/td>\n<td>Kryteria ustalania okresu przechowywania<\/td>\n<\/tr>\n<\/thead>\n<tbody>\n<tr>\n<td>Obs\u0142uga zapyta\u0144 z formularza kontaktowego<\/td>\n<td>Art. 6 ust. 1 lit. f) RODO \u2013 prawnie uzasadniony interes Administratora (obs\u0142uga korespondencji)<\/td>\n<td>Przez okres niezb\u0119dny do obs\u0142ugi korespondencji, a nast\u0119pnie przez okres wynikaj\u0105cy z przepis\u00f3w dotycz\u0105cych przedawnienia roszcze\u0144<\/td>\n<\/tr>\n<tr>\n<td>Realizacja umowy o \u015bwiadczenie us\u0142ug (SMF, LokPoint)<\/td>\n<td>Art. 6 ust. 1 lit. b) RODO \u2013 niezb\u0119dno\u015b\u0107 do wykonania umowy<\/td>\n<td>Przez czas trwania umowy, a nast\u0119pnie przez okres wynikaj\u0105cy z przepis\u00f3w dotycz\u0105cych przedawnienia roszcze\u0144<\/td>\n<\/tr>\n<tr>\n<td>Zapewnienie prawid\u0142owego dzia\u0142ania Serwisu i Aplikacji<\/td>\n<td>Art. 6 ust. 1 lit. f) RODO \u2013 prawnie uzasadniony interes Administratora<\/td>\n<td>Przez okres niezb\u0119dny do realizacji cel\u00f3w technicznych zwi\u0105zanych z utrzymaniem i bezpiecze\u0144stwem system\u00f3w<\/td>\n<\/tr>\n<tr>\n<td>Zapewnienie prawid\u0142owego dzia\u0142ania Serwisu i Aplikacji<\/td>\n<td>Art. 6 ust. 1 lit. f) RODO \u2013 prawnie uzasadniony interes Administratora<\/td>\n<td>Przez okres niezb\u0119dny do realizacji cel\u00f3w technicznych zwi\u0105zanych z utrzymaniem i bezpiecze\u0144stwem system\u00f3w<\/td>\n<\/tr>\n<tr>\n<td>Analiza statystyczna i poprawa jako\u015bci us\u0142ug<\/td>\n<td>Art. 6 ust. 1 lit. f) RODO \u2013 prawnie uzasadniony interes Administratora<\/td>\n<td>Do czasu wniesienia skutecznego sprzeciwu lub do momentu ustania celu przetwarzania<\/td>\n<\/tr>\n<tr>\n<td>Wype\u0142nienie obowi\u0105zk\u00f3w prawnych (np. podatkowych, rachunkowych)<\/td>\n<td>Art. 6 ust. 1 lit. c) RODO \u2013 obowi\u0105zek prawny<\/td>\n<td>Przez okres wymagany obowi\u0105zuj\u0105cymi przepisami prawa nak\u0142adaj\u0105cymi na Administratora obowi\u0105zek przechowywania danych<\/td>\n<\/tr>\n<tr>\n<td>Ustalenie, dochodzenie lub obrona przed roszczeniami<\/td>\n<td>Art. 6 ust. 1 lit. f) RODO \u2013 prawnie uzasadniony interes Administratora<\/td>\n<td>Przez okres wynikaj\u0105cy z obowi\u0105zuj\u0105cych przepis\u00f3w dotycz\u0105cych termin\u00f3w przedawnienia roszcze\u0144<\/td>\n<\/tr>\n<\/tbody>\n<\/table>\n<\/div>\t\t\t\t\t\t\t\t<\/div>\n\t\t\t\t<\/div>\n\t\t\t\t\t<\/div>\n\t\t\t\t<\/div>\n\t\t<div class=\"elementor-element elementor-element-abad4be e-flex e-con-boxed e-con e-parent\" data-id=\"abad4be\" data-element_type=\"container\" data-e-type=\"container\">\n\t\t\t\t\t<div class=\"e-con-inner\">\n\t\t\t\t<div class=\"elementor-element elementor-element-7da3bd4 elementor-widget elementor-widget-text-editor\" data-id=\"7da3bd4\" data-element_type=\"widget\" data-e-type=\"widget\" data-widget_type=\"text-editor.default\">\n\t\t\t\t<div class=\"elementor-widget-container\">\n\t\t\t\t\t\t\t\t\t<div class=\"polityka__boxs\">\n<h2>\u00a7 5. Odbiorcy danych osobowych<\/h2>\nDane osobowe mog\u0105 by\u0107 przekazywane nast\u0119puj\u0105cym kategoriom odbiorc\u00f3w:\n<ol>\n \t<li>dostawcom us\u0142ug hostingowych i infrastruktury IT;<\/li>\n \t<li>podmiotom \u015bwiadcz\u0105cym us\u0142ugi serwisowe i wsparcia technicznego na rzecz Administratora;<\/li>\n \t<li>dostawcom narz\u0119dzi analitycznych i marketingowych (je\u015bli s\u0105 wykorzystywane w Serwisie);<\/li>\n \t<li>podmiotom uprawnionym do otrzymania danych na podstawie obowi\u0105zuj\u0105cych przepis\u00f3w prawa (np. organy \u015bcigania, s\u0105dy);<\/li>\n \t<li>podmiotom wchodz\u0105cym w sk\u0142ad grupy kapita\u0142owej BCS \u2014 w zakresie niezb\u0119dnym do realizacji wsp\u00f3lnych cel\u00f3w biznesowych;<\/li>\n \t<li>partnerom handlowym (Providerom) \u2014 wy\u0142\u0105cznie w zakresie niezb\u0119dnym do \u015bwiadczenia us\u0142ug monitorowania floty.<\/li>\n<\/ol>\n<p>Administrator nie przekazuje danych osobowych do pa\u0144stw trzecich (poza Europejski Obszar Gospodarczy), chyba \u017ce jest to niezb\u0119dne w zwi\u0105zku z korzystaniem z narz\u0119dzi dostawc\u00f3w maj\u0105cych siedziby poza EOG. W takim przypadku transfer danych odbywa si\u0119 na podstawie odpowiednich zabezpiecze\u0144, o kt\u00f3rych mowa w art. 46 RODO (np. standardowe klauzule umowne zatwierdzone przez Komisj\u0119 Europejsk\u0105).<\/p>\n<\/div>\t\t\t\t\t\t\t\t<\/div>\n\t\t\t\t<\/div>\n\t\t\t\t\t<\/div>\n\t\t\t\t<\/div>\n\t\t<div class=\"elementor-element elementor-element-86b2327 e-flex e-con-boxed e-con e-parent\" data-id=\"86b2327\" data-element_type=\"container\" data-e-type=\"container\">\n\t\t\t\t\t<div class=\"e-con-inner\">\n\t\t\t\t<div class=\"elementor-element elementor-element-3b9d59b elementor-widget elementor-widget-text-editor\" data-id=\"3b9d59b\" data-element_type=\"widget\" data-e-type=\"widget\" data-widget_type=\"text-editor.default\">\n\t\t\t\t<div class=\"elementor-widget-container\">\n\t\t\t\t\t\t\t\t\t<div class=\"polityka__boxs\">\n<h2>\u00a7 6. Prawa os\u00f3b, kt\u00f3rych dane dotycz\u0105<\/h2>\n<p>Ka\u017cda osoba, kt\u00f3rej dane s\u0105 przetwarzane przez Administratora, ma prawo do:<\/p>\n<ol>\n<li>dost\u0119pu do swoich danych osobowych (art. 15 RODO);<\/li>\n<li>sprostowania danych (art. 16 RODO);<\/li>\n<li>usuni\u0119cia danych (\u201eprawo do bycia zapomnianym\u201d, art. 17 RODO);<\/li>\n<li>ograniczenia przetwarzania (art. 18 RODO);<\/li>\n<li>przenoszenia danych (art. 20 RODO);<\/li>\n<li>wniesienia sprzeciwu wobec przetwarzania opartego na prawnie uzasadnionym interesie Administratora (art. 21 RODO);<\/li>\n<li>cofni\u0119cia zgody w dowolnym momencie \u2014 bez wp\u0142ywu na zgodno\u015b\u0107 z prawem przetwarzania dokonanego przed jej cofni\u0119ciem (art. 7 ust. 3 RODO);<\/li>\n<li>wniesienia skargi do organu nadzorczego \u2014 Prezesa Urz\u0119du Ochrony Danych Osobowych (ul. Stawki 2, 00-193 Warszawa, www.uodo.gov.pl).<\/li>\n<\/ol>\n<p>W celu skorzystania z powy\u017cszych praw nale\u017cy skontaktowa\u0107 si\u0119 z Administratorem pod adresem e-mail: kontakt@omtech.pl lub pisemnie na adres siedziby.<\/p>\n<\/div>\t\t\t\t\t\t\t\t<\/div>\n\t\t\t\t<\/div>\n\t\t\t\t\t<\/div>\n\t\t\t\t<\/div>\n\t\t<div class=\"elementor-element elementor-element-bf9cf22 e-flex e-con-boxed e-con e-parent\" data-id=\"bf9cf22\" data-element_type=\"container\" data-e-type=\"container\">\n\t\t\t\t\t<div class=\"e-con-inner\">\n\t\t\t\t<div class=\"elementor-element elementor-element-2264079 elementor-widget elementor-widget-text-editor\" data-id=\"2264079\" data-element_type=\"widget\" data-e-type=\"widget\" data-widget_type=\"text-editor.default\">\n\t\t\t\t<div class=\"elementor-widget-container\">\n\t\t\t\t\t\t\t\t\t<div class=\"polityka__boxs\">\n<h2>\u00a7 7. Pliki cookies i technologie \u015bledz\u0105ce<\/h2>\n<h3>7.1. Czym s\u0105 pliki cookies<\/h3>\n<p>Pliki cookies (ciasteczka) to niewielkie pliki tekstowe zapisywane na urz\u0105dzeniu ko\u0144cowym U\u017cytkownika podczas korzystania z Serwisu. S\u0142u\u017c\u0105 one do zapewnienia prawid\u0142owego dzia\u0142ania Serwisu, personalizacji tre\u015bci oraz cel\u00f3w statystycznych.<\/p>\n<h3>7.2. Rodzaje wykorzystywanych plik\u00f3w cookies<\/h3>\n<table>\n<thead>\n<tr>\n<td>Rodzaj<\/td>\n<td>Cel<\/td>\n<td>Czas przechowywania<\/td>\n<\/tr>\n<\/thead>\n<tbody>\n<tr>\n<td>Niezb\u0119dne (techniczne)<\/td>\n<td>Zapewnienie prawid\u0142owego dzia\u0142ania Serwisu, zapami\u0119tanie ustawie\u0144 sesji<\/td>\n<td>Na czas sesji lub przez okres niezb\u0119dny do realizacji celu technicznego<\/td>\n<\/tr>\n<tr>\n<td>Analityczne \/ statystyczne<\/td>\n<td>Zbieranie anonimowych informacji o sposobie korzystania z Serwisu<\/td>\n<td>Przez okres niezb\u0119dny do realizacji celu analitycznego, zgodnie z ustawieniami stosowanego narz\u0119dzia<\/td>\n<\/tr>\n<tr>\n<td>Funkcjonalne<\/td>\n<td>Zapami\u0119tanie preferencji U\u017cytkownika (np. wyb\u00f3r j\u0119zyka)<\/td>\n<td>Przez okres niezb\u0119dny do zapami\u0119tania preferencji U\u017cytkownika<\/td>\n<\/tr>\n<\/tbody>\n<\/table>\n<h3>7.3. Zarz\u0105dzanie plikami cookies<\/h3>\n<p>U\u017cytkownik mo\u017ce w ka\u017cdym czasie zmieni\u0107 ustawienia dotycz\u0105ce plik\u00f3w cookies w swojej przegl\u0105darce internetowej, w tym zablokowa\u0107 ich zapisywanie lub ka\u017cdorazowo otrzymywa\u0107 informacj\u0119 o ich umieszczeniu. Szczeg\u00f3\u0142owe informacje o sposobie obs\u0142ugi plik\u00f3w cookies dost\u0119pne s\u0105 w ustawieniach przegl\u0105darki.<\/p>\n<p>Ograniczenie stosowania plik\u00f3w cookies mo\u017ce wp\u0142yn\u0105\u0107 na niekt\u00f3re funkcjonalno\u015bci dost\u0119pne w Serwisie.<\/p>\n<\/div>\t\t\t\t\t\t\t\t<\/div>\n\t\t\t\t<\/div>\n\t\t\t\t\t<\/div>\n\t\t\t\t<\/div>\n\t\t<div class=\"elementor-element elementor-element-ff84d20 e-flex e-con-boxed e-con e-parent\" data-id=\"ff84d20\" data-element_type=\"container\" data-e-type=\"container\">\n\t\t\t\t\t<div class=\"e-con-inner\">\n\t\t\t\t<div class=\"elementor-element elementor-element-2ea079e elementor-widget elementor-widget-text-editor\" data-id=\"2ea079e\" data-element_type=\"widget\" data-e-type=\"widget\" data-widget_type=\"text-editor.default\">\n\t\t\t\t<div class=\"elementor-widget-container\">\n\t\t\t\t\t\t\t\t\t<div class=\"polityka__boxs\">\n<h2>\u00a7 8. Bezpiecze\u0144stwo danych<\/h2>\nAdministrator stosuje odpowiednie \u015brodki techniczne i organizacyjne zapewniaj\u0105ce ochron\u0119 przetwarzanych danych osobowych, w szczeg\u00f3lno\u015bci zabezpieczaj\u0105ce dane przed:\n<ul>\n \t<li>udost\u0119pnieniem osobom nieupowa\u017cnionym;<\/li>\n \t<li>przetwarzaniem z naruszeniem obowi\u0105zuj\u0105cych przepis\u00f3w;<\/li>\n \t<li>zmian\u0105, utrat\u0105, uszkodzeniem lub zniszczeniem.<\/li>\n<\/ul>\nW szczeg\u00f3lno\u015bci Administrator stosuje nast\u0119puj\u0105ce zabezpieczenia:\n<ol>\n \t<li>szyfrowanie po\u0142\u0105czenia z Serwisem i Aplikacj\u0105 za pomoc\u0105 protoko\u0142u SSL\/TLS;<\/li>\n \t<li>kontrol\u0119 dost\u0119pu do system\u00f3w informatycznych;<\/li>\n \t<li>regularne tworzenie kopii zapasowych;<\/li>\n \t<li>monitorowanie infrastruktury IT pod k\u0105tem zagro\u017ce\u0144;<\/li>\n \t<li>szkolenie personelu w zakresie ochrony danych osobowych.<\/li>\n<\/ol>\n<\/div>\t\t\t\t\t\t\t\t<\/div>\n\t\t\t\t<\/div>\n\t\t\t\t\t<\/div>\n\t\t\t\t<\/div>\n\t\t<div class=\"elementor-element elementor-element-e9c7c0f e-flex e-con-boxed e-con e-parent\" data-id=\"e9c7c0f\" data-element_type=\"container\" data-e-type=\"container\">\n\t\t\t\t\t<div class=\"e-con-inner\">\n\t\t\t\t<div class=\"elementor-element elementor-element-b54f119 elementor-widget elementor-widget-text-editor\" data-id=\"b54f119\" data-element_type=\"widget\" data-e-type=\"widget\" data-widget_type=\"text-editor.default\">\n\t\t\t\t<div class=\"elementor-widget-container\">\n\t\t\t\t\t\t\t\t\t<div class=\"polityka__boxs\">\n<h2>\u00a7 9. Przetwarzanie danych w ramach us\u0142ug B2B<\/h2>\n<p>W przypadku \u015bwiadczenia us\u0142ug monitorowania floty (System Monitorowania Flot \u2014 SMF) na rzecz klient\u00f3w biznesowych, Administrator mo\u017ce pe\u0142ni\u0107 rol\u0119 podmiotu przetwarzaj\u0105cego (procesora) w rozumieniu art. 28 RODO \u2014 w odniesieniu do danych osobowych pracownik\u00f3w i kierowc\u00f3w klienta.<\/p>\n<p>W takim przypadku zasady przetwarzania danych reguluje odr\u0119bna umowa powierzenia przetwarzania danych osobowych zawarta mi\u0119dzy Administratorem a klientem biznesowym.<\/p>\n<p>Konta u\u017cytkownik\u00f3w Aplikacji SMF V2 s\u0105 tworzone i zarz\u0105dzane wy\u0142\u0105cznie przez upowa\u017cnionych administrator\u00f3w po stronie klienta biznesowego. Omtech Sp. z o.o. nie gromadzi danych osobowych u\u017cytkownik\u00f3w ko\u0144cowych Aplikacji poza danymi niezb\u0119dnymi do \u015bwiadczenia us\u0142ugi.<\/p>\n<\/div>\t\t\t\t\t\t\t\t<\/div>\n\t\t\t\t<\/div>\n\t\t\t\t\t<\/div>\n\t\t\t\t<\/div>\n\t\t<div class=\"elementor-element elementor-element-53c4239 e-flex e-con-boxed e-con e-parent\" data-id=\"53c4239\" data-element_type=\"container\" data-e-type=\"container\">\n\t\t\t\t\t<div class=\"e-con-inner\">\n\t\t\t\t<div class=\"elementor-element elementor-element-9f6daad elementor-widget elementor-widget-text-editor\" data-id=\"9f6daad\" data-element_type=\"widget\" data-e-type=\"widget\" data-widget_type=\"text-editor.default\">\n\t\t\t\t<div class=\"elementor-widget-container\">\n\t\t\t\t\t\t\t\t\t<div class=\"polityka__boxs\">\n<h2>\u00a7 10. Linki do serwis\u00f3w zewn\u0119trznych<\/h2>\n<p>Serwis i Aplikacja mog\u0105 zawiera\u0107 odno\u015bniki do stron internetowych podmiot\u00f3w trzecich (np. Facebook, LinkedIn, Google Maps, Google Play). Administrator nie ponosi odpowiedzialno\u015bci za zasady ochrony prywatno\u015bci obowi\u0105zuj\u0105ce na tych stronach. Zalecamy zapoznanie si\u0119 z politykami prywatno\u015bci tych serwis\u00f3w.<\/p>\n<\/div>\t\t\t\t\t\t\t\t<\/div>\n\t\t\t\t<\/div>\n\t\t\t\t\t<\/div>\n\t\t\t\t<\/div>\n\t\t<div class=\"elementor-element elementor-element-eb3f661 e-flex e-con-boxed e-con e-parent\" data-id=\"eb3f661\" data-element_type=\"container\" data-e-type=\"container\">\n\t\t\t\t\t<div class=\"e-con-inner\">\n\t\t\t\t<div class=\"elementor-element elementor-element-d040041 elementor-widget elementor-widget-text-editor\" data-id=\"d040041\" data-element_type=\"widget\" data-e-type=\"widget\" data-widget_type=\"text-editor.default\">\n\t\t\t\t<div class=\"elementor-widget-container\">\n\t\t\t\t\t\t\t\t\t<div class=\"polityka__boxs\">\n<h2>\u00a7 11. Zautomatyzowane podejmowanie decyzji i profilowanie<\/h2>\n<p>Administrator nie podejmuje decyzji opartych wy\u0142\u0105cznie na zautomatyzowanym przetwarzaniu, w tym profilowaniu, kt\u00f3re wywo\u0142ywa\u0142yby wobec U\u017cytkownika skutki prawne lub w podobny spos\u00f3b istotnie na niego wp\u0142ywa\u0142y.<\/p>\n<\/div>\t\t\t\t\t\t\t\t<\/div>\n\t\t\t\t<\/div>\n\t\t\t\t\t<\/div>\n\t\t\t\t<\/div>\n\t\t<div class=\"elementor-element elementor-element-4e90126 e-flex e-con-boxed e-con e-parent\" data-id=\"4e90126\" data-element_type=\"container\" data-e-type=\"container\">\n\t\t\t\t\t<div class=\"e-con-inner\">\n\t\t\t\t<div class=\"elementor-element elementor-element-aea32fd elementor-widget elementor-widget-text-editor\" data-id=\"aea32fd\" data-element_type=\"widget\" data-e-type=\"widget\" data-widget_type=\"text-editor.default\">\n\t\t\t\t<div class=\"elementor-widget-container\">\n\t\t\t\t\t\t\t\t\t<div class=\"polityka__boxs\">\n<h2>\u00a7 12. Zmiany Polityki Prywatno\u015bci<\/h2>\n<ol>\n \t<li>Administrator zastrzega sobie prawo do wprowadzania zmian w niniejszej Polityce Prywatno\u015bci, w szczeg\u00f3lno\u015bci w przypadku zmian przepis\u00f3w prawa, zmian technologicznych lub zmian w praktykach przetwarzania danych.<\/li>\n \t<li>Ka\u017cda zmiana Polityki Prywatno\u015bci zostanie opublikowana w Serwisie z podaniem daty jej wej\u015bcia w \u017cycie.<\/li>\n \t<li>Korzystanie z Serwisu lub Aplikacji po opublikowaniu zmian oznacza ich akceptacj\u0119.<\/li>\n<\/ol>\n<\/div>\t\t\t\t\t\t\t\t<\/div>\n\t\t\t\t<\/div>\n\t\t\t\t\t<\/div>\n\t\t\t\t<\/div>\n\t\t<div class=\"elementor-element elementor-element-eee11ce e-flex e-con-boxed e-con e-parent\" data-id=\"eee11ce\" data-element_type=\"container\" data-e-type=\"container\">\n\t\t\t\t\t<div class=\"e-con-inner\">\n\t\t\t\t<div class=\"elementor-element elementor-element-cc95b2c elementor-widget elementor-widget-text-editor\" data-id=\"cc95b2c\" data-element_type=\"widget\" data-e-type=\"widget\" data-widget_type=\"text-editor.default\">\n\t\t\t\t<div class=\"elementor-widget-container\">\n\t\t\t\t\t\t\t\t\t<div class=\"polityka__boxs\"><h2>\u00a7 13. Dane kontaktowe<\/h2><p>W sprawach zwi\u0105zanych z ochron\u0105 danych osobowych prosimy o kontakt:<\/p><p><strong>Omtech Sp. z o.o.<\/strong><br \/>ul. Modularna 11, 02-238 Warszawa\u00a0<br \/>E-mail: <a href=\"mailto:kontakt@omtech.pl\">kontakt@omtech.pl<\/a><br \/>Telefon: <a href=\"tel:+4822864 6854\">+48 22 864 68 54<\/a><br \/>Strona internetowa: <a href=\"https:\/\/omtech.pl\/en\/\">https:\/\/omtech.pl<\/a><\/p><p>Dzi\u0119kujemy za zapoznanie si\u0119 z nasz\u0105 Polityk\u0105 Prywatno\u015bci.<\/p><\/div>\t\t\t\t\t\t\t\t<\/div>\n\t\t\t\t<\/div>\n\t\t\t\t\t<\/div>\n\t\t\t\t<\/div>\n\t\t\t\t<\/div>","protected":false},"excerpt":{"rendered":"<p>POLITYKA PRYWATNO\u015aCI serwisu internetowego omtech.pl oraz aplikacji mobilnej Omtech SMF V2 Obowi\u0105zuje od: 24 marca 2026 r. \u00a7 1. Informacje og\u00f3lne Niniejsza Polityka Prywatno\u015bci okre\u015bla zasady przetwarzania i ochrony danych osobowych os\u00f3b korzystaj\u0105cych z serwisu internetowego dost\u0119pnego pod adresem https:\/\/omtech.pl\/ (dalej: \u201eSerwis\u201d) oraz aplikacji mobilnej Omtech SMF V2 dost\u0119pnej w sklepie Google Play (dalej: \u201eAplikacja\u201d). [&hellip;]<\/p>\n","protected":false},"author":15,"featured_media":0,"parent":0,"menu_order":0,"comment_status":"closed","ping_status":"closed","template":"","meta":{"inline_featured_image":false,"_monsterinsights_skip_tracking":false,"_monsterinsights_sitenote_active":false,"_monsterinsights_sitenote_note":"","_monsterinsights_sitenote_category":0,"footnotes":""},"class_list":["post-8683","page","type-page","status-publish","hentry"],"_links":{"self":[{"href":"https:\/\/omtech.pl\/en\/wp-json\/wp\/v2\/pages\/8683","targetHints":{"allow":["GET"]}}],"collection":[{"href":"https:\/\/omtech.pl\/en\/wp-json\/wp\/v2\/pages"}],"about":[{"href":"https:\/\/omtech.pl\/en\/wp-json\/wp\/v2\/types\/page"}],"author":[{"embeddable":true,"href":"https:\/\/omtech.pl\/en\/wp-json\/wp\/v2\/users\/15"}],"replies":[{"embeddable":true,"href":"https:\/\/omtech.pl\/en\/wp-json\/wp\/v2\/comments?post=8683"}],"version-history":[{"count":37,"href":"https:\/\/omtech.pl\/en\/wp-json\/wp\/v2\/pages\/8683\/revisions"}],"predecessor-version":[{"id":8720,"href":"https:\/\/omtech.pl\/en\/wp-json\/wp\/v2\/pages\/8683\/revisions\/8720"}],"wp:attachment":[{"href":"https:\/\/omtech.pl\/en\/wp-json\/wp\/v2\/media?parent=8683"}],"curies":[{"name":"wp","href":"https:\/\/api.w.org\/{rel}","templated":true}]}}