{"id":761,"date":"2017-11-28T13:55:55","date_gmt":"2017-11-28T12:55:55","guid":{"rendered":"http:\/\/nowastrona.pulson.pl\/?post_type=omtech&#038;p=761"},"modified":"2021-06-28T10:17:50","modified_gmt":"2021-06-28T08:17:50","slug":"programista-js","status":"publish","type":"page","link":"https:\/\/omtech.pl\/en\/programista-js\/","title":{"rendered":"Programista JS"},"content":{"rendered":"<p>[et_pb_section bb_built=&#8221;1&#8243; admin_label=&#8221;section&#8221;][et_pb_row admin_label=&#8221;row&#8221; background_position=&#8221;top_left&#8221; background_repeat=&#8221;repeat&#8221; background_size=&#8221;initial&#8221;][et_pb_column type=&#8221;1_4&#8243;][\/et_pb_column][et_pb_column type=&#8221;1_2&#8243;][et_pb_post_title title=&#8221;on&#8221; meta=&#8221;off&#8221; author=&#8221;on&#8221; date=&#8221;on&#8221; categories=&#8221;on&#8221; comments=&#8221;on&#8221; featured_image=&#8221;off&#8221; featured_placement=&#8221;below&#8221; parallax_effect=&#8221;on&#8221; parallax_method=&#8221;on&#8221; text_orientation=&#8221;left&#8221; text_color=&#8221;dark&#8221; text_background=&#8221;off&#8221; text_bg_color=&#8221;rgba(255,255,255,0.9)&#8221; module_bg_color=&#8221;rgba(255,255,255,0)&#8221; title_all_caps=&#8221;off&#8221; use_border_color=&#8221;off&#8221; border_color=&#8221;#ffffff&#8221; border_style=&#8221;solid&#8221;]<\/p>\n<p>[\/et_pb_post_title][et_pb_text background_layout=&#8221;light&#8221; use_border_color=&#8221;off&#8221; border_color=&#8221;#ffffff&#8221; border_style=&#8221;solid&#8221; custom_css_main_element=&#8221;li {||line-height: 1;||}&#8221; _builder_version=&#8221;3.0.106&#8243; text_line_height=&#8221;1.3em&#8221;]<\/p>\n<p style=\"text-align: left;\" align=\"justify\"><span class=\"inline-comment-marker\" data-ref=\"ddbe51ec-beaa-40f6-b92f-8d31f15cc00c\">Omtech jest dostawc\u0105 nowoczesnych rozwi\u0105za\u0144 sprz\u0119towych oraz system\u00f3w informatycznych dla rynku zabezpiecze\u0144 elektronicznych. Specjalizujemy si\u0119 w systemach skupionych wok\u00f3\u0142 monitoringu pojazdu z wykorzystaniem GPS oraz zabezpiecze\u0144 obiekt\u00f3w sta\u0142ych. Realizujemy w\u0142asne projekty i nie jeste\u015bmy outsourcingiem.<\/span><\/p>\n<h2 style=\"text-align: left;\" align=\"center\">Programista JS<\/h2>\n<p style=\"text-align: left;\" align=\"justify\">Osoba na tym stanowisku b\u0119dzie mie\u0107 mo\u017cliwo\u015b\u0107 realizacji projektu kt\u00f3rego produktem jest <strong><a class=\"external-link\" href=\"https:\/\/smfonline.pl\/\" rel=\"nofollow\">System Monitorowania Floty<\/a><\/strong>, dostarczaj\u0105cego dla du\u017cej grupy naszych klient\u00f3w ko\u0144cowych szczeg\u00f3\u0142owych danych o pojazdach m.in. bie\u017c\u0105cych i historycznych lokalizacje, stany, statystyki ECO-driving itp&#8230; <\/p>\n<p style=\"text-align: left;\" align=\"justify\">Oferujemy prac\u0119 w zespole fachowc\u00f3w rozwijaj\u0105cych produkt zwi\u0105zanym z monitoringiem pojazd\u00f3w.<\/p>\n<h3 align=\"justify\">Do obowi\u0105zk\u00f3w nale\u017ce\u0107 b\u0119dzie:<\/h3>\n<ul>\n<li>programowanie aplikacji do monitorowania i zarz\u0105dzania flot\u0105 przy u\u017cyciu JavaScript, HTML5 i CSS3<\/li>\n<li>tworzenie test\u00f3w jednostkowych, integracyjnych oraz funkcjonalnych dla element\u00f3w system\u00f3w<\/li>\n<li>Komunikacja z API i tworzenie nowych modu\u0142\u00f3w w aplikacji webowej<\/li>\n<li>Code review<\/li>\n<\/ul>\n<p>&nbsp;<\/p>\n<h3 align=\"justify\"> Nasze wymagania<\/h3>\n<ul>\n<li>2 lata do\u015bwiadczenia na stanowisku Programista JavaScript<\/li>\n<li>znajomo\u015b\u0107 i praktyczne umiej\u0119tno\u015bci w pracy z node.js<\/li>\n<li>znajomo\u015b\u0107 i do\u015bwiadczenie w pracy z przynajmniej jednym frameworkiem JS (backbone \/ svelte \/ react \/ angular)<\/li>\n<li>wysoka kultura prowadzenia kodu<\/li>\n<\/ul>\n<p>&nbsp;<\/p>\n<h3 align=\"justify\">Atutem b\u0119d\u0105:<\/h3>\n<ul>\n<li>znajomo\u015b\u0107 SQL<\/li>\n<li>znajomo\u015b\u0107 webpack<\/li>\n<li>poczucie humoru<\/li>\n<\/ul>\n<p>&nbsp;<\/p>\n<h3 align=\"justify\">Zapewniamy<\/h3>\n<ul>\n<li>umow\u0119 o prac\u0119 lub inn\u0105 wygodn\u0105 dla kandydata form\u0119 wsp\u00f3\u0142pracy<\/li>\n<li>elastyczne godziny pracy (core hours 9:00 &#8211; 15:00)  <\/li>\n<li>w czasie pandemii zapewniamy mo\u017cliwo\u015b\u0107 pracy zdalnej (okazjonalna wizyta w biurze w Siedlcach)<\/li>\n<li>po zako\u0144czeniu pandemii wymiar pracy zdalnej do ustalenia<\/li>\n<li>jeden dzie\u0144 w iteracji na prowadzenie prac rozwojowych<\/li>\n<li>dba\u0142o\u015b\u0107 o jako\u015b\u0107 pisanego kodu<\/li>\n<li>prac\u0119 z wykorzystaniem ciekawych technologiami (m.in. Docker, Spring-boot, Go&#8230;)<\/li>\n<li>dobr\u0105 organizacja pracy (SCRUM, system ticketowy JIRA, GIT)<\/li>\n<li>automatyzacje proces\u00f3w developerskich w oparciu o GitlabCI<\/li>\n<li>pakiet opieki medycznej<\/li>\n<\/ul>\n<p>&nbsp;<\/p>\n<p align=\"justify\">Je\u017celi jeste\u015b zainteresowany\/a wy\u015blij maila na adres <u><strong><a class=\"external-link\" href=\"mailto:praca@omtech.pl\" rel=\"nofollow\">praca@omtech.pl<\/a><\/strong><\/u>  lub kliknij poni\u017cej przycisk \u201eAplikuj\u201d i za\u0142\u0105cz swoje CV.<\/p>\n<p class=\"western\"><span style=\"color: #003300;\">\/\/ Firma zastrzega sobie prawo do odpowiedzi tylko na wybrane oferty.<\/span><\/p>\n<p>[\/et_pb_text][et_pb_text admin_label=&#8221;Rodo&#8221; _builder_version=&#8221;3.0.106&#8243; background_layout=&#8221;light&#8221;]<\/p>\n<p><span style=\"font-size: 9pt; padding-bottom: 0;\">Firma Omtech Sp. z o. o., ul. Przy Agorze 13C lok 1, 01-960 Warszawa informuje, \u017ce mo\u017cliwe jest przetwarzanie danych osobowych zawartych w CV os\u00f3b ubiegaj\u0105cych si\u0119 o zatrudnienie, niewybranych w ramach procesu rekrutacyjnego, do kt\u00f3rego pierwotnie si\u0119 zg\u0142osili, za zgod\u0105 takich os\u00f3b. Zgoda osoby, kt\u00f3rej dane dotycz\u0105, musi by\u0107 z\u0142o\u017cona dobrowolnie, konkretnie oraz \u015bwiadomie. Forma z\u0142o\u017cenia zgody musi jednoznacznie to wskazywa\u0107, z tego wzgl\u0119du dla cel\u00f3w dowodowych preferowana jest zgoda wyra\u017cona w postaci pisemnej lub elektronicznej.<\/span><\/p>\n<hr>\n<p><span style=\"font-size: 11pt;\"><strong>Wz\u00f3r zgody do umieszczenia na CV lub w celu przes\u0142ania e mailem:<\/p>\n<p> <\/strong><\/span><span style=\"font-size: 8pt;\">Wyra\u017cam \u015bwiadom\u0105 i dobrowoln\u0105 zgod\u0119 na wprowadzenie moich danych osobowych zawartych w CV z dnia\u2026\u2026\u2026\u2026.. do bazy danych kandydat\u00f3w do pracy prowadzonej przez Firm\u0119 Omtech Sp. z o. o., z siedzib\u0105 w Warszawie, ul. Przy Agorze 13C lok 1, w celu wykorzystania ich na potrzeby przysz\u0142ych rekrutacji przez okres 6 miesi\u0119cy. Mam \u015bwiadomo\u015b\u0107, \u017ce niniejsz\u0105 zgod\u0119 mog\u0119 wycofa\u0107 w dowolnym momencie. W takim przypadku moje dane zostan\u0105 usuni\u0119te z bazy danych Firmy Omtech Sp. z o. o., z siedzib\u0105 w Warszawie, ul. Przy Agorze 13C lok. 1 i nie b\u0119d\u0105 d\u0142u\u017cej przetwarzane.<\/span><\/p>\n<hr>\n<p>&nbsp;<\/p>\n<p>[\/et_pb_text][et_pb_button admin_label=&#8221;Aplikuj teraz!&#8221; button_url=&#8221;mailto:praca@omtech.pl?subject=Aplikacja na stanowisko: Programista JavaScript%22&#8243; url_new_window=&#8221;off&#8221; button_text=&#8221;Aplikuj teraz!&#8221; button_alignment=&#8221;center&#8221; background_layout=&#8221;light&#8221; custom_button=&#8221;off&#8221; button_letter_spacing=&#8221;0&#8243; button_use_icon=&#8221;default&#8221; button_icon_placement=&#8221;right&#8221; button_on_hover=&#8221;on&#8221; button_letter_spacing_hover=&#8221;0&#8243; _builder_version=&#8221;3.0.106&#8243; \/][\/et_pb_column][et_pb_column type=&#8221;1_4&#8243;][\/et_pb_column][\/et_pb_row][\/et_pb_section]<\/p>\n","protected":false},"excerpt":{"rendered":"<p>[et_pb_section bb_built=&#8221;1&#8243; admin_label=&#8221;section&#8221;][et_pb_row admin_label=&#8221;row&#8221; background_position=&#8221;top_left&#8221; background_repeat=&#8221;repeat&#8221; background_size=&#8221;initial&#8221;][et_pb_column type=&#8221;1_4&#8243;][\/et_pb_column][et_pb_column type=&#8221;1_2&#8243;][et_pb_post_title title=&#8221;on&#8221; meta=&#8221;off&#8221; author=&#8221;on&#8221; date=&#8221;on&#8221; categories=&#8221;on&#8221; comments=&#8221;on&#8221; featured_image=&#8221;off&#8221; featured_placement=&#8221;below&#8221; parallax_effect=&#8221;on&#8221; parallax_method=&#8221;on&#8221; text_orientation=&#8221;left&#8221; text_color=&#8221;dark&#8221; text_background=&#8221;off&#8221; text_bg_color=&#8221;rgba(255,255,255,0.9)&#8221; module_bg_color=&#8221;rgba(255,255,255,0)&#8221; title_all_caps=&#8221;off&#8221; use_border_color=&#8221;off&#8221; border_color=&#8221;#ffffff&#8221; border_style=&#8221;solid&#8221;] [\/et_pb_post_title][et_pb_text background_layout=&#8221;light&#8221; use_border_color=&#8221;off&#8221; border_color=&#8221;#ffffff&#8221; border_style=&#8221;solid&#8221; custom_css_main_element=&#8221;li {||line-height: 1;||}&#8221; _builder_version=&#8221;3.0.106&#8243; text_line_height=&#8221;1.3em&#8221;] Omtech jest dostawc\u0105 nowoczesnych rozwi\u0105za\u0144 sprz\u0119towych oraz system\u00f3w informatycznych dla rynku zabezpiecze\u0144 elektronicznych. Specjalizujemy si\u0119 w systemach [&hellip;]<\/p>\n","protected":false},"author":15,"featured_media":0,"parent":0,"menu_order":0,"comment_status":"closed","ping_status":"closed","template":"","meta":{"inline_featured_image":false,"_monsterinsights_skip_tracking":false,"_monsterinsights_sitenote_active":false,"_monsterinsights_sitenote_note":"","_monsterinsights_sitenote_category":0,"footnotes":""},"class_list":["post-761","page","type-page","status-publish","hentry"],"_links":{"self":[{"href":"https:\/\/omtech.pl\/en\/wp-json\/wp\/v2\/pages\/761","targetHints":{"allow":["GET"]}}],"collection":[{"href":"https:\/\/omtech.pl\/en\/wp-json\/wp\/v2\/pages"}],"about":[{"href":"https:\/\/omtech.pl\/en\/wp-json\/wp\/v2\/types\/page"}],"author":[{"embeddable":true,"href":"https:\/\/omtech.pl\/en\/wp-json\/wp\/v2\/users\/15"}],"replies":[{"embeddable":true,"href":"https:\/\/omtech.pl\/en\/wp-json\/wp\/v2\/comments?post=761"}],"version-history":[{"count":0,"href":"https:\/\/omtech.pl\/en\/wp-json\/wp\/v2\/pages\/761\/revisions"}],"wp:attachment":[{"href":"https:\/\/omtech.pl\/en\/wp-json\/wp\/v2\/media?parent=761"}],"curies":[{"name":"wp","href":"https:\/\/api.w.org\/{rel}","templated":true}]}}