{"id":6907,"date":"2025-04-03T11:54:55","date_gmt":"2025-04-03T09:54:55","guid":{"rendered":"https:\/\/omtech.pl\/?page_id=6907"},"modified":"2025-04-22T08:44:15","modified_gmt":"2025-04-22T06:44:15","slug":"slider__test","status":"publish","type":"page","link":"https:\/\/omtech.pl\/en\/slider__test\/","title":{"rendered":"slider__test"},"content":{"rendered":"<div data-elementor-type=\"wp-page\" data-elementor-id=\"6907\" class=\"elementor elementor-6907\">\n\t\t\t\t<div class=\"elementor-element elementor-element-06ee2cd e-con-full e-flex e-con e-parent\" data-id=\"06ee2cd\" data-element_type=\"container\" data-e-type=\"container\">\n\t\t\t\t<div class=\"elementor-element elementor-element-03931e8 elementor-widget elementor-widget-html\" data-id=\"03931e8\" data-element_type=\"widget\" data-e-type=\"widget\" data-widget_type=\"html.default\">\n\t\t\t\t<div class=\"elementor-widget-container\">\n\t\t\t\t\t<div class=\"slider\">\r\n        <div class=\"slides\">\r\n            <div class=\"slide slide__first active\">\r\n                <span class=\"box__text\">\r\n                <h3>Replace the transmitter with LTE.<\/h3>\r\n                <hr style=\"height: 2px; width: 100%; background-color: #f37021; margin-bottom: 8px;\">\r\n                <hr style=\"height: 2px; width: 100%; background-color: #f37021; margin-bottom: 8px;\">\r\n                <p>As a result of the shift from 2G to LTE technology in Europe, we provide transmitter replacement options.<\/p>\r\n                <a target=\"_blank\" href=\"\/en\/zalety-zamiany-technologii\/\">Learn more.<span class=\"material-symbols-outlined\">arrow_forward_ios<\/span><\/a>\r\n                <\/span>\r\n            <\/div>\r\n            <div class=\"slide slide__sec active\">\r\n                <span class=\"box__text\">\r\n                <h3>2nd generation intelligent tachograph<\/h3>\r\n                <hr style=\"height: 2px; width: 100%; background-color: #f37021; margin-bottom: 8px;\">\r\n                <hr style=\"height: 2px; width: 100%; background-color: #f37021; margin-bottom: 8px;\">\r\n                <p>We offer transmitters with the ability to remotely read data from the latest 2nd generation intelligent tachographs.<\/p>\r\n                <a target=\"_blank\" href=\"\/en\/tachograf-inteligentny-2-ge\/\">Learn more.<span class=\"material-symbols-outlined\">arrow_forward_ios<\/span><\/a>\r\n                <\/span>\r\n            <\/div>\r\n            <div class=\"slide slide__tr active\">\r\n                <span class=\"box__text\">\r\n                <h3>Head in the right direction  <strong class=\"box__geo\"><img decoding=\"async\" src=\"\/wp-content\/uploads\/2025\/03\/e-toll.svg\" loading=\"lazy\"> <span>SENT-GEO<\/span><\/strong><\/h3>\r\n                <hr style=\"height: 2px; width: 100%; background-color: #f37021; margin-bottom: 8px;\">\r\n                <hr style=\"height: 2px; width: 100%; background-color: #f37021; margin-bottom: 8px;\">\r\n                <p>Your GPS Partner. Always in control \u2013 a reliable fleet monitoring system. <\/p>\r\n                <\/span>\r\n            <\/div>\r\n            <div class=\"slide slide__fo active\">\r\n                <span class=\"box__text\">\r\n                <h3>Become one of the Omtech Providers!<\/h3>\r\n                <hr style=\"height: 2px; width: 100%; background-color: #f37021; margin-bottom: 8px;\">\r\n                <hr style=\"height: 2px; width: 100%; background-color: #f37021; margin-bottom: 8px;\">\r\n                <div class=\"gal__img\">\r\n                    <img decoding=\"async\" src=\"\/wp-content\/uploads\/2025\/04\/ComfortCar.svg\" loading=\"lazy\">\r\n                    <img decoding=\"async\" src=\"\/wp-content\/uploads\/2025\/04\/Justus.svg\" loading=\"lazy\">\r\n                    <img decoding=\"async\" src=\"\/wp-content\/uploads\/2025\/04\/InnovaGTech.png\" loading=\"lazy\">\r\n                    <img decoding=\"async\" src=\"\/wp-content\/uploads\/2025\/04\/Solid.svg\" loading=\"lazy\">\r\n                <\/div>\r\n                <\/span>\r\n            <\/div>\r\n            <img decoding=\"async\" class=\"dol\" src=\"\/wp-content\/uploads\/2025\/04\/Union.svg\" loading=\"lazy\">\r\n            <div class=\"slider__icon\">\r\n    <div class=\"hidden__icon\"><\/div>\r\n    <div class=\"hidden__icon\"><img decoding=\"async\" src=\"\/wp-content\/uploads\/2025\/04\/LE-760.png\" loading=\"lazy\"><\/div>\r\n    <div><img decoding=\"async\" src=\"\/wp-content\/uploads\/2025\/03\/Laptok-_1_-min.webp\" loading=\"lazy\"><\/div>\r\n<\/div>\r\n<div class=\"controler\">\r\n        <span class=\"next\"> > <\/span>\r\n        <span class=\"prev\"> < <\/span>\r\n    <\/div>\r\n    <\/div>\t\t\t\t<\/div>\n\t\t\t\t<\/div>\n\t\t\t\t<\/div>\n\t\t\t\t<\/div>","protected":false},"excerpt":{"rendered":"<p>Wymie\u0144 lokalizator na LTE W zwi\u0105zki ze zmian\u0105 technologii 2G na LTE w Europie oferujemy wymian\u0119 lokalizator\u00f3w. Dowiedz si\u0119 wi\u0119cejarrow_forward_ios Tachograf inteligentny 2. generacji Oferujemy lokalizatory z mo\u017cliwo\u015bci\u0105 zdalnego odczytu danych z najnowszych inteligentnych tachograf\u00f3w 2. generacji. Dowiedz si\u0119 wi\u0119cejarrow_forward_ios KIERUJ SI\u0118 W DOBR\u0104 STRON\u0118. SENT-GEO Tw\u00f3j GPS partner. Zawsze pod kontrol\u0105 \u2013 niezawodny system [&hellip;]<\/p>\n","protected":false},"author":15,"featured_media":0,"parent":0,"menu_order":0,"comment_status":"closed","ping_status":"closed","template":"elementor_header_footer","meta":{"inline_featured_image":false,"_monsterinsights_skip_tracking":false,"_monsterinsights_sitenote_active":false,"_monsterinsights_sitenote_note":"","_monsterinsights_sitenote_category":0,"footnotes":""},"class_list":["post-6907","page","type-page","status-publish","hentry"],"_links":{"self":[{"href":"https:\/\/omtech.pl\/en\/wp-json\/wp\/v2\/pages\/6907","targetHints":{"allow":["GET"]}}],"collection":[{"href":"https:\/\/omtech.pl\/en\/wp-json\/wp\/v2\/pages"}],"about":[{"href":"https:\/\/omtech.pl\/en\/wp-json\/wp\/v2\/types\/page"}],"author":[{"embeddable":true,"href":"https:\/\/omtech.pl\/en\/wp-json\/wp\/v2\/users\/15"}],"replies":[{"embeddable":true,"href":"https:\/\/omtech.pl\/en\/wp-json\/wp\/v2\/comments?post=6907"}],"version-history":[{"count":100,"href":"https:\/\/omtech.pl\/en\/wp-json\/wp\/v2\/pages\/6907\/revisions"}],"predecessor-version":[{"id":7184,"href":"https:\/\/omtech.pl\/en\/wp-json\/wp\/v2\/pages\/6907\/revisions\/7184"}],"wp:attachment":[{"href":"https:\/\/omtech.pl\/en\/wp-json\/wp\/v2\/media?parent=6907"}],"curies":[{"name":"wp","href":"https:\/\/api.w.org\/{rel}","templated":true}]}}