{"id":6740,"date":"2025-03-28T11:15:16","date_gmt":"2025-03-28T10:15:16","guid":{"rendered":"https:\/\/omtech.pl\/?page_id=6740"},"modified":"2025-03-28T11:21:09","modified_gmt":"2025-03-28T10:21:09","slug":"tachograf-inteligentny-2-ge","status":"publish","type":"page","link":"https:\/\/omtech.pl\/en\/tachograf-inteligentny-2-ge\/","title":{"rendered":"2nd generation intelligent tachograph"},"content":{"rendered":"<div data-elementor-type=\"wp-page\" data-elementor-id=\"6740\" class=\"elementor elementor-6740\">\n\t\t\t\t<div class=\"elementor-element elementor-element-98b32c2 e-flex e-con-boxed e-con e-parent\" data-id=\"98b32c2\" data-element_type=\"container\" data-e-type=\"container\">\n\t\t\t\t\t<div class=\"e-con-inner\">\n\t\t\t\t<div class=\"elementor-element elementor-element-13137b5 elementor-widget elementor-widget-text-editor\" data-id=\"13137b5\" data-element_type=\"widget\" data-e-type=\"widget\" data-widget_type=\"text-editor.default\">\n\t\t\t\t<div class=\"elementor-widget-container\">\n\t\t\t\t\t\t\t\t\t<div class=\"lte__text\">\n<h1>2nd generation intelligent tachograph\n<\/h1>\n<div><hr style=\"height: 2px; width: 100%; background-color: #f37021; margin-bottom: 8px;\"><hr style=\"height: 2px; width: 100%; background-color: #f37021; margin-bottom: 8px;\"><\/div>\n<h3>Our LE series devices support the downloading of DDD files from G2V2 tachographs.<\/h3>\n<p>The new generation of tachographs, known as second-generation intelligent tachographs (G2V2), introduces a range of advanced features designed to improve road safety and driver working conditions. Key innovations include:<\/p>\n<ul>\n<li>Increased Memory Capacity: The new tachographs can store more data, allowing for a longer retention period and more accurate analysis.<\/li>\n<li>Automatic Boundary Crossing Registration: Thanks to the integrated GNSS system, tachographs automatically record entry and exit times when crossing country borders, simplifying driver delegation and working time settlements.<\/li>\n<li>Remote Communication: The built-in DSRC module allows authorities to remotely read data from the device without the need to stop the vehicle, speeding up and streamlining roadside checks.<\/li>\n<\/ul>\n<p>The introduction of these devices is associated with new regulations regarding their installation in vehicles. The mandatory installation schedule for G2V2 tachographs is as follows:<\/p>\n<ul>\n<li>By December 31, 2024: Vehicles registered before June 15, 2019, equipped with analog or first-generation digital tachographs, must be upgraded to second-generation intelligent tachographs.<\/li>\n<li>By August 18, 2025: Vehicles registered between June 15, 2019, and August 20, 2023, equipped with first-generation intelligent tachographs, must also transition to the second version.<\/li>\n<li>From July 1, 2026: The requirement to install tachographs will also apply to vans with a gross vehicle weight (GVW) between 2.5 and 3.5 tons, used in international freight transport within the EU. Vehicles used in domestic transport will remain exempt from this obligation.<\/li>\n<\/ul>\n<p>It is important to note that the introduction of new tachographs requires training for drivers and technical personnel on their use. Additionally, transport companies should plan the process of replacing devices, both tachographs and their remote reading systems, well in advance to avoid potential downtime and ensure compliance with upcoming regulations.<\/p>\n<\/div>\t\t\t\t\t\t\t\t<\/div>\n\t\t\t\t<\/div>\n\t\t\t\t\t<\/div>\n\t\t\t\t<\/div>\n\t\t\t\t<\/div>","protected":false},"excerpt":{"rendered":"<p>Tachograf inteligentny 2. generacji Nasze urz\u0105dzenia serii LE obs\u0142uguj\u0105 pobieranie plik\u00f3w DDD z tachograf\u00f3w G2V2 Nowa generacja tachograf\u00f3w, znana jako inteligentne tachografy drugiej generacji (G2V2), wprowadza szereg zaawansowanych funkcji maj\u0105cych na celu zwi\u0119kszenie bezpiecze\u0144stwa na drogach oraz popraw\u0119 warunk\u00f3w pracy kierowc\u00f3w. Do kluczowych innowacji nale\u017c\u0105: Wi\u0119ksza pojemno\u015b\u0107 pami\u0119ci: Nowe tachografy mog\u0105 przechowywa\u0107 wi\u0119cej danych, co [&hellip;]<\/p>\n","protected":false},"author":15,"featured_media":0,"parent":0,"menu_order":0,"comment_status":"closed","ping_status":"closed","template":"","meta":{"inline_featured_image":false,"_monsterinsights_skip_tracking":false,"_monsterinsights_sitenote_active":false,"_monsterinsights_sitenote_note":"","_monsterinsights_sitenote_category":0,"footnotes":""},"class_list":["post-6740","page","type-page","status-publish","hentry"],"yoast_head":"<!-- This site is optimized with the Yoast SEO plugin v27.5 - https:\/\/yoast.com\/product\/yoast-seo-wordpress\/ -->\n<title>Tachograf inteligentny 2. generacji - Omtech<\/title>\n<meta name=\"robots\" content=\"index, follow, max-snippet:-1, max-image-preview:large, max-video-preview:-1\" \/>\n<link rel=\"canonical\" href=\"https:\/\/omtech.pl\/en\/tachograf-inteligentny-2-ge\/\" \/>\n<meta property=\"og:locale\" content=\"en_GB\" \/>\n<meta property=\"og:type\" content=\"article\" \/>\n<meta property=\"og:title\" content=\"Tachograf inteligentny 2. generacji - Omtech\" \/>\n<meta property=\"og:description\" content=\"Tachograf inteligentny 2. generacji Nasze urz\u0105dzenia serii LE obs\u0142uguj\u0105 pobieranie plik\u00f3w DDD z tachograf\u00f3w G2V2 Nowa generacja tachograf\u00f3w, znana jako inteligentne tachografy drugiej generacji (G2V2), wprowadza szereg zaawansowanych funkcji maj\u0105cych na celu zwi\u0119kszenie bezpiecze\u0144stwa na drogach oraz popraw\u0119 warunk\u00f3w pracy kierowc\u00f3w. Do kluczowych innowacji nale\u017c\u0105: Wi\u0119ksza pojemno\u015b\u0107 pami\u0119ci: Nowe tachografy mog\u0105 przechowywa\u0107 wi\u0119cej danych, co [&hellip;]\" \/>\n<meta property=\"og:url\" content=\"https:\/\/omtech.pl\/en\/tachograf-inteligentny-2-ge\/\" \/>\n<meta property=\"og:site_name\" content=\"Omtech\" \/>\n<meta property=\"article:modified_time\" content=\"2025-03-28T10:21:09+00:00\" \/>\n<meta name=\"twitter:card\" content=\"summary_large_image\" \/>\n<meta name=\"twitter:label1\" content=\"Estimated reading time\" \/>\n\t<meta name=\"twitter:data1\" content=\"2 minutes\" \/>\n<script type=\"application\/ld+json\" class=\"yoast-schema-graph\">{\"@context\":\"https:\\\/\\\/schema.org\",\"@graph\":[{\"@type\":\"WebPage\",\"@id\":\"https:\\\/\\\/omtech.pl\\\/en\\\/tachograf-inteligentny-2-ge\\\/\",\"url\":\"https:\\\/\\\/omtech.pl\\\/en\\\/tachograf-inteligentny-2-ge\\\/\",\"name\":\"Tachograf inteligentny 2. generacji - Omtech\",\"isPartOf\":{\"@id\":\"https:\\\/\\\/omtech.pl\\\/en\\\/#website\"},\"datePublished\":\"2025-03-28T10:15:16+00:00\",\"dateModified\":\"2025-03-28T10:21:09+00:00\",\"breadcrumb\":{\"@id\":\"https:\\\/\\\/omtech.pl\\\/en\\\/tachograf-inteligentny-2-ge\\\/#breadcrumb\"},\"inLanguage\":\"en-GB\",\"potentialAction\":[{\"@type\":\"ReadAction\",\"target\":[\"https:\\\/\\\/omtech.pl\\\/en\\\/tachograf-inteligentny-2-ge\\\/\"]}]},{\"@type\":\"BreadcrumbList\",\"@id\":\"https:\\\/\\\/omtech.pl\\\/en\\\/tachograf-inteligentny-2-ge\\\/#breadcrumb\",\"itemListElement\":[{\"@type\":\"ListItem\",\"position\":1,\"name\":\"Strona g\u0142\u00f3wna\",\"item\":\"https:\\\/\\\/omtech.pl\\\/\"},{\"@type\":\"ListItem\",\"position\":2,\"name\":\"Tachograf inteligentny 2. generacji\"}]},{\"@type\":\"WebSite\",\"@id\":\"https:\\\/\\\/omtech.pl\\\/en\\\/#website\",\"url\":\"https:\\\/\\\/omtech.pl\\\/en\\\/\",\"name\":\"Omtech\",\"description\":\"Firmy Omtech i Pulson stanowi\u0105 silny tandem projektuj\u0105cy i produkuj\u0105cy urz\u0105dzenia elektroniczne i systemy informatyczne.\",\"potentialAction\":[{\"@type\":\"SearchAction\",\"target\":{\"@type\":\"EntryPoint\",\"urlTemplate\":\"https:\\\/\\\/omtech.pl\\\/en\\\/?s={search_term_string}\"},\"query-input\":{\"@type\":\"PropertyValueSpecification\",\"valueRequired\":true,\"valueName\":\"search_term_string\"}}],\"inLanguage\":\"en-GB\"}]}<\/script>\n<!-- \/ Yoast SEO plugin. -->","yoast_head_json":{"title":"Tachograf inteligentny 2. generacji - Omtech","robots":{"index":"index","follow":"follow","max-snippet":"max-snippet:-1","max-image-preview":"max-image-preview:large","max-video-preview":"max-video-preview:-1"},"canonical":"https:\/\/omtech.pl\/en\/tachograf-inteligentny-2-ge\/","og_locale":"en_GB","og_type":"article","og_title":"Tachograf inteligentny 2. generacji - Omtech","og_description":"Tachograf inteligentny 2. generacji Nasze urz\u0105dzenia serii LE obs\u0142uguj\u0105 pobieranie plik\u00f3w DDD z tachograf\u00f3w G2V2 Nowa generacja tachograf\u00f3w, znana jako inteligentne tachografy drugiej generacji (G2V2), wprowadza szereg zaawansowanych funkcji maj\u0105cych na celu zwi\u0119kszenie bezpiecze\u0144stwa na drogach oraz popraw\u0119 warunk\u00f3w pracy kierowc\u00f3w. Do kluczowych innowacji nale\u017c\u0105: Wi\u0119ksza pojemno\u015b\u0107 pami\u0119ci: Nowe tachografy mog\u0105 przechowywa\u0107 wi\u0119cej danych, co [&hellip;]","og_url":"https:\/\/omtech.pl\/en\/tachograf-inteligentny-2-ge\/","og_site_name":"Omtech","article_modified_time":"2025-03-28T10:21:09+00:00","twitter_card":"summary_large_image","twitter_misc":{"Estimated reading time":"2 minutes"},"schema":{"@context":"https:\/\/schema.org","@graph":[{"@type":"WebPage","@id":"https:\/\/omtech.pl\/en\/tachograf-inteligentny-2-ge\/","url":"https:\/\/omtech.pl\/en\/tachograf-inteligentny-2-ge\/","name":"Tachograf inteligentny 2. generacji - Omtech","isPartOf":{"@id":"https:\/\/omtech.pl\/en\/#website"},"datePublished":"2025-03-28T10:15:16+00:00","dateModified":"2025-03-28T10:21:09+00:00","breadcrumb":{"@id":"https:\/\/omtech.pl\/en\/tachograf-inteligentny-2-ge\/#breadcrumb"},"inLanguage":"en-GB","potentialAction":[{"@type":"ReadAction","target":["https:\/\/omtech.pl\/en\/tachograf-inteligentny-2-ge\/"]}]},{"@type":"BreadcrumbList","@id":"https:\/\/omtech.pl\/en\/tachograf-inteligentny-2-ge\/#breadcrumb","itemListElement":[{"@type":"ListItem","position":1,"name":"Strona g\u0142\u00f3wna","item":"https:\/\/omtech.pl\/"},{"@type":"ListItem","position":2,"name":"Tachograf inteligentny 2. generacji"}]},{"@type":"WebSite","@id":"https:\/\/omtech.pl\/en\/#website","url":"https:\/\/omtech.pl\/en\/","name":"Omtech","description":"Firmy Omtech i Pulson stanowi\u0105 silny tandem projektuj\u0105cy i produkuj\u0105cy urz\u0105dzenia elektroniczne i systemy informatyczne.","potentialAction":[{"@type":"SearchAction","target":{"@type":"EntryPoint","urlTemplate":"https:\/\/omtech.pl\/en\/?s={search_term_string}"},"query-input":{"@type":"PropertyValueSpecification","valueRequired":true,"valueName":"search_term_string"}}],"inLanguage":"en-GB"}]}},"_links":{"self":[{"href":"https:\/\/omtech.pl\/en\/wp-json\/wp\/v2\/pages\/6740","targetHints":{"allow":["GET"]}}],"collection":[{"href":"https:\/\/omtech.pl\/en\/wp-json\/wp\/v2\/pages"}],"about":[{"href":"https:\/\/omtech.pl\/en\/wp-json\/wp\/v2\/types\/page"}],"author":[{"embeddable":true,"href":"https:\/\/omtech.pl\/en\/wp-json\/wp\/v2\/users\/15"}],"replies":[{"embeddable":true,"href":"https:\/\/omtech.pl\/en\/wp-json\/wp\/v2\/comments?post=6740"}],"version-history":[{"count":11,"href":"https:\/\/omtech.pl\/en\/wp-json\/wp\/v2\/pages\/6740\/revisions"}],"predecessor-version":[{"id":6751,"href":"https:\/\/omtech.pl\/en\/wp-json\/wp\/v2\/pages\/6740\/revisions\/6751"}],"wp:attachment":[{"href":"https:\/\/omtech.pl\/en\/wp-json\/wp\/v2\/media?parent=6740"}],"curies":[{"name":"wp","href":"https:\/\/api.w.org\/{rel}","templated":true}]}}