{"id":6723,"date":"2025-03-27T13:34:53","date_gmt":"2025-03-27T12:34:53","guid":{"rendered":"https:\/\/omtech.pl\/?page_id=6723"},"modified":"2025-03-27T13:45:40","modified_gmt":"2025-03-27T12:45:40","slug":"zalety-zamiany-technologii","status":"publish","type":"page","link":"https:\/\/omtech.pl\/en\/zalety-zamiany-technologii\/","title":{"rendered":"Advantages of Switching GPS Locator Technology from 2G to 4G"},"content":{"rendered":"<div data-elementor-type=\"wp-page\" data-elementor-id=\"6723\" class=\"elementor elementor-6723\">\n\t\t\t\t<div class=\"elementor-element elementor-element-e6d54c1 e-flex e-con-boxed e-con e-parent\" data-id=\"e6d54c1\" data-element_type=\"container\" data-e-type=\"container\">\n\t\t\t\t\t<div class=\"e-con-inner\">\n\t\t\t\t<div class=\"elementor-element elementor-element-ba29633 elementor-widget elementor-widget-text-editor\" data-id=\"ba29633\" data-element_type=\"widget\" data-e-type=\"widget\" data-widget_type=\"text-editor.default\">\n\t\t\t\t<div class=\"elementor-widget-container\">\n\t\t\t\t\t\t\t\t\t<div class=\"lte__text\"><h1>Advantages of Switching GPS Locator Technology from 2G to 4G<\/h1><div><hr style=\"height: 2px; width: 100%; background-color: #f37021; margin-bottom: 8px;\" \/><hr style=\"height: 2px; width: 100%; background-color: #f37021; margin-bottom: 8px;\" \/><\/div><h3>Long-Term Compatibility<\/h3><p>2G networks are gradually being phased out across Europe, which means that GPS locators operating on 2G will soon stop functioning. Switching to 4G ensures their continued usability and eliminates the risk of losing connectivity.<\/p><h3>Better Coverage and Connection Stability<\/h3><p>4G networks provide better coverage in many areas, particularly where 2G was already limited. This translates to more stable GPS locator connections and fewer interruptions in data transmission.<\/p><h3>Lower Latency in Transmission<\/h3><p>4G has lower latency than 2G, which is crucial for applications requiring real-time tracking, such as transportation, logistics, and personal security.<\/p><h3>Greater Resistance to Network Interference and Congestion<\/h3><p>4G networks are more resistant to congestion and interference than 2G, meaning locators will operate more reliably, even in areas with high network traffic, such as city entrances during rush hour.<\/p><h3>Security and Transmission Encryption<\/h3><p>4G technology offers better encryption and data protection mechanisms compared to outdated 2G, which is vulnerable to man-in-the-middle attacks and data interception.<\/p><h3>Summary<\/h3><p>The shift from 2G to 4G GPS locator technology is a necessity due to the phase-out of 2G networks in Europe. This brings numerous benefits, such as improved location accuracy, transmission stability, faster data transfer, and lower latency. Investing in 4G-compatible devices guarantees long-term reliability and compliance with future telecommunications standards.<\/p><\/div>\t\t\t\t\t\t\t\t<\/div>\n\t\t\t\t<\/div>\n\t\t\t\t\t<\/div>\n\t\t\t\t<\/div>\n\t\t\t\t<\/div>","protected":false},"excerpt":{"rendered":"<p>Zalety zamiany technologii lokalizator\u00f3w GPS z 2G na 4G D\u0142ugoterminowa kompatybilno\u015b\u0107 Sieci 2G s\u0105 stopniowo wy\u0142\u0105czane w Europie, co oznacza, \u017ce lokalizatory GPS dzia\u0142aj\u0105ce na 2G wkr\u00f3tce przestan\u0105 funkcjonowa\u0107. Przej\u015bcie na 4G zapewnia ich dalsz\u0105 u\u017cyteczno\u015b\u0107 i eliminuje ryzyko utraty \u0142\u0105czno\u015bci. Lepszy zasi\u0119g i stabilno\u015b\u0107 po\u0142\u0105czenia Sieci 4G maj\u0105 lepszy zasi\u0119g w wielu regionach, szczeg\u00f3lnie [&hellip;]<\/p>\n","protected":false},"author":15,"featured_media":0,"parent":0,"menu_order":0,"comment_status":"closed","ping_status":"closed","template":"","meta":{"inline_featured_image":false,"_monsterinsights_skip_tracking":false,"_monsterinsights_sitenote_active":false,"_monsterinsights_sitenote_note":"","_monsterinsights_sitenote_category":0,"footnotes":""},"class_list":["post-6723","page","type-page","status-publish","hentry"],"_links":{"self":[{"href":"https:\/\/omtech.pl\/en\/wp-json\/wp\/v2\/pages\/6723","targetHints":{"allow":["GET"]}}],"collection":[{"href":"https:\/\/omtech.pl\/en\/wp-json\/wp\/v2\/pages"}],"about":[{"href":"https:\/\/omtech.pl\/en\/wp-json\/wp\/v2\/types\/page"}],"author":[{"embeddable":true,"href":"https:\/\/omtech.pl\/en\/wp-json\/wp\/v2\/users\/15"}],"replies":[{"embeddable":true,"href":"https:\/\/omtech.pl\/en\/wp-json\/wp\/v2\/comments?post=6723"}],"version-history":[{"count":10,"href":"https:\/\/omtech.pl\/en\/wp-json\/wp\/v2\/pages\/6723\/revisions"}],"predecessor-version":[{"id":6733,"href":"https:\/\/omtech.pl\/en\/wp-json\/wp\/v2\/pages\/6723\/revisions\/6733"}],"wp:attachment":[{"href":"https:\/\/omtech.pl\/en\/wp-json\/wp\/v2\/media?parent=6723"}],"curies":[{"name":"wp","href":"https:\/\/api.w.org\/{rel}","templated":true}]}}