{"id":377,"date":"2017-07-09T22:42:22","date_gmt":"2017-07-09T20:42:22","guid":{"rendered":"http:\/\/nowastrona.pulson.pl\/?post_type=omtech&#038;p=377"},"modified":"2021-05-05T21:49:36","modified_gmt":"2021-05-05T19:49:36","slug":"wspolpraca","status":"publish","type":"page","link":"https:\/\/omtech.pl\/en\/uslugi\/wspolpraca\/","title":{"rendered":"Wsp\u00f3\u0142praca"},"content":{"rendered":"<p>[et_pb_section bb_built=&#8221;1&#8243; admin_label=&#8221;section&#8221; background_color=&#8221;#f7f7f7&#8243; _builder_version=&#8221;3.0.47&#8243; custom_padding=&#8221;10px||10px|&#8221; custom_padding_tablet=&#8221;10px||10px|&#8221; transparent_background=&#8221;off&#8221; padding_mobile=&#8221;on&#8221; locked=&#8221;off&#8221; next_background_color=&#8221;#ffffff&#8221;][et_pb_row admin_label=&#8221;row&#8221; _builder_version=&#8221;3.0.47&#8243; background_size=&#8221;initial&#8221; background_position=&#8221;top_left&#8221; background_repeat=&#8221;repeat&#8221; parent_locked=&#8221;off&#8221;][et_pb_column type=&#8221;3_4&#8243;][et_pb_blurb admin_label=&#8221;Wsp\u00f3\u0142praca&#8221; title=&#8221;Wsp\u00f3\u0142praca&#8221; image=&#8221;http:\/\/omtech.pl\/wp-content\/uploads\/2017\/07\/omt_icon6.svg&#8221; icon_placement=&#8221;left&#8221; module_class=&#8221;blurb_produkt_omtech&#8221; _builder_version=&#8221;3.0.106&#8243; background_size=&#8221;initial&#8221; background_position=&#8221;top_left&#8221; background_repeat=&#8221;repeat&#8221; animation=&#8221;left&#8221; use_border_color=&#8221;off&#8221; parent_locked=&#8221;off&#8221; url_new_window=&#8221;off&#8221; use_icon=&#8221;off&#8221; use_circle=&#8221;off&#8221; use_circle_border=&#8221;off&#8221; use_icon_font_size=&#8221;off&#8221; background_layout=&#8221;light&#8221; max_width_tablet=&#8221;50px&#8221;]<\/p>\n<p>Firma OMTECH poszukuje powa\u017cnych Partner\u00f3w biznesowych z do\u015bwiadczeniem w us\u0142ugach monitorowania i lokalizacji pojazd\u00f3w.<\/p>\n<p>[\/et_pb_blurb][\/et_pb_column][et_pb_column type=&#8221;1_4&#8243;][et_pb_code module_class=&#8221;backtoofferred&#8221; _builder_version=&#8221;3.0.106&#8243; parent_locked=&#8221;off&#8221;]&lt;a href=&#8221;\/omtech\/uslugi\/&#8221;&gt;Powr\u00f3t&lt;\/a&gt;[\/et_pb_code][\/et_pb_column][\/et_pb_row][\/et_pb_section][et_pb_section bb_built=&#8221;1&#8243; _builder_version=&#8221;3.0.47&#8243; prev_background_color=&#8221;#f7f7f7&#8243; next_background_color=&#8221;#000000&#8243;][et_pb_row padding_mobile=&#8221;off&#8221; column_padding_mobile=&#8221;on&#8221; parallax_method_1=&#8221;off&#8221; parallax_method_2=&#8221;off&#8221; module_class_1=&#8221;et-waypoint et_pb_animation_left&#8221; _builder_version=&#8221;3.0.47&#8243; background_size=&#8221;initial&#8221; background_position=&#8221;top_left&#8221; background_repeat=&#8221;repeat&#8221;][et_pb_column type=&#8221;1_2&#8243;][et_pb_text module_class=&#8221;omttextuslugi top60&#8243; _builder_version=&#8221;3.0.106&#8243; background_size=&#8221;initial&#8221; background_position=&#8221;top_left&#8221; background_repeat=&#8221;repeat&#8221; use_border_color=&#8221;off&#8221; border_color=&#8221;#ffffff&#8221; border_style=&#8221;solid&#8221;]<\/p>\n<h3>Wsp\u00f3\u0142praca z Omtech<\/h3>\n<p>Firma OMTECH poszukuje powa\u017cnych Partner\u00f3w biznesowych, zar\u00f3wno z do\u015bwiadczeniem w us\u0142ugach monitorowania i lokalizacji pojazd\u00f3w, jak i tych, kt\u00f3rzy dopiero planuj\u0105 rozwin\u0105\u0107 sw\u0105 dzia\u0142alno\u015b\u0107 w tym kierunku.<\/p>\n<p>Je\u017celi posiadasz dzia\u0142alno\u015b\u0107 gospodarcz\u0105, widzisz potencja\u0142 na rynku lokalnym lub chcia\u0142by\u015b zaistnie\u0107 na rynku og\u00f3lnopolskim z us\u0142ug\u0105 monitorowania pojazd\u00f3w i szukasz profesjonalnego Partnera z odpowiednim zapleczem, zg\u0142o\u015b si\u0119 do nas.<\/p>\n<p>[\/et_pb_text][\/et_pb_column][et_pb_column type=&#8221;1_2&#8243;][et_pb_image src=&#8221;\/wp-content\/uploads\/2017\/07\/img002-1.jpg&#8221; align=&#8221;center&#8221; _builder_version=&#8221;3.0.106&#8243; custom_margin=&#8221;60px|||&#8221; animation_style=&#8221;slide&#8221; animation_direction=&#8221;right&#8221; animation_duration=&#8221;500ms&#8221; animation_intensity_slide=&#8221;10%&#8221; use_border_color=&#8221;off&#8221; show_bottom_space=&#8221;on&#8221; show_in_lightbox=&#8221;off&#8221; url_new_window=&#8221;off&#8221; use_overlay=&#8221;off&#8221; always_center_on_mobile=&#8221;on&#8221; force_fullwidth=&#8221;off&#8221;]<\/p>\n<p>&nbsp;<\/p>\n<p>[\/et_pb_image][\/et_pb_column][\/et_pb_row][et_pb_row padding_mobile=&#8221;off&#8221; column_padding_mobile=&#8221;on&#8221; parallax_method_1=&#8221;off&#8221; parallax_method_2=&#8221;off&#8221; module_class_2=&#8221;et-waypoint et_pb_animation_right&#8221; _builder_version=&#8221;3.0.106&#8243; background_size=&#8221;initial&#8221; background_position=&#8221;top_left&#8221; background_repeat=&#8221;repeat&#8221;][et_pb_column type=&#8221;1_2&#8243;][et_pb_image src=&#8221;\/wp-content\/uploads\/2017\/07\/img003.jpg&#8221; align=&#8221;center&#8221; _builder_version=&#8221;3.0.106&#8243; custom_margin=&#8221;60px|||&#8221; animation_style=&#8221;slide&#8221; animation_direction=&#8221;left&#8221; animation_duration=&#8221;500ms&#8221; animation_intensity_slide=&#8221;10%&#8221; use_border_color=&#8221;off&#8221; show_bottom_space=&#8221;on&#8221; show_in_lightbox=&#8221;off&#8221; url_new_window=&#8221;off&#8221; use_overlay=&#8221;off&#8221; always_center_on_mobile=&#8221;on&#8221; force_fullwidth=&#8221;off&#8221;]<\/p>\n<p>&nbsp;<\/p>\n<p>[\/et_pb_image][\/et_pb_column][et_pb_column type=&#8221;1_2&#8243;][et_pb_text module_class=&#8221;omttextuslugi top60&#8243; _builder_version=&#8221;3.0.106&#8243; background_size=&#8221;initial&#8221; background_position=&#8221;top_left&#8221; background_repeat=&#8221;repeat&#8221; use_border_color=&#8221;off&#8221; border_color=&#8221;#ffffff&#8221; border_style=&#8221;solid&#8221;]<\/p>\n<p>Ju\u017c dzisiaj mo\u017cesz sta\u0107 si\u0119 konkurencyjny na rynku, rozpocz\u0105\u0107 \u015bwiadczenie us\u0142ugi, bez inwestowania w tworzenie rozleg\u0142ej infrastruktury.<\/p>\n<p>Oferujemy kompleksowe rozwi\u0105zanie w systemie Partnerskim. Nawi\u0105\u017cemy wsp\u00f3\u0142prac\u0119 z podmiotami, kt\u00f3re b\u0119d\u0105 dalej dystrybuowa\u0107 sprz\u0119t i \u015bwiadczy\u0107 us\u0142ug\u0119 dla klienta ko\u0144cowego pod w\u0142asn\u0105 mark\u0105.<\/p>\n<p>Zapewniamy zaplecze w postaci profesjonalnej, zdublowanej serwerowni, sta\u0142ego- 24h wsparcia IT, nowoczesnego, niezawodnego i stale rozwijaj\u0105cego si\u0119 systemu monitorowania flot.<\/p>\n<p>[\/et_pb_text][\/et_pb_column][\/et_pb_row][\/et_pb_section][et_pb_section bb_built=&#8221;1&#8243; _builder_version=&#8221;3.0.47&#8243; locked=&#8221;off&#8221; prev_background_color=&#8221;#000000&#8243;][et_pb_row custom_padding=&#8221;0px|||&#8221; padding_mobile=&#8221;off&#8221; column_padding_mobile=&#8221;on&#8221; parallax_method_1=&#8221;off&#8221; parallax_method_2=&#8221;off&#8221; _builder_version=&#8221;3.0.47&#8243; background_size=&#8221;initial&#8221; background_position=&#8221;top_left&#8221; background_repeat=&#8221;repeat&#8221; parent_locked=&#8221;off&#8221;][et_pb_column type=&#8221;3_4&#8243;][\/et_pb_column][et_pb_column type=&#8221;1_4&#8243;][et_pb_code module_class=&#8221;backtoofferred&#8221; _builder_version=&#8221;3.0.106&#8243; parent_locked=&#8221;off&#8221;]&lt;a href=&#8221;\/omtech\/uslugi\/&#8221;&gt;Powr\u00f3t&lt;\/a&gt;[\/et_pb_code][\/et_pb_column][\/et_pb_row][\/et_pb_section]<\/p>\n","protected":false},"excerpt":{"rendered":"<p>[et_pb_section bb_built=&#8221;1&#8243; admin_label=&#8221;section&#8221; background_color=&#8221;#f7f7f7&#8243; _builder_version=&#8221;3.0.47&#8243; custom_padding=&#8221;10px||10px|&#8221; custom_padding_tablet=&#8221;10px||10px|&#8221; transparent_background=&#8221;off&#8221; padding_mobile=&#8221;on&#8221; locked=&#8221;off&#8221; next_background_color=&#8221;#ffffff&#8221;][et_pb_row admin_label=&#8221;row&#8221; _builder_version=&#8221;3.0.47&#8243; background_size=&#8221;initial&#8221; background_position=&#8221;top_left&#8221; background_repeat=&#8221;repeat&#8221; parent_locked=&#8221;off&#8221;][et_pb_column type=&#8221;3_4&#8243;][et_pb_blurb admin_label=&#8221;Wsp\u00f3\u0142praca&#8221; title=&#8221;Wsp\u00f3\u0142praca&#8221; image=&#8221;http:\/\/omtech.pl\/wp-content\/uploads\/2017\/07\/omt_icon6.svg&#8221; icon_placement=&#8221;left&#8221; module_class=&#8221;blurb_produkt_omtech&#8221; _builder_version=&#8221;3.0.106&#8243; background_size=&#8221;initial&#8221; background_position=&#8221;top_left&#8221; background_repeat=&#8221;repeat&#8221; animation=&#8221;left&#8221; use_border_color=&#8221;off&#8221; parent_locked=&#8221;off&#8221; url_new_window=&#8221;off&#8221; use_icon=&#8221;off&#8221; use_circle=&#8221;off&#8221; use_circle_border=&#8221;off&#8221; use_icon_font_size=&#8221;off&#8221; background_layout=&#8221;light&#8221; max_width_tablet=&#8221;50px&#8221;] Firma OMTECH poszukuje powa\u017cnych Partner\u00f3w biznesowych z do\u015bwiadczeniem w us\u0142ugach monitorowania i lokalizacji pojazd\u00f3w. [\/et_pb_blurb][\/et_pb_column][et_pb_column type=&#8221;1_4&#8243;][et_pb_code module_class=&#8221;backtoofferred&#8221; _builder_version=&#8221;3.0.106&#8243; [&hellip;]<\/p>\n","protected":false},"author":15,"featured_media":0,"parent":317,"menu_order":0,"comment_status":"closed","ping_status":"closed","template":"","meta":{"inline_featured_image":false,"_monsterinsights_skip_tracking":false,"_monsterinsights_sitenote_active":false,"_monsterinsights_sitenote_note":"","_monsterinsights_sitenote_category":0,"footnotes":""},"class_list":["post-377","page","type-page","status-publish","hentry"],"_links":{"self":[{"href":"https:\/\/omtech.pl\/en\/wp-json\/wp\/v2\/pages\/377","targetHints":{"allow":["GET"]}}],"collection":[{"href":"https:\/\/omtech.pl\/en\/wp-json\/wp\/v2\/pages"}],"about":[{"href":"https:\/\/omtech.pl\/en\/wp-json\/wp\/v2\/types\/page"}],"author":[{"embeddable":true,"href":"https:\/\/omtech.pl\/en\/wp-json\/wp\/v2\/users\/15"}],"replies":[{"embeddable":true,"href":"https:\/\/omtech.pl\/en\/wp-json\/wp\/v2\/comments?post=377"}],"version-history":[{"count":0,"href":"https:\/\/omtech.pl\/en\/wp-json\/wp\/v2\/pages\/377\/revisions"}],"up":[{"embeddable":true,"href":"https:\/\/omtech.pl\/en\/wp-json\/wp\/v2\/pages\/317"}],"wp:attachment":[{"href":"https:\/\/omtech.pl\/en\/wp-json\/wp\/v2\/media?parent=377"}],"curies":[{"name":"wp","href":"https:\/\/api.w.org\/{rel}","templated":true}]}}