{"id":363,"date":"2017-07-09T20:51:54","date_gmt":"2017-07-09T18:51:54","guid":{"rendered":"http:\/\/nowastrona.pulson.pl\/?post_type=omtech&#038;p=363"},"modified":"2021-05-05T21:49:36","modified_gmt":"2021-05-05T19:49:36","slug":"projektowanie","status":"publish","type":"page","link":"https:\/\/omtech.pl\/en\/uslugi\/projektowanie\/","title":{"rendered":"Projektowanie urz\u0105dze\u0144"},"content":{"rendered":"<p>[et_pb_section bb_built=&#8221;1&#8243; admin_label=&#8221;section&#8221; transparent_background=&#8221;off&#8221; background_color=&#8221;#f7f7f7&#8243; allow_player_pause=&#8221;off&#8221; inner_shadow=&#8221;off&#8221; parallax=&#8221;off&#8221; parallax_method=&#8221;off&#8221; padding_mobile=&#8221;on&#8221; make_fullwidth=&#8221;off&#8221; use_custom_width=&#8221;off&#8221; width_unit=&#8221;on&#8221; make_equal=&#8221;off&#8221; use_custom_gutter=&#8221;off&#8221; custom_padding=&#8221;10px||10px|&#8221; locked=&#8221;off&#8221; custom_padding_tablet=&#8221;10px||10px|&#8221; next_background_color=&#8221;#FFFFFF&#8221;][et_pb_row admin_label=&#8221;row&#8221; parent_locked=&#8221;off&#8221; background_position=&#8221;top_left&#8221; background_repeat=&#8221;repeat&#8221; background_size=&#8221;initial&#8221;][et_pb_column type=&#8221;3_4&#8243;][et_pb_blurb admin_label=&#8221;Projektowanie urz\u0105dze\u0144&#8221; title=&#8221;Projektowanie urz\u0105dze\u0144&#8221; url_new_window=&#8221;off&#8221; use_icon=&#8221;off&#8221; use_circle=&#8221;off&#8221; use_circle_border=&#8221;off&#8221; image=&#8221;\/wp-content\/uploads\/2017\/07\/omt_icon4.svg&#8221; icon_placement=&#8221;left&#8221; animation=&#8221;left&#8221; background_layout=&#8221;light&#8221; use_icon_font_size=&#8221;off&#8221; use_border_color=&#8221;off&#8221; module_class=&#8221;blurb_produkt_omtech&#8221; parent_locked=&#8221;off&#8221; background_position=&#8221;top_left&#8221; background_repeat=&#8221;repeat&#8221; background_size=&#8221;initial&#8221; _builder_version=&#8221;3.0.106&#8243; max_width_tablet=&#8221;50px&#8221;]<\/p>\n<p>Posiadamy ponad 10 lat do\u015bwiadczenia w projektowaniu urz\u0105dze\u0144 elektronicznych, przede wszystkim w bran\u017cy zabezpiecze\u0144 elektronicznych.<\/p>\n<p>[\/et_pb_blurb][\/et_pb_column][et_pb_column type=&#8221;1_4&#8243;][et_pb_code module_class=&#8221;backtoofferred&#8221; parent_locked=&#8221;off&#8221; _builder_version=&#8221;3.0.106&#8243;]&lt;a href=&#8221;\/omtech\/uslugi\/&#8221;&gt;Powr\u00f3t&lt;\/a&gt;[\/et_pb_code][\/et_pb_column][\/et_pb_row][\/et_pb_section][et_pb_section bb_built=&#8221;1&#8243; fullwidth=&#8221;off&#8221; specialty=&#8221;off&#8221; prev_background_color=&#8221;#f7f7f7&#8243; next_background_color=&#8221;#000000&#8243;][et_pb_row make_fullwidth=&#8221;off&#8221; use_custom_width=&#8221;off&#8221; width_unit=&#8221;on&#8221; use_custom_gutter=&#8221;off&#8221; padding_mobile=&#8221;off&#8221; allow_player_pause=&#8221;off&#8221; parallax=&#8221;off&#8221; parallax_method=&#8221;off&#8221; make_equal=&#8221;off&#8221; parallax_1=&#8221;off&#8221; parallax_method_1=&#8221;off&#8221; parallax_2=&#8221;off&#8221; parallax_method_2=&#8221;off&#8221; column_padding_mobile=&#8221;on&#8221; module_class_1=&#8221;et-waypoint et_pb_animation_left&#8221; background_position=&#8221;top_left&#8221; background_repeat=&#8221;repeat&#8221; background_size=&#8221;initial&#8221;][et_pb_column type=&#8221;1_2&#8243;][et_pb_text admin_label=&#8221;Tekst startu&#8221; background_layout=&#8221;light&#8221; text_orientation=&#8221;left&#8221; use_border_color=&#8221;off&#8221; border_color=&#8221;#ffffff&#8221; border_style=&#8221;solid&#8221; background_position=&#8221;top_left&#8221; background_repeat=&#8221;repeat&#8221; background_size=&#8221;initial&#8221;]<\/p>\n<p>W naszym portfolio mamy szereg zrealizowanych rozwi\u0105za\u0144, kt\u00f3re z powodzeniem funkcjonuj\u0105 m.in. w najwi\u0119kszych Agencjach Ochrony w Polsce. Jeste\u015bmy obecni w kilkudziesi\u0119ciu tysi\u0105cach obiekt\u00f3w stacjonarnych i ruchomych monitorowanych przez naszych klient\u00f3w.<\/p>\n<p>[\/et_pb_text][\/et_pb_column][et_pb_column type=&#8221;1_2&#8243;][\/et_pb_column][\/et_pb_row][et_pb_row make_fullwidth=&#8221;off&#8221; use_custom_width=&#8221;off&#8221; width_unit=&#8221;on&#8221; use_custom_gutter=&#8221;off&#8221; padding_mobile=&#8221;off&#8221; allow_player_pause=&#8221;off&#8221; parallax=&#8221;off&#8221; parallax_method=&#8221;off&#8221; make_equal=&#8221;off&#8221; parallax_1=&#8221;off&#8221; parallax_method_1=&#8221;off&#8221; parallax_2=&#8221;off&#8221; parallax_method_2=&#8221;off&#8221; column_padding_mobile=&#8221;on&#8221; module_class_1=&#8221;et-waypoint et_pb_animation_left&#8221; background_position=&#8221;top_left&#8221; background_repeat=&#8221;repeat&#8221; background_size=&#8221;initial&#8221;][et_pb_column type=&#8221;1_2&#8243;][et_pb_text background_layout=&#8221;light&#8221; text_orientation=&#8221;left&#8221; use_border_color=&#8221;off&#8221; border_color=&#8221;#ffffff&#8221; border_style=&#8221;solid&#8221; module_class=&#8221;omttextuslugi top60&#8243; background_position=&#8221;top_left&#8221; background_repeat=&#8221;repeat&#8221; background_size=&#8221;initial&#8221;]<\/p>\n<h3>Projektowanie uk\u0142ad\u00f3w elektronicznych<\/h3>\n<ul>\n<li>Wykorzystujemy nowoczesne podzespo\u0142y,<\/li>\n<li>Tworzymy schematy ideowe, p\u0142ytki drukowane, BOM.,<\/li>\n<li>Projektujemy rozwi\u0105zania mechaniczne,<\/li>\n<li>W ramach projekt\u00f3w zapewniamy zgodno\u015b\u0107 z zasadami bezpiecze\u0144stwa oraz odporno\u015bci na zak\u0142\u00f3cenia,<\/li>\n<li>Posiadamy rozbudowane zaplecze narz\u0119dziowo-pomiarowe,<\/li>\n<li>Przeprowadzamy procesy certyfikacji pod wzgl\u0119dem kompatybilno\u015bci elektro-magnetycznej, zgodno\u015bci z ETSI, normami PN i CE<\/li>\n<li>Posiadamy profesjonalne i nowoczesne zaplecze produkcyjne.<\/li>\n<\/ul>\n<p>[\/et_pb_text][\/et_pb_column][et_pb_column type=&#8221;1_2&#8243;][et_pb_image src=&#8221;\/wp-content\/uploads\/2017\/07\/img002-1.jpg&#8221; show_in_lightbox=&#8221;off&#8221; url_new_window=&#8221;off&#8221; use_overlay=&#8221;off&#8221; align=&#8221;center&#8221; force_fullwidth=&#8221;off&#8221; always_center_on_mobile=&#8221;on&#8221; use_border_color=&#8221;off&#8221; custom_margin=&#8221;60px|||&#8221; animation_style=&#8221;slide&#8221; animation_duration=&#8221;500ms&#8221; animation_intensity_slide=&#8221;10%&#8221; animation_direction=&#8221;right&#8221; show_bottom_space=&#8221;on&#8221; _builder_version=&#8221;3.0.106&#8243;]<\/p>\n<p>&nbsp;<\/p>\n<p>[\/et_pb_image][\/et_pb_column][\/et_pb_row][et_pb_row make_fullwidth=&#8221;off&#8221; use_custom_width=&#8221;off&#8221; width_unit=&#8221;on&#8221; use_custom_gutter=&#8221;off&#8221; padding_mobile=&#8221;off&#8221; allow_player_pause=&#8221;off&#8221; parallax=&#8221;off&#8221; parallax_method=&#8221;off&#8221; make_equal=&#8221;off&#8221; parallax_1=&#8221;off&#8221; parallax_method_1=&#8221;off&#8221; parallax_2=&#8221;off&#8221; parallax_method_2=&#8221;off&#8221; column_padding_mobile=&#8221;on&#8221; module_class_2=&#8221;et-waypoint et_pb_animation_right&#8221; background_position=&#8221;top_left&#8221; background_repeat=&#8221;repeat&#8221; background_size=&#8221;initial&#8221;][et_pb_column type=&#8221;1_2&#8243;][et_pb_image src=&#8221;\/wp-content\/uploads\/2017\/07\/img003.jpg&#8221; show_in_lightbox=&#8221;off&#8221; url_new_window=&#8221;off&#8221; use_overlay=&#8221;off&#8221; align=&#8221;center&#8221; force_fullwidth=&#8221;off&#8221; always_center_on_mobile=&#8221;on&#8221; use_border_color=&#8221;off&#8221; custom_margin=&#8221;60px|||&#8221; animation_style=&#8221;slide&#8221; animation_duration=&#8221;500ms&#8221; animation_intensity_slide=&#8221;10%&#8221; animation_direction=&#8221;left&#8221; show_bottom_space=&#8221;on&#8221; _builder_version=&#8221;3.0.106&#8243;]<\/p>\n<p>&nbsp;<\/p>\n<p>[\/et_pb_image][\/et_pb_column][et_pb_column type=&#8221;1_2&#8243;][et_pb_text background_layout=&#8221;light&#8221; text_orientation=&#8221;left&#8221; use_border_color=&#8221;off&#8221; border_color=&#8221;#ffffff&#8221; border_style=&#8221;solid&#8221; module_class=&#8221;omttextuslugi top60&#8243; background_position=&#8221;top_left&#8221; background_repeat=&#8221;repeat&#8221; background_size=&#8221;initial&#8221;]<\/p>\n<h3>Programowanie uk\u0142ad\u00f3w elektronicznych<\/h3>\n<ul>\n<li>Pracujemy w r\u00f3\u017cnorodnej architekturze, m.in. PIC16, PIC18, AVR, rodziny STM8 i STM32,<\/li>\n<li>Oprogramowujemy sensory i uk\u0142ady peryferyjne (m.in. GPS, akcelerometry, magnetometry, \u017cyroskopy, czujniki temperatury i ci\u015bnienia, czujniki \u015bwiat\u0142a),<\/li>\n<li>W naszych urz\u0105dzeniach zapewniamy komunikacj\u0119 w techno- logiach jak GSM, CAN, Ethernet, USB, RS485, RS232, I2C, SPI, UART, Bluetooth, IEEE802.15.4. Stosujemy te\u017c komunikacj\u0119 w pa\u015bmie VHF,<\/li>\n<li>Swoje rozwi\u0105zania opieramy o systemy operacyjne czasu rzeczywistego.<\/li>\n<\/ul>\n<p>[\/et_pb_text][\/et_pb_column][\/et_pb_row][et_pb_row make_fullwidth=&#8221;off&#8221; use_custom_width=&#8221;off&#8221; width_unit=&#8221;on&#8221; use_custom_gutter=&#8221;off&#8221; padding_mobile=&#8221;off&#8221; allow_player_pause=&#8221;off&#8221; parallax=&#8221;off&#8221; parallax_method=&#8221;off&#8221; make_equal=&#8221;off&#8221; parallax_1=&#8221;off&#8221; parallax_method_1=&#8221;off&#8221; parallax_2=&#8221;off&#8221; parallax_method_2=&#8221;off&#8221; column_padding_mobile=&#8221;on&#8221; module_class_1=&#8221;et-waypoint et_pb_animation_left&#8221; background_position=&#8221;top_left&#8221; background_repeat=&#8221;repeat&#8221; background_size=&#8221;initial&#8221;][et_pb_column type=&#8221;1_2&#8243;][et_pb_text background_layout=&#8221;light&#8221; text_orientation=&#8221;left&#8221; use_border_color=&#8221;off&#8221; border_color=&#8221;#ffffff&#8221; border_style=&#8221;solid&#8221; module_class=&#8221;omttextuslugi top60&#8243; background_position=&#8221;top_left&#8221; background_repeat=&#8221;repeat&#8221; background_size=&#8221;initial&#8221;]<\/p>\n<h3>Przygotowanie do wdro\u017cenia<\/h3>\n<p>Na koniec projektu przed przekazaniem go do produkcji przeprowadzamy nast\u0119puj\u0105ce dzia\u0142ania:<\/p>\n<ul>\n<li>Przekazujemy kompletn\u0105 dokumentacj\u0119 produkcyjn\u0105, instalacyjn\u0105 i u\u017cytkownika,<\/li>\n<li>Dostarczamy programowe i sprz\u0119towe narz\u0119dzia kalibracyjne,<\/li>\n<li>Zapewniamy wszelkie niezb\u0119dne narz\u0119dzia, kt\u00f3re pozwol\u0105 na zachowanie jako\u015bci w procesie produkcji,<\/li>\n<li>Szkolimy kadr\u0119 produkcyjn\u0105.<\/li>\n<\/ul>\n<p>[\/et_pb_text][\/et_pb_column][et_pb_column type=&#8221;1_2&#8243;][et_pb_image src=&#8221;\/wp-content\/uploads\/2017\/07\/img005.jpg&#8221; show_in_lightbox=&#8221;off&#8221; url_new_window=&#8221;off&#8221; use_overlay=&#8221;off&#8221; align=&#8221;center&#8221; force_fullwidth=&#8221;off&#8221; always_center_on_mobile=&#8221;on&#8221; use_border_color=&#8221;off&#8221; custom_margin=&#8221;60px|||&#8221; animation_style=&#8221;slide&#8221; animation_duration=&#8221;500ms&#8221; animation_intensity_slide=&#8221;10%&#8221; animation_direction=&#8221;right&#8221; show_bottom_space=&#8221;on&#8221; _builder_version=&#8221;3.0.106&#8243;]<\/p>\n<p>&nbsp;<\/p>\n<p>[\/et_pb_image][\/et_pb_column][\/et_pb_row][\/et_pb_section][et_pb_section bb_built=&#8221;1&#8243; fullwidth=&#8221;off&#8221; specialty=&#8221;off&#8221; locked=&#8221;off&#8221; prev_background_color=&#8221;#000000&#8243;][et_pb_row make_fullwidth=&#8221;off&#8221; use_custom_width=&#8221;off&#8221; width_unit=&#8221;on&#8221; use_custom_gutter=&#8221;off&#8221; custom_padding=&#8221;0px|||&#8221; padding_mobile=&#8221;off&#8221; allow_player_pause=&#8221;off&#8221; parallax=&#8221;off&#8221; parallax_method=&#8221;off&#8221; make_equal=&#8221;off&#8221; parallax_1=&#8221;off&#8221; parallax_method_1=&#8221;off&#8221; parallax_2=&#8221;off&#8221; parallax_method_2=&#8221;off&#8221; column_padding_mobile=&#8221;on&#8221; parent_locked=&#8221;off&#8221; background_position=&#8221;top_left&#8221; background_repeat=&#8221;repeat&#8221; background_size=&#8221;initial&#8221;][et_pb_column type=&#8221;3_4&#8243;][\/et_pb_column][et_pb_column type=&#8221;1_4&#8243;][et_pb_code module_class=&#8221;backtoofferred&#8221; parent_locked=&#8221;off&#8221; _builder_version=&#8221;3.0.106&#8243;]&lt;a href=&#8221;\/omtech\/uslugi\/&#8221;&gt;Powr\u00f3t&lt;\/a&gt;[\/et_pb_code][\/et_pb_column][\/et_pb_row][\/et_pb_section]<\/p>\n","protected":false},"excerpt":{"rendered":"<p>[et_pb_section bb_built=&#8221;1&#8243; admin_label=&#8221;section&#8221; transparent_background=&#8221;off&#8221; background_color=&#8221;#f7f7f7&#8243; allow_player_pause=&#8221;off&#8221; inner_shadow=&#8221;off&#8221; parallax=&#8221;off&#8221; parallax_method=&#8221;off&#8221; padding_mobile=&#8221;on&#8221; make_fullwidth=&#8221;off&#8221; use_custom_width=&#8221;off&#8221; width_unit=&#8221;on&#8221; make_equal=&#8221;off&#8221; use_custom_gutter=&#8221;off&#8221; custom_padding=&#8221;10px||10px|&#8221; locked=&#8221;off&#8221; custom_padding_tablet=&#8221;10px||10px|&#8221; next_background_color=&#8221;#FFFFFF&#8221;][et_pb_row admin_label=&#8221;row&#8221; parent_locked=&#8221;off&#8221; background_position=&#8221;top_left&#8221; background_repeat=&#8221;repeat&#8221; background_size=&#8221;initial&#8221;][et_pb_column type=&#8221;3_4&#8243;][et_pb_blurb admin_label=&#8221;Projektowanie urz\u0105dze\u0144&#8221; title=&#8221;Projektowanie urz\u0105dze\u0144&#8221; url_new_window=&#8221;off&#8221; use_icon=&#8221;off&#8221; use_circle=&#8221;off&#8221; use_circle_border=&#8221;off&#8221; image=&#8221;\/wp-content\/uploads\/2017\/07\/omt_icon4.svg&#8221; icon_placement=&#8221;left&#8221; animation=&#8221;left&#8221; background_layout=&#8221;light&#8221; use_icon_font_size=&#8221;off&#8221; use_border_color=&#8221;off&#8221; module_class=&#8221;blurb_produkt_omtech&#8221; parent_locked=&#8221;off&#8221; background_position=&#8221;top_left&#8221; background_repeat=&#8221;repeat&#8221; background_size=&#8221;initial&#8221; _builder_version=&#8221;3.0.106&#8243; max_width_tablet=&#8221;50px&#8221;] Posiadamy ponad 10 lat do\u015bwiadczenia w projektowaniu urz\u0105dze\u0144 elektronicznych, [&hellip;]<\/p>\n","protected":false},"author":15,"featured_media":0,"parent":317,"menu_order":0,"comment_status":"closed","ping_status":"closed","template":"","meta":{"inline_featured_image":false,"_monsterinsights_skip_tracking":false,"_monsterinsights_sitenote_active":false,"_monsterinsights_sitenote_note":"","_monsterinsights_sitenote_category":0,"footnotes":""},"class_list":["post-363","page","type-page","status-publish","hentry"],"_links":{"self":[{"href":"https:\/\/omtech.pl\/en\/wp-json\/wp\/v2\/pages\/363","targetHints":{"allow":["GET"]}}],"collection":[{"href":"https:\/\/omtech.pl\/en\/wp-json\/wp\/v2\/pages"}],"about":[{"href":"https:\/\/omtech.pl\/en\/wp-json\/wp\/v2\/types\/page"}],"author":[{"embeddable":true,"href":"https:\/\/omtech.pl\/en\/wp-json\/wp\/v2\/users\/15"}],"replies":[{"embeddable":true,"href":"https:\/\/omtech.pl\/en\/wp-json\/wp\/v2\/comments?post=363"}],"version-history":[{"count":0,"href":"https:\/\/omtech.pl\/en\/wp-json\/wp\/v2\/pages\/363\/revisions"}],"up":[{"embeddable":true,"href":"https:\/\/omtech.pl\/en\/wp-json\/wp\/v2\/pages\/317"}],"wp:attachment":[{"href":"https:\/\/omtech.pl\/en\/wp-json\/wp\/v2\/media?parent=363"}],"curies":[{"name":"wp","href":"https:\/\/api.w.org\/{rel}","templated":true}]}}