{"id":317,"date":"2017-07-09T19:15:58","date_gmt":"2017-07-09T17:15:58","guid":{"rendered":"http:\/\/nowastrona.pulson.pl\/?post_type=omtech&#038;p=317"},"modified":"2025-03-03T09:33:49","modified_gmt":"2025-03-03T08:33:49","slug":"uslugi","status":"publish","type":"page","link":"https:\/\/omtech.pl\/en\/uslugi\/","title":{"rendered":"Services"},"content":{"rendered":"<div data-elementor-type=\"wp-page\" data-elementor-id=\"317\" class=\"elementor elementor-317\">\n\t\t\t\t<div class=\"elementor-element elementor-element-def6d95 e-flex e-con-boxed e-con e-parent\" data-id=\"def6d95\" data-element_type=\"container\" data-e-type=\"container\">\n\t\t\t\t\t<div class=\"e-con-inner\">\n\t\t\t\t<div class=\"elementor-element elementor-element-bec9477 elementor-widget elementor-widget-heading\" data-id=\"bec9477\" data-element_type=\"widget\" data-e-type=\"widget\" data-widget_type=\"heading.default\">\n\t\t\t\t<div class=\"elementor-widget-container\">\n\t\t\t\t\t<h2 class=\"elementor-heading-title elementor-size-default\">Services<\/h2>\t\t\t\t<\/div>\n\t\t\t\t<\/div>\n\t\t\t\t\t<\/div>\n\t\t\t\t<\/div>\n\t\t<div class=\"elementor-element elementor-element-aeed545 e-flex e-con-boxed e-con e-parent\" data-id=\"aeed545\" data-element_type=\"container\" data-e-type=\"container\">\n\t\t\t\t\t<div class=\"e-con-inner\">\n\t\t<div class=\"elementor-element elementor-element-f3f048d e-con-full e-flex e-con e-child\" data-id=\"f3f048d\" data-element_type=\"container\" data-e-type=\"container\">\n\t\t\t\t<div class=\"elementor-element elementor-element-29a73c9 elementor-widget elementor-widget-image\" data-id=\"29a73c9\" data-element_type=\"widget\" data-e-type=\"widget\" data-widget_type=\"image.default\">\n\t\t\t\t<div class=\"elementor-widget-container\">\n\t\t\t\t\t\t\t\t\t\t\t\t\t\t\t<img decoding=\"async\" width=\"71\" height=\"71\" src=\"https:\/\/omtech.pl\/wp-content\/uploads\/2017\/07\/omt_icon4.svg\" class=\"attachment-large size-large wp-image-340\" alt=\"\" loading=\"lazy\" \/>\t\t\t\t\t\t\t\t\t\t\t\t\t\t\t<\/div>\n\t\t\t\t<\/div>\n\t\t\t\t<div class=\"elementor-element elementor-element-9f662c9 elementor-widget elementor-widget-heading\" data-id=\"9f662c9\" data-element_type=\"widget\" data-e-type=\"widget\" data-widget_type=\"heading.default\">\n\t\t\t\t<div class=\"elementor-widget-container\">\n\t\t\t\t\t<h2 class=\"elementor-heading-title elementor-size-default\">Projektowanie urz\u0105dze\u0144<\/h2>\t\t\t\t<\/div>\n\t\t\t\t<\/div>\n\t\t\t\t<div class=\"elementor-element elementor-element-884f371 elementor-widget elementor-widget-text-editor\" data-id=\"884f371\" data-element_type=\"widget\" data-e-type=\"widget\" data-widget_type=\"text-editor.default\">\n\t\t\t\t<div class=\"elementor-widget-container\">\n\t\t\t\t\t\t\t\t\tPosiadamy ponad 10 lat do\u015bwiadczenia w projektowaniu urz\u0105dze\u0144 elektronicznych, przede wszystkim w bran\u017cy zabezpiecze\u0144 elektronicznych.\t\t\t\t\t\t\t\t<\/div>\n\t\t\t\t<\/div>\n\t\t\t\t<\/div>\n\t\t<div class=\"elementor-element elementor-element-9f90c6d e-con-full e-flex e-con e-child\" data-id=\"9f90c6d\" data-element_type=\"container\" data-e-type=\"container\">\n\t\t\t\t<div class=\"elementor-element elementor-element-a3738de elementor-widget elementor-widget-image\" data-id=\"a3738de\" data-element_type=\"widget\" data-e-type=\"widget\" data-widget_type=\"image.default\">\n\t\t\t\t<div class=\"elementor-widget-container\">\n\t\t\t\t\t\t\t\t\t\t\t\t\t\t\t<img decoding=\"async\" width=\"69\" height=\"69\" src=\"https:\/\/omtech.pl\/wp-content\/uploads\/2017\/07\/omt_icon5.svg\" class=\"attachment-large size-large wp-image-341\" alt=\"\" loading=\"lazy\" \/>\t\t\t\t\t\t\t\t\t\t\t\t\t\t\t<\/div>\n\t\t\t\t<\/div>\n\t\t\t\t<div class=\"elementor-element elementor-element-b567851 elementor-widget elementor-widget-heading\" data-id=\"b567851\" data-element_type=\"widget\" data-e-type=\"widget\" data-widget_type=\"heading.default\">\n\t\t\t\t<div class=\"elementor-widget-container\">\n\t\t\t\t\t<h2 class=\"elementor-heading-title elementor-size-default\">IT services<\/h2>\t\t\t\t<\/div>\n\t\t\t\t<\/div>\n\t\t\t\t<div class=\"elementor-element elementor-element-58f3969 elementor-widget elementor-widget-text-editor\" data-id=\"58f3969\" data-element_type=\"widget\" data-e-type=\"widget\" data-widget_type=\"text-editor.default\">\n\t\t\t\t<div class=\"elementor-widget-container\">\n\t\t\t\t\t\t\t\t\tW dobie wysokiej dost\u0119pno\u015bci us\u0142ug transmisji danych, nawet najprostsze urz\u0105dzenia elektroniczne musz\u0105 by\u0107 dost\u0119pne z ka\u017cdego miejsca na \u015bwiecie, w dowolnym momencie.\t\t\t\t\t\t\t\t<\/div>\n\t\t\t\t<\/div>\n\t\t\t\t<\/div>\n\t\t<div class=\"elementor-element elementor-element-5e9e855 e-con-full e-flex e-con e-child\" data-id=\"5e9e855\" data-element_type=\"container\" data-e-type=\"container\">\n\t\t\t\t<div class=\"elementor-element elementor-element-d276e77 elementor-widget elementor-widget-image\" data-id=\"d276e77\" data-element_type=\"widget\" data-e-type=\"widget\" data-widget_type=\"image.default\">\n\t\t\t\t<div class=\"elementor-widget-container\">\n\t\t\t\t\t\t\t\t\t\t\t\t\t\t\t<img decoding=\"async\" width=\"90\" height=\"61\" src=\"https:\/\/omtech.pl\/wp-content\/uploads\/2017\/07\/omt_icon6.svg\" class=\"attachment-large size-large wp-image-342\" alt=\"\" loading=\"lazy\" \/>\t\t\t\t\t\t\t\t\t\t\t\t\t\t\t<\/div>\n\t\t\t\t<\/div>\n\t\t\t\t<div class=\"elementor-element elementor-element-e54ef0d elementor-widget elementor-widget-heading\" data-id=\"e54ef0d\" data-element_type=\"widget\" data-e-type=\"widget\" data-widget_type=\"heading.default\">\n\t\t\t\t<div class=\"elementor-widget-container\">\n\t\t\t\t\t<h2 class=\"elementor-heading-title elementor-size-default\">Wsp\u00f3\u0142praca<\/h2>\t\t\t\t<\/div>\n\t\t\t\t<\/div>\n\t\t\t\t<div class=\"elementor-element elementor-element-3c49a41 elementor-widget elementor-widget-text-editor\" data-id=\"3c49a41\" data-element_type=\"widget\" data-e-type=\"widget\" data-widget_type=\"text-editor.default\">\n\t\t\t\t<div class=\"elementor-widget-container\">\n\t\t\t\t\t\t\t\t\tFirma OMTECH poszukuje powa\u017cnych Partner\u00f3w biznesowych z do\u015bwiadczeniem w us\u0142ugach monitorowania i lokalizacji pojazd\u00f3w.\t\t\t\t\t\t\t\t<\/div>\n\t\t\t\t<\/div>\n\t\t\t\t<\/div>\n\t\t\t\t\t<\/div>\n\t\t\t\t<\/div>\n\t\t\t\t<\/div>","protected":false},"excerpt":{"rendered":"<p>Us\u0142ugi Projektowanie urz\u0105dze\u0144 Posiadamy ponad 10 lat do\u015bwiadczenia w projektowaniu urz\u0105dze\u0144 elektronicznych, przede wszystkim w bran\u017cy zabezpiecze\u0144 elektronicznych. Us\u0142ugi IT W dobie wysokiej dost\u0119pno\u015bci us\u0142ug transmisji danych, nawet najprostsze urz\u0105dzenia elektroniczne musz\u0105 by\u0107 dost\u0119pne z ka\u017cdego miejsca na \u015bwiecie, w dowolnym momencie. Wsp\u00f3\u0142praca Firma OMTECH poszukuje powa\u017cnych Partner\u00f3w biznesowych z do\u015bwiadczeniem w us\u0142ugach monitorowania i [&hellip;]<\/p>\n","protected":false},"author":15,"featured_media":0,"parent":0,"menu_order":0,"comment_status":"closed","ping_status":"closed","template":"","meta":{"inline_featured_image":false,"_monsterinsights_skip_tracking":false,"_monsterinsights_sitenote_active":false,"_monsterinsights_sitenote_note":"","_monsterinsights_sitenote_category":0,"footnotes":""},"class_list":["post-317","page","type-page","status-publish","hentry"],"yoast_head":"<!-- This site is optimized with the Yoast SEO plugin v27.5 - https:\/\/yoast.com\/product\/yoast-seo-wordpress\/ -->\n<title>Us\u0142ugi - Omtech<\/title>\n<meta name=\"robots\" content=\"index, follow, max-snippet:-1, max-image-preview:large, max-video-preview:-1\" \/>\n<link rel=\"canonical\" href=\"https:\/\/omtech.pl\/en\/uslugi\/\" \/>\n<meta property=\"og:locale\" content=\"en_GB\" \/>\n<meta property=\"og:type\" content=\"article\" \/>\n<meta property=\"og:title\" content=\"Us\u0142ugi - Omtech\" \/>\n<meta property=\"og:description\" content=\"Us\u0142ugi Projektowanie urz\u0105dze\u0144 Posiadamy ponad 10 lat do\u015bwiadczenia w projektowaniu urz\u0105dze\u0144 elektronicznych, przede wszystkim w bran\u017cy zabezpiecze\u0144 elektronicznych. Us\u0142ugi IT W dobie wysokiej dost\u0119pno\u015bci us\u0142ug transmisji danych, nawet najprostsze urz\u0105dzenia elektroniczne musz\u0105 by\u0107 dost\u0119pne z ka\u017cdego miejsca na \u015bwiecie, w dowolnym momencie. Wsp\u00f3\u0142praca Firma OMTECH poszukuje powa\u017cnych Partner\u00f3w biznesowych z do\u015bwiadczeniem w us\u0142ugach monitorowania i [&hellip;]\" \/>\n<meta property=\"og:url\" content=\"https:\/\/omtech.pl\/en\/uslugi\/\" \/>\n<meta property=\"og:site_name\" content=\"Omtech\" \/>\n<meta property=\"article:modified_time\" content=\"2025-03-03T08:33:49+00:00\" \/>\n<meta name=\"twitter:card\" content=\"summary_large_image\" \/>\n<script type=\"application\/ld+json\" class=\"yoast-schema-graph\">{\"@context\":\"https:\\\/\\\/schema.org\",\"@graph\":[{\"@type\":\"WebPage\",\"@id\":\"https:\\\/\\\/omtech.pl\\\/en\\\/uslugi\\\/\",\"url\":\"https:\\\/\\\/omtech.pl\\\/en\\\/uslugi\\\/\",\"name\":\"Us\u0142ugi - Omtech\",\"isPartOf\":{\"@id\":\"https:\\\/\\\/omtech.pl\\\/en\\\/#website\"},\"primaryImageOfPage\":{\"@id\":\"https:\\\/\\\/omtech.pl\\\/en\\\/uslugi\\\/#primaryimage\"},\"image\":{\"@id\":\"https:\\\/\\\/omtech.pl\\\/en\\\/uslugi\\\/#primaryimage\"},\"thumbnailUrl\":\"https:\\\/\\\/omtech.pl\\\/wp-content\\\/uploads\\\/2017\\\/07\\\/omt_icon4.svg\",\"datePublished\":\"2017-07-09T17:15:58+00:00\",\"dateModified\":\"2025-03-03T08:33:49+00:00\",\"breadcrumb\":{\"@id\":\"https:\\\/\\\/omtech.pl\\\/en\\\/uslugi\\\/#breadcrumb\"},\"inLanguage\":\"en-GB\",\"potentialAction\":[{\"@type\":\"ReadAction\",\"target\":[\"https:\\\/\\\/omtech.pl\\\/en\\\/uslugi\\\/\"]}]},{\"@type\":\"ImageObject\",\"inLanguage\":\"en-GB\",\"@id\":\"https:\\\/\\\/omtech.pl\\\/en\\\/uslugi\\\/#primaryimage\",\"url\":\"https:\\\/\\\/omtech.pl\\\/wp-content\\\/uploads\\\/2017\\\/07\\\/omt_icon4.svg\",\"contentUrl\":\"https:\\\/\\\/omtech.pl\\\/wp-content\\\/uploads\\\/2017\\\/07\\\/omt_icon4.svg\"},{\"@type\":\"BreadcrumbList\",\"@id\":\"https:\\\/\\\/omtech.pl\\\/en\\\/uslugi\\\/#breadcrumb\",\"itemListElement\":[{\"@type\":\"ListItem\",\"position\":1,\"name\":\"Strona g\u0142\u00f3wna\",\"item\":\"https:\\\/\\\/omtech.pl\\\/\"},{\"@type\":\"ListItem\",\"position\":2,\"name\":\"Us\u0142ugi\"}]},{\"@type\":\"WebSite\",\"@id\":\"https:\\\/\\\/omtech.pl\\\/en\\\/#website\",\"url\":\"https:\\\/\\\/omtech.pl\\\/en\\\/\",\"name\":\"Omtech\",\"description\":\"Firmy Omtech i Pulson stanowi\u0105 silny tandem projektuj\u0105cy i produkuj\u0105cy urz\u0105dzenia elektroniczne i systemy informatyczne.\",\"potentialAction\":[{\"@type\":\"SearchAction\",\"target\":{\"@type\":\"EntryPoint\",\"urlTemplate\":\"https:\\\/\\\/omtech.pl\\\/en\\\/?s={search_term_string}\"},\"query-input\":{\"@type\":\"PropertyValueSpecification\",\"valueRequired\":true,\"valueName\":\"search_term_string\"}}],\"inLanguage\":\"en-GB\"}]}<\/script>\n<!-- \/ Yoast SEO plugin. -->","yoast_head_json":{"title":"Us\u0142ugi - Omtech","robots":{"index":"index","follow":"follow","max-snippet":"max-snippet:-1","max-image-preview":"max-image-preview:large","max-video-preview":"max-video-preview:-1"},"canonical":"https:\/\/omtech.pl\/en\/uslugi\/","og_locale":"en_GB","og_type":"article","og_title":"Us\u0142ugi - Omtech","og_description":"Us\u0142ugi Projektowanie urz\u0105dze\u0144 Posiadamy ponad 10 lat do\u015bwiadczenia w projektowaniu urz\u0105dze\u0144 elektronicznych, przede wszystkim w bran\u017cy zabezpiecze\u0144 elektronicznych. Us\u0142ugi IT W dobie wysokiej dost\u0119pno\u015bci us\u0142ug transmisji danych, nawet najprostsze urz\u0105dzenia elektroniczne musz\u0105 by\u0107 dost\u0119pne z ka\u017cdego miejsca na \u015bwiecie, w dowolnym momencie. Wsp\u00f3\u0142praca Firma OMTECH poszukuje powa\u017cnych Partner\u00f3w biznesowych z do\u015bwiadczeniem w us\u0142ugach monitorowania i [&hellip;]","og_url":"https:\/\/omtech.pl\/en\/uslugi\/","og_site_name":"Omtech","article_modified_time":"2025-03-03T08:33:49+00:00","twitter_card":"summary_large_image","schema":{"@context":"https:\/\/schema.org","@graph":[{"@type":"WebPage","@id":"https:\/\/omtech.pl\/en\/uslugi\/","url":"https:\/\/omtech.pl\/en\/uslugi\/","name":"Us\u0142ugi - Omtech","isPartOf":{"@id":"https:\/\/omtech.pl\/en\/#website"},"primaryImageOfPage":{"@id":"https:\/\/omtech.pl\/en\/uslugi\/#primaryimage"},"image":{"@id":"https:\/\/omtech.pl\/en\/uslugi\/#primaryimage"},"thumbnailUrl":"https:\/\/omtech.pl\/wp-content\/uploads\/2017\/07\/omt_icon4.svg","datePublished":"2017-07-09T17:15:58+00:00","dateModified":"2025-03-03T08:33:49+00:00","breadcrumb":{"@id":"https:\/\/omtech.pl\/en\/uslugi\/#breadcrumb"},"inLanguage":"en-GB","potentialAction":[{"@type":"ReadAction","target":["https:\/\/omtech.pl\/en\/uslugi\/"]}]},{"@type":"ImageObject","inLanguage":"en-GB","@id":"https:\/\/omtech.pl\/en\/uslugi\/#primaryimage","url":"https:\/\/omtech.pl\/wp-content\/uploads\/2017\/07\/omt_icon4.svg","contentUrl":"https:\/\/omtech.pl\/wp-content\/uploads\/2017\/07\/omt_icon4.svg"},{"@type":"BreadcrumbList","@id":"https:\/\/omtech.pl\/en\/uslugi\/#breadcrumb","itemListElement":[{"@type":"ListItem","position":1,"name":"Strona g\u0142\u00f3wna","item":"https:\/\/omtech.pl\/"},{"@type":"ListItem","position":2,"name":"Us\u0142ugi"}]},{"@type":"WebSite","@id":"https:\/\/omtech.pl\/en\/#website","url":"https:\/\/omtech.pl\/en\/","name":"Omtech","description":"Firmy Omtech i Pulson stanowi\u0105 silny tandem projektuj\u0105cy i produkuj\u0105cy urz\u0105dzenia elektroniczne i systemy informatyczne.","potentialAction":[{"@type":"SearchAction","target":{"@type":"EntryPoint","urlTemplate":"https:\/\/omtech.pl\/en\/?s={search_term_string}"},"query-input":{"@type":"PropertyValueSpecification","valueRequired":true,"valueName":"search_term_string"}}],"inLanguage":"en-GB"}]}},"_links":{"self":[{"href":"https:\/\/omtech.pl\/en\/wp-json\/wp\/v2\/pages\/317","targetHints":{"allow":["GET"]}}],"collection":[{"href":"https:\/\/omtech.pl\/en\/wp-json\/wp\/v2\/pages"}],"about":[{"href":"https:\/\/omtech.pl\/en\/wp-json\/wp\/v2\/types\/page"}],"author":[{"embeddable":true,"href":"https:\/\/omtech.pl\/en\/wp-json\/wp\/v2\/users\/15"}],"replies":[{"embeddable":true,"href":"https:\/\/omtech.pl\/en\/wp-json\/wp\/v2\/comments?post=317"}],"version-history":[{"count":0,"href":"https:\/\/omtech.pl\/en\/wp-json\/wp\/v2\/pages\/317\/revisions"}],"wp:attachment":[{"href":"https:\/\/omtech.pl\/en\/wp-json\/wp\/v2\/media?parent=317"}],"curies":[{"name":"wp","href":"https:\/\/api.w.org\/{rel}","templated":true}]}}