{"id":2818,"date":"2025-02-17T08:13:54","date_gmt":"2025-02-17T07:13:54","guid":{"rendered":"https:\/\/omtech.pl\/?page_id=2818"},"modified":"2025-02-17T08:15:44","modified_gmt":"2025-02-17T07:15:44","slug":"home-3","status":"publish","type":"page","link":"https:\/\/omtech.pl\/en\/home-3\/","title":{"rendered":"Home"},"content":{"rendered":"<div data-elementor-type=\"wp-page\" data-elementor-id=\"2818\" class=\"elementor elementor-2818\">\n\t\t\t\t<div class=\"elementor-element elementor-element-1f2543f9 e-con-full e-flex e-con e-parent\" data-id=\"1f2543f9\" data-element_type=\"container\" data-e-type=\"container\">\n\t\t\t\t<\/div>\n\t\t<div class=\"elementor-element elementor-element-f418030 e-flex e-con-boxed elementor-invisible e-con e-parent\" data-id=\"f418030\" data-element_type=\"container\" data-e-type=\"container\" data-settings=\"{&quot;animation&quot;:&quot;slideInRight&quot;,&quot;background_background&quot;:&quot;classic&quot;}\">\n\t\t\t\t\t<div class=\"e-con-inner\">\n\t\t<div class=\"elementor-element elementor-element-cf09aa2 e-grid e-con-full e-con e-child\" data-id=\"cf09aa2\" data-element_type=\"container\" data-e-type=\"container\">\n\t\t\t\t<div class=\"elementor-element elementor-element-b480551 e-transform elementor-widget elementor-widget-text-editor\" data-id=\"b480551\" data-element_type=\"widget\" data-e-type=\"widget\" data-settings=\"{&quot;_transform_scale_effect_hover&quot;:{&quot;unit&quot;:&quot;px&quot;,&quot;size&quot;:1.2,&quot;sizes&quot;:[]},&quot;_transform_scale_effect_hover_tablet&quot;:{&quot;unit&quot;:&quot;px&quot;,&quot;size&quot;:&quot;&quot;,&quot;sizes&quot;:[]},&quot;_transform_scale_effect_hover_mobile&quot;:{&quot;unit&quot;:&quot;px&quot;,&quot;size&quot;:&quot;&quot;,&quot;sizes&quot;:[]}}\" data-widget_type=\"text-editor.default\">\n\t\t\t\t<div class=\"elementor-widget-container\">\n\t\t\t\t\t\t\t\t\t<div class=\"offeromtbox\"><a href=\"\/en\/produkty\/smf-system-monitorowania-flot\/\"><img decoding=\"async\" src=\"\/imag\/omt_icon1.svg\" loading=\"lazy\" \/><\/a>\n<h2>System Monitorowania Flot &#8211; SMF<\/h2>\n<p>System Monitorowania Flot (SMF) to nowoczesna aplikacja do zarz\u0105dzania monitoringiem floty.<\/p>\n<\/div>\t\t\t\t\t\t\t\t<\/div>\n\t\t\t\t<\/div>\n\t\t\t\t<div class=\"elementor-element elementor-element-f0a6a31 e-transform elementor-widget elementor-widget-text-editor\" data-id=\"f0a6a31\" data-element_type=\"widget\" data-e-type=\"widget\" data-settings=\"{&quot;_transform_scale_effect_hover&quot;:{&quot;unit&quot;:&quot;px&quot;,&quot;size&quot;:1.2,&quot;sizes&quot;:[]},&quot;_transform_scale_effect_hover_tablet&quot;:{&quot;unit&quot;:&quot;px&quot;,&quot;size&quot;:&quot;&quot;,&quot;sizes&quot;:[]},&quot;_transform_scale_effect_hover_mobile&quot;:{&quot;unit&quot;:&quot;px&quot;,&quot;size&quot;:&quot;&quot;,&quot;sizes&quot;:[]}}\" data-widget_type=\"text-editor.default\">\n\t\t\t\t<div class=\"elementor-widget-container\">\n\t\t\t\t\t\t\t\t\t<div class=\"offeromtbox\"><a href=\"\/en\/uslugi\/projektowanie\/\"><img decoding=\"async\" src=\"\/imag\/omt_icon4.svg\" loading=\"lazy\" \/><\/a>\n<h2>Projektowanie urz\u0105dze\u0144<\/h2>\n<p>Posiadamy ponad 10 lat do\u015bwiadczenia w projektowaniu urz\u0105dze\u0144 elektronicznych, przede wszystkim w bran\u017cy zabezpiecze\u0144 elektronicznych.<\/p>\n<\/div>\t\t\t\t\t\t\t\t<\/div>\n\t\t\t\t<\/div>\n\t\t\t\t<div class=\"elementor-element elementor-element-c0ec24e e-transform elementor-widget elementor-widget-text-editor\" data-id=\"c0ec24e\" data-element_type=\"widget\" data-e-type=\"widget\" data-settings=\"{&quot;_transform_scale_effect_hover&quot;:{&quot;unit&quot;:&quot;px&quot;,&quot;size&quot;:1.2,&quot;sizes&quot;:[]},&quot;_transform_scale_effect_hover_tablet&quot;:{&quot;unit&quot;:&quot;px&quot;,&quot;size&quot;:&quot;&quot;,&quot;sizes&quot;:[]},&quot;_transform_scale_effect_hover_mobile&quot;:{&quot;unit&quot;:&quot;px&quot;,&quot;size&quot;:&quot;&quot;,&quot;sizes&quot;:[]}}\" data-widget_type=\"text-editor.default\">\n\t\t\t\t<div class=\"elementor-widget-container\">\n\t\t\t\t\t\t\t\t\t<div class=\"offeromtbox\"><a href=\"\/en\/uslugi\/it\/\"><img decoding=\"async\" src=\"\/imag\/omt_icon5.svg\" loading=\"lazy\" \/><\/a>\n<h2>IT services<\/h2>\n<p>W dobie wysokiej dost\u0119pno\u015bci us\u0142ug transmisji danych, nawet najprostsze urz\u0105dzenia elektroniczne musz\u0105 by\u0107 dost\u0119pne z ka\u017cdego miejsca na \u015bwiecie, w dowolnym momencie.<\/p>\n<\/div>\t\t\t\t\t\t\t\t<\/div>\n\t\t\t\t<\/div>\n\t\t\t\t<div class=\"elementor-element elementor-element-a6817a8 e-transform elementor-widget elementor-widget-text-editor\" data-id=\"a6817a8\" data-element_type=\"widget\" data-e-type=\"widget\" data-settings=\"{&quot;_transform_scale_effect_hover&quot;:{&quot;unit&quot;:&quot;px&quot;,&quot;size&quot;:1.2,&quot;sizes&quot;:[]},&quot;_transform_scale_effect_hover_tablet&quot;:{&quot;unit&quot;:&quot;px&quot;,&quot;size&quot;:&quot;&quot;,&quot;sizes&quot;:[]},&quot;_transform_scale_effect_hover_mobile&quot;:{&quot;unit&quot;:&quot;px&quot;,&quot;size&quot;:&quot;&quot;,&quot;sizes&quot;:[]}}\" data-widget_type=\"text-editor.default\">\n\t\t\t\t<div class=\"elementor-widget-container\">\n\t\t\t\t\t\t\t\t\t<div class=\"offeromtbox\"><a href=\"\/en\/uslugi\/wspolpraca\/\"><img decoding=\"async\" src=\"\/imag\/omt_icon6.svg\" loading=\"lazy\" \/><\/a>\n<h2>Wsp\u00f3\u0142praca<\/h2>\n<p>Firma OMTECH poszukuje powa\u017cnych Partner\u00f3w biznesowych z do\u015bwiadczeniem w us\u0142ugach monitorowania i lokalizacji pojazd\u00f3w.<\/p>\n<\/div>\t\t\t\t\t\t\t\t<\/div>\n\t\t\t\t<\/div>\n\t\t\t\t<\/div>\n\t\t\t\t\t<\/div>\n\t\t\t\t<\/div>\n\t\t<div class=\"elementor-element elementor-element-b6d4270 e-flex e-con-boxed elementor-invisible e-con e-parent\" data-id=\"b6d4270\" data-element_type=\"container\" data-e-type=\"container\" data-settings=\"{&quot;background_background&quot;:&quot;classic&quot;,&quot;animation&quot;:&quot;slideInRight&quot;}\">\n\t\t\t\t\t<div class=\"e-con-inner\">\n\t\t\t\t<div class=\"elementor-element elementor-element-e35001d e-transform elementor-widget elementor-widget-text-editor\" data-id=\"e35001d\" data-element_type=\"widget\" data-e-type=\"widget\" data-settings=\"{&quot;_transform_translateX_effect_hover&quot;:{&quot;unit&quot;:&quot;px&quot;,&quot;size&quot;:61,&quot;sizes&quot;:[]},&quot;_transform_translateX_effect_hover_tablet&quot;:{&quot;unit&quot;:&quot;px&quot;,&quot;size&quot;:&quot;&quot;,&quot;sizes&quot;:[]},&quot;_transform_translateX_effect_hover_mobile&quot;:{&quot;unit&quot;:&quot;px&quot;,&quot;size&quot;:&quot;&quot;,&quot;sizes&quot;:[]},&quot;_transform_translateY_effect_hover&quot;:{&quot;unit&quot;:&quot;px&quot;,&quot;size&quot;:&quot;&quot;,&quot;sizes&quot;:[]},&quot;_transform_translateY_effect_hover_tablet&quot;:{&quot;unit&quot;:&quot;px&quot;,&quot;size&quot;:&quot;&quot;,&quot;sizes&quot;:[]},&quot;_transform_translateY_effect_hover_mobile&quot;:{&quot;unit&quot;:&quot;px&quot;,&quot;size&quot;:&quot;&quot;,&quot;sizes&quot;:[]}}\" data-widget_type=\"text-editor.default\">\n\t\t\t\t<div class=\"elementor-widget-container\">\n\t\t\t\t\t\t\t\t\t<div>\n<p><img decoding=\"async\" src=\"\/wp-content\/uploads\/2017\/07\/omtech_logo_parallax.jpg\" loading=\"lazy\" \/><\/p>\n<h6 style=\"color: white;\"><span style=\"font-size: 36pt;\">projekt<\/span><br \/>\n<span style=\"font-size: 36pt;\">urz\u0105dzenie<\/span><br \/>\n<span style=\"font-size: 36pt;\">software<\/span><\/h6>\n<\/div>\t\t\t\t\t\t\t\t<\/div>\n\t\t\t\t<\/div>\n\t\t\t\t\t<\/div>\n\t\t\t\t<\/div>\n\t\t<div class=\"elementor-element elementor-element-be7cf7e e-flex e-con-boxed elementor-invisible e-con e-parent\" data-id=\"be7cf7e\" data-element_type=\"container\" data-e-type=\"container\" data-settings=\"{&quot;animation&quot;:&quot;slideInRight&quot;,&quot;background_background&quot;:&quot;classic&quot;}\">\n\t\t\t\t\t<div class=\"e-con-inner\">\n\t\t<div class=\"elementor-element elementor-element-c19271e e-con-full e-flex e-con e-child\" data-id=\"c19271e\" data-element_type=\"container\" data-e-type=\"container\">\n\t\t\t\t<div class=\"elementor-element elementor-element-885578a elementor-widget elementor-widget-text-editor\" data-id=\"885578a\" data-element_type=\"widget\" data-e-type=\"widget\" data-widget_type=\"text-editor.default\">\n\t\t\t\t<div class=\"elementor-widget-container\">\n\t\t\t\t\t\t\t\t\t<div class=\"ofirmie__text\">\n<h2>About the Company<\/h2>\n<p>Omtech rozpocz\u0105\u0142 swoj\u0105 dzia\u0142alno\u015b\u0107 w roku 2002 w Warszawie. Przez lata by\u0142 obecny na rynku zabezpiecze\u0144 elektronicznych m.in. poprzez autorski system monitorowania floty Viewpoint z wykorzystaniem technologii GPS i GPRS.<\/p>\n<p><strong style=\"color: #19546c;\">W roku 2012 Omtech zosta\u0142 cz\u0119\u015bci\u0105 grupy kapita\u0142owej NSS, w ramach kt\u00f3rej kontynuuje dzia\u0142ania w obszarze rozwoju system\u00f3w zabezpiecze\u0144 elektronicznych. <\/strong><\/p>\n<a style=\"font-weight: 700;color: #d20000;\" href=\"https:\/\/omtech.pl\/en\/omtech\/o-firmie\/\">Learn more.<\/a><\/div>\t\t\t\t\t\t\t\t<\/div>\n\t\t\t\t<\/div>\n\t\t\t\t<\/div>\n\t\t<div class=\"elementor-element elementor-element-8c952fa e-con-full e-flex e-con e-child\" data-id=\"8c952fa\" data-element_type=\"container\" data-e-type=\"container\">\n\t\t\t\t<div class=\"elementor-element elementor-element-be2f2c0 e-transform elementor-widget elementor-widget-text-editor\" data-id=\"be2f2c0\" data-element_type=\"widget\" data-e-type=\"widget\" data-settings=\"{&quot;_transform_scale_effect_hover&quot;:{&quot;unit&quot;:&quot;px&quot;,&quot;size&quot;:1.2,&quot;sizes&quot;:[]},&quot;_transform_scale_effect_hover_tablet&quot;:{&quot;unit&quot;:&quot;px&quot;,&quot;size&quot;:&quot;&quot;,&quot;sizes&quot;:[]},&quot;_transform_scale_effect_hover_mobile&quot;:{&quot;unit&quot;:&quot;px&quot;,&quot;size&quot;:&quot;&quot;,&quot;sizes&quot;:[]}}\" data-widget_type=\"text-editor.default\">\n\t\t\t\t<div class=\"elementor-widget-container\">\n\t\t\t\t\t\t\t\t\t<img decoding=\"async\" class=\"et-waypoint et_pb_animation_top et-animated\" src=\"\/wp-content\/uploads\/2017\/07\/bulb.png\" alt=\"\" loading=\"lazy\" \/>\n<h4 class=\"et_pb_module_header\">W\u0142asny Dzia\u0142 Research and Development<\/h4>\t\t\t\t\t\t\t\t<\/div>\n\t\t\t\t<\/div>\n\t\t\t\t<\/div>\n\t\t\t\t\t<\/div>\n\t\t\t\t<\/div>\n\t\t\t\t<\/div>","protected":false},"excerpt":{"rendered":"<p>System Monitorowania Flot &#8211; SMF System Monitorowania Flot (SMF) to nowoczesna aplikacja do zarz\u0105dzania monitoringiem floty. Projektowanie urz\u0105dze\u0144 Posiadamy ponad 10 lat do\u015bwiadczenia w projektowaniu urz\u0105dze\u0144 elektronicznych, przede wszystkim w bran\u017cy zabezpiecze\u0144 elektronicznych. Us\u0142ugi IT W dobie wysokiej dost\u0119pno\u015bci us\u0142ug transmisji danych, nawet najprostsze urz\u0105dzenia elektroniczne musz\u0105 by\u0107 dost\u0119pne z ka\u017cdego miejsca na \u015bwiecie, w [&hellip;]<\/p>\n","protected":false},"author":15,"featured_media":0,"parent":0,"menu_order":0,"comment_status":"closed","ping_status":"closed","template":"elementor_header_footer","meta":{"inline_featured_image":false,"_monsterinsights_skip_tracking":false,"_monsterinsights_sitenote_active":false,"_monsterinsights_sitenote_note":"","_monsterinsights_sitenote_category":0,"footnotes":""},"class_list":["post-2818","page","type-page","status-publish","hentry"],"_links":{"self":[{"href":"https:\/\/omtech.pl\/en\/wp-json\/wp\/v2\/pages\/2818","targetHints":{"allow":["GET"]}}],"collection":[{"href":"https:\/\/omtech.pl\/en\/wp-json\/wp\/v2\/pages"}],"about":[{"href":"https:\/\/omtech.pl\/en\/wp-json\/wp\/v2\/types\/page"}],"author":[{"embeddable":true,"href":"https:\/\/omtech.pl\/en\/wp-json\/wp\/v2\/users\/15"}],"replies":[{"embeddable":true,"href":"https:\/\/omtech.pl\/en\/wp-json\/wp\/v2\/comments?post=2818"}],"version-history":[{"count":0,"href":"https:\/\/omtech.pl\/en\/wp-json\/wp\/v2\/pages\/2818\/revisions"}],"wp:attachment":[{"href":"https:\/\/omtech.pl\/en\/wp-json\/wp\/v2\/media?parent=2818"}],"curies":[{"name":"wp","href":"https:\/\/api.w.org\/{rel}","templated":true}]}}