{"id":2786,"date":"2025-01-31T09:34:49","date_gmt":"2025-01-31T08:34:49","guid":{"rendered":"https:\/\/omtech.pl\/?page_id=2786"},"modified":"2025-01-31T09:35:35","modified_gmt":"2025-01-31T08:35:35","slug":"uslugi-2","status":"publish","type":"page","link":"https:\/\/omtech.pl\/en\/uslugi-2\/","title":{"rendered":"Services"},"content":{"rendered":"<div data-elementor-type=\"wp-page\" data-elementor-id=\"2786\" class=\"elementor elementor-2786\">\n\t\t\t\t<div class=\"elementor-element elementor-element-95fef91 e-flex e-con-boxed elementor-invisible e-con e-parent\" data-id=\"95fef91\" data-element_type=\"container\" data-e-type=\"container\" data-settings=\"{&quot;animation&quot;:&quot;slideInRight&quot;,&quot;background_background&quot;:&quot;classic&quot;}\">\n\t\t\t\t\t<div class=\"e-con-inner\">\n\t\t<div class=\"elementor-element elementor-element-775aa5a e-grid e-con-full e-con e-child\" data-id=\"775aa5a\" data-element_type=\"container\" data-e-type=\"container\">\n\t\t\t\t<div class=\"elementor-element elementor-element-c08f464 e-transform elementor-widget elementor-widget-text-editor\" data-id=\"c08f464\" data-element_type=\"widget\" data-e-type=\"widget\" data-settings=\"{&quot;_transform_scale_effect_hover&quot;:{&quot;unit&quot;:&quot;px&quot;,&quot;size&quot;:1.2,&quot;sizes&quot;:[]},&quot;_transform_scale_effect_hover_tablet&quot;:{&quot;unit&quot;:&quot;px&quot;,&quot;size&quot;:&quot;&quot;,&quot;sizes&quot;:[]},&quot;_transform_scale_effect_hover_mobile&quot;:{&quot;unit&quot;:&quot;px&quot;,&quot;size&quot;:&quot;&quot;,&quot;sizes&quot;:[]}}\" data-widget_type=\"text-editor.default\">\n\t\t\t\t<div class=\"elementor-widget-container\">\n\t\t\t\t\t\t\t\t\t<div class=\"offeromtbox\"><a href=\"\/en\/produkty\/smf-system-monitorowania-flot\/\"><img decoding=\"async\" src=\"\/imag\/omt_icon1.svg\" loading=\"lazy\" \/><\/a>\n<h2>System Monitorowania Flot &#8211; SMF<\/h2>\n<p>System Monitorowania Flot (SMF) to nowoczesna aplikacja do zarz\u0105dzania monitoringiem floty.<\/p>\n<\/div>\t\t\t\t\t\t\t\t<\/div>\n\t\t\t\t<\/div>\n\t\t\t\t<div class=\"elementor-element elementor-element-b6f1520 e-transform elementor-widget elementor-widget-text-editor\" data-id=\"b6f1520\" data-element_type=\"widget\" data-e-type=\"widget\" data-settings=\"{&quot;_transform_scale_effect_hover&quot;:{&quot;unit&quot;:&quot;px&quot;,&quot;size&quot;:1.2,&quot;sizes&quot;:[]},&quot;_transform_scale_effect_hover_tablet&quot;:{&quot;unit&quot;:&quot;px&quot;,&quot;size&quot;:&quot;&quot;,&quot;sizes&quot;:[]},&quot;_transform_scale_effect_hover_mobile&quot;:{&quot;unit&quot;:&quot;px&quot;,&quot;size&quot;:&quot;&quot;,&quot;sizes&quot;:[]}}\" data-widget_type=\"text-editor.default\">\n\t\t\t\t<div class=\"elementor-widget-container\">\n\t\t\t\t\t\t\t\t\t<div class=\"offeromtbox\"><a href=\"\/en\/uslugi\/projektowanie\/\"><img decoding=\"async\" src=\"\/imag\/omt_icon4.svg\" loading=\"lazy\" \/><\/a>\n<h2>Projektowanie urz\u0105dze\u0144<\/h2>\n<p>Posiadamy ponad 10 lat do\u015bwiadczenia w projektowaniu urz\u0105dze\u0144 elektronicznych, przede wszystkim w bran\u017cy zabezpiecze\u0144 elektronicznych.<\/p>\n<\/div>\t\t\t\t\t\t\t\t<\/div>\n\t\t\t\t<\/div>\n\t\t\t\t<div class=\"elementor-element elementor-element-af8c51b e-transform elementor-widget elementor-widget-text-editor\" data-id=\"af8c51b\" data-element_type=\"widget\" data-e-type=\"widget\" data-settings=\"{&quot;_transform_scale_effect_hover&quot;:{&quot;unit&quot;:&quot;px&quot;,&quot;size&quot;:1.2,&quot;sizes&quot;:[]},&quot;_transform_scale_effect_hover_tablet&quot;:{&quot;unit&quot;:&quot;px&quot;,&quot;size&quot;:&quot;&quot;,&quot;sizes&quot;:[]},&quot;_transform_scale_effect_hover_mobile&quot;:{&quot;unit&quot;:&quot;px&quot;,&quot;size&quot;:&quot;&quot;,&quot;sizes&quot;:[]}}\" data-widget_type=\"text-editor.default\">\n\t\t\t\t<div class=\"elementor-widget-container\">\n\t\t\t\t\t\t\t\t\t<div class=\"offeromtbox\"><a href=\"\/en\/uslugi\/it\/\"><img decoding=\"async\" src=\"\/imag\/omt_icon5.svg\" loading=\"lazy\" \/><\/a>\n<h2>IT services<\/h2>\n<p>W dobie wysokiej dost\u0119pno\u015bci us\u0142ug transmisji danych, nawet najprostsze urz\u0105dzenia elektroniczne musz\u0105 by\u0107 dost\u0119pne z ka\u017cdego miejsca na \u015bwiecie, w dowolnym momencie.<\/p>\n<\/div>\t\t\t\t\t\t\t\t<\/div>\n\t\t\t\t<\/div>\n\t\t\t\t<div class=\"elementor-element elementor-element-642b18f e-transform elementor-widget elementor-widget-text-editor\" data-id=\"642b18f\" data-element_type=\"widget\" data-e-type=\"widget\" data-settings=\"{&quot;_transform_scale_effect_hover&quot;:{&quot;unit&quot;:&quot;px&quot;,&quot;size&quot;:1.2,&quot;sizes&quot;:[]},&quot;_transform_scale_effect_hover_tablet&quot;:{&quot;unit&quot;:&quot;px&quot;,&quot;size&quot;:&quot;&quot;,&quot;sizes&quot;:[]},&quot;_transform_scale_effect_hover_mobile&quot;:{&quot;unit&quot;:&quot;px&quot;,&quot;size&quot;:&quot;&quot;,&quot;sizes&quot;:[]}}\" data-widget_type=\"text-editor.default\">\n\t\t\t\t<div class=\"elementor-widget-container\">\n\t\t\t\t\t\t\t\t\t<div class=\"offeromtbox\"><a href=\"\/en\/uslugi\/wspolpraca\/\"><img decoding=\"async\" src=\"\/imag\/omt_icon6.svg\" loading=\"lazy\" \/><\/a>\n<h2>Wsp\u00f3\u0142praca<\/h2>\n<p>Firma OMTECH poszukuje powa\u017cnych Partner\u00f3w biznesowych z do\u015bwiadczeniem w us\u0142ugach monitorowania i lokalizacji pojazd\u00f3w.<\/p>\n<\/div>\t\t\t\t\t\t\t\t<\/div>\n\t\t\t\t<\/div>\n\t\t\t\t<\/div>\n\t\t\t\t\t<\/div>\n\t\t\t\t<\/div>\n\t\t\t\t<\/div>","protected":false},"excerpt":{"rendered":"<p>System Monitorowania Flot &#8211; SMF System Monitorowania Flot (SMF) to nowoczesna aplikacja do zarz\u0105dzania monitoringiem floty. Projektowanie urz\u0105dze\u0144 Posiadamy ponad 10 lat do\u015bwiadczenia w projektowaniu urz\u0105dze\u0144 elektronicznych, przede wszystkim w bran\u017cy zabezpiecze\u0144 elektronicznych. Us\u0142ugi IT W dobie wysokiej dost\u0119pno\u015bci us\u0142ug transmisji danych, nawet najprostsze urz\u0105dzenia elektroniczne musz\u0105 by\u0107 dost\u0119pne z ka\u017cdego miejsca na \u015bwiecie, w [&hellip;]<\/p>\n","protected":false},"author":15,"featured_media":0,"parent":0,"menu_order":0,"comment_status":"closed","ping_status":"closed","template":"","meta":{"inline_featured_image":false,"_monsterinsights_skip_tracking":false,"_monsterinsights_sitenote_active":false,"_monsterinsights_sitenote_note":"","_monsterinsights_sitenote_category":0,"footnotes":""},"class_list":["post-2786","page","type-page","status-publish","hentry"],"_links":{"self":[{"href":"https:\/\/omtech.pl\/en\/wp-json\/wp\/v2\/pages\/2786","targetHints":{"allow":["GET"]}}],"collection":[{"href":"https:\/\/omtech.pl\/en\/wp-json\/wp\/v2\/pages"}],"about":[{"href":"https:\/\/omtech.pl\/en\/wp-json\/wp\/v2\/types\/page"}],"author":[{"embeddable":true,"href":"https:\/\/omtech.pl\/en\/wp-json\/wp\/v2\/users\/15"}],"replies":[{"embeddable":true,"href":"https:\/\/omtech.pl\/en\/wp-json\/wp\/v2\/comments?post=2786"}],"version-history":[{"count":0,"href":"https:\/\/omtech.pl\/en\/wp-json\/wp\/v2\/pages\/2786\/revisions"}],"wp:attachment":[{"href":"https:\/\/omtech.pl\/en\/wp-json\/wp\/v2\/media?parent=2786"}],"curies":[{"name":"wp","href":"https:\/\/api.w.org\/{rel}","templated":true}]}}