{"id":2686,"date":"2025-01-30T09:56:08","date_gmt":"2025-01-30T08:56:08","guid":{"rendered":"https:\/\/omtech.pl\/?page_id=2686"},"modified":"2025-01-31T09:27:40","modified_gmt":"2025-01-31T08:27:40","slug":"kontakt-2","status":"publish","type":"page","link":"https:\/\/omtech.pl\/en\/kontakt-2\/","title":{"rendered":"Contact"},"content":{"rendered":"<div data-elementor-type=\"wp-page\" data-elementor-id=\"2686\" class=\"elementor elementor-2686\">\n\t\t\t\t<div class=\"elementor-element elementor-element-63d785e e-flex e-con-boxed e-con e-parent\" data-id=\"63d785e\" data-element_type=\"container\" data-e-type=\"container\">\n\t\t\t\t\t<div class=\"e-con-inner\">\n\t\t<div class=\"elementor-element elementor-element-5950c75 e-con-full e-flex e-con e-child\" data-id=\"5950c75\" data-element_type=\"container\" data-e-type=\"container\">\n\t\t\t\t<div class=\"elementor-element elementor-element-d90ff32 elementor-widget elementor-widget-text-editor\" data-id=\"d90ff32\" data-element_type=\"widget\" data-e-type=\"widget\" data-widget_type=\"text-editor.default\">\n\t\t\t\t<div class=\"elementor-widget-container\">\n\t\t\t\t\t\t\t\t\t<p><span style=\"color: #000000;\"><b>Headquarters in Warsaw<br \/><\/b><\/span>ul. Modularna 11<br \/>02-238 Warszawa<br \/><strong><a href=\"https:\/\/omtech.pl\/en\/kontakt\/#mapsection\">zobacz na mapie<\/a><\/strong><\/p>\n<p><span style=\"color: #000000;\"><strong>Sales Department<\/strong><\/span><br \/><span style=\"color: #000000;\"><strong>e:<\/strong><\/span>\u00a0<strong><a href=\"mailto:kontakt@omtech.pl\">kontakt@omtech.pl<\/a><\/strong><br \/><span style=\"color: #000000;\"><strong>t:<\/strong><\/span>\u00a0<a href=\"http:\/\/532 683 221\" data-wplink-url-error=\"true\"><strong>+ 48\u00a0532 683 221<\/strong><\/a><br \/>w godz.: 8:00-16:00 (pon.-pt.)<\/p>\n<p><span style=\"color: #000000;\"><strong>Administrative Department<\/strong><\/span><br \/><span style=\"color: #000000;\"><strong>e:<\/strong><\/span>\u00a0<strong><a href=\"mailto:biuro@omtech.pl\">biuro@omtech.pl<\/a><\/strong><br \/><span style=\"color: #000000;\"><strong>t:<\/strong><\/span>\u00a0<strong><a href=\"http:\/\/665\u00a0940 130\" data-wplink-url-error=\"true\">+48 665\u00a0940 130<\/a><\/strong><br \/><span style=\"color: #000000;\"><strong>t:<\/strong><\/span>\u00a0<a href=\"http:\/\/22 864 68 54\" data-wplink-url-error=\"true\"><strong>+48 22 864 68 54<\/strong><\/a> wew. <strong>301<\/strong><br \/>From 8:00 AM to 4:00 PM (Mon-Fri)<\/p>\t\t\t\t\t\t\t\t<\/div>\n\t\t\t\t<\/div>\n\t\t\t\t<\/div>\n\t\t<div class=\"elementor-element elementor-element-f5b77b9 e-con-full e-flex e-con e-child\" data-id=\"f5b77b9\" data-element_type=\"container\" data-e-type=\"container\">\n\t\t\t\t<div class=\"elementor-element elementor-element-21006db elementor-widget elementor-widget-text-editor\" data-id=\"21006db\" data-element_type=\"widget\" data-e-type=\"widget\" data-widget_type=\"text-editor.default\">\n\t\t\t\t<div class=\"elementor-widget-container\">\n\t\t\t\t\t\t\t\t\t<p><span style=\"color: #000000;\"><strong>Branch in Siedlce<\/strong><\/span><br \/>ul. Pu\u0142askiego 13<br \/>08-110 Siedlce<br \/><strong><a href=\"https:\/\/omtech.pl\/en\/kontakt\/#mapsection2\">zobacz na mapie<\/a><\/strong><br \/><br \/><span style=\"color: #000000;\"><strong>Technical Support Department<\/strong><\/span><br \/><strong>e:<\/strong>\u00a0<strong><a href=\"mailto:pomoc@omtech.pl\">pomoc@omtech.pl<\/a><\/strong><br \/><strong>t:<\/strong>\u00a0<strong><a href=\"http:\/\/22 864 68 54\" data-wplink-url-error=\"true\">+48 22 864 68 54<\/a><\/strong> wew. <strong>307<\/strong><br \/>From 8:00 AM to 3:00 PM (Mon-Fri)<br \/><br \/><span style=\"color: #000000;\"><strong>Company Registration Details<\/strong><\/span><br \/>Omtech Sp. z o.o.<br \/>ul. Przy Agorze 13C lok. 1<br \/>01-960 Warszawa<br \/>NIP: 118-16-57-766<br \/>KRS: 0000128179<\/p>\t\t\t\t\t\t\t\t<\/div>\n\t\t\t\t<\/div>\n\t\t\t\t<\/div>\n\t\t\t\t\t<\/div>\n\t\t\t\t<\/div>\n\t\t\t\t<\/div>","protected":false},"excerpt":{"rendered":"<p>Siedziba w Warszawieul. Modularna 1102-238 Warszawazobacz na mapie Dzia\u0142 handlowye:\u00a0kontakt@omtech.plt:\u00a0+ 48\u00a0532 683 221w godz.: 8:00-16:00 (pon.-pt.) Dzia\u0142 administracyjnye:\u00a0biuro@omtech.plt:\u00a0+48 665\u00a0940 130t:\u00a0+48 22 864 68 54 wew. 301w godz. 8:00\u201316:00 (pon.-pt.) Oddzia\u0142 w Siedlcachul. Pu\u0142askiego 1308-110 Siedlcezobacz na mapie Dzia\u0142 pomocy techniczneje:\u00a0pomoc@omtech.plt:\u00a0+48 22 864 68 54 wew. 307w godz. 8:00\u201315:00 (pon.-pt.) Dane rejestrowe sp\u00f3\u0142kiOmtech Sp. z o.o.ul. [&hellip;]<\/p>\n","protected":false},"author":15,"featured_media":0,"parent":0,"menu_order":0,"comment_status":"closed","ping_status":"closed","template":"","meta":{"inline_featured_image":false,"_monsterinsights_skip_tracking":false,"_monsterinsights_sitenote_active":false,"_monsterinsights_sitenote_note":"","_monsterinsights_sitenote_category":0,"footnotes":""},"class_list":["post-2686","page","type-page","status-publish","hentry"],"yoast_head":"<!-- This site is optimized with the Yoast SEO plugin v27.5 - https:\/\/yoast.com\/product\/yoast-seo-wordpress\/ -->\n<title>Kontakt - Omtech<\/title>\n<meta name=\"robots\" content=\"index, follow, max-snippet:-1, max-image-preview:large, max-video-preview:-1\" \/>\n<link rel=\"canonical\" href=\"https:\/\/omtech.pl\/en\/kontakt-2\/\" \/>\n<meta property=\"og:locale\" content=\"en_GB\" \/>\n<meta property=\"og:type\" content=\"article\" \/>\n<meta property=\"og:title\" content=\"Kontakt - Omtech\" \/>\n<meta property=\"og:description\" content=\"Siedziba w Warszawieul. Modularna 1102-238 Warszawazobacz na mapie Dzia\u0142 handlowye:\u00a0kontakt@omtech.plt:\u00a0+ 48\u00a0532 683 221w godz.: 8:00-16:00 (pon.-pt.) Dzia\u0142 administracyjnye:\u00a0biuro@omtech.plt:\u00a0+48 665\u00a0940 130t:\u00a0+48 22 864 68 54 wew. 301w godz. 8:00\u201316:00 (pon.-pt.) Oddzia\u0142 w Siedlcachul. Pu\u0142askiego 1308-110 Siedlcezobacz na mapie Dzia\u0142 pomocy techniczneje:\u00a0pomoc@omtech.plt:\u00a0+48 22 864 68 54 wew. 307w godz. 8:00\u201315:00 (pon.-pt.) Dane rejestrowe sp\u00f3\u0142kiOmtech Sp. z o.o.ul. [&hellip;]\" \/>\n<meta property=\"og:url\" content=\"https:\/\/omtech.pl\/en\/kontakt-2\/\" \/>\n<meta property=\"og:site_name\" content=\"Omtech\" \/>\n<meta property=\"article:modified_time\" content=\"2025-01-31T08:27:40+00:00\" \/>\n<meta name=\"twitter:card\" content=\"summary_large_image\" \/>\n<script type=\"application\/ld+json\" class=\"yoast-schema-graph\">{\"@context\":\"https:\\\/\\\/schema.org\",\"@graph\":[{\"@type\":\"WebPage\",\"@id\":\"https:\\\/\\\/omtech.pl\\\/en\\\/kontakt-2\\\/\",\"url\":\"https:\\\/\\\/omtech.pl\\\/en\\\/kontakt-2\\\/\",\"name\":\"Kontakt - Omtech\",\"isPartOf\":{\"@id\":\"https:\\\/\\\/omtech.pl\\\/en\\\/#website\"},\"datePublished\":\"2025-01-30T08:56:08+00:00\",\"dateModified\":\"2025-01-31T08:27:40+00:00\",\"breadcrumb\":{\"@id\":\"https:\\\/\\\/omtech.pl\\\/en\\\/kontakt-2\\\/#breadcrumb\"},\"inLanguage\":\"en-GB\",\"potentialAction\":[{\"@type\":\"ReadAction\",\"target\":[\"https:\\\/\\\/omtech.pl\\\/en\\\/kontakt-2\\\/\"]}]},{\"@type\":\"BreadcrumbList\",\"@id\":\"https:\\\/\\\/omtech.pl\\\/en\\\/kontakt-2\\\/#breadcrumb\",\"itemListElement\":[{\"@type\":\"ListItem\",\"position\":1,\"name\":\"Strona g\u0142\u00f3wna\",\"item\":\"https:\\\/\\\/omtech.pl\\\/\"},{\"@type\":\"ListItem\",\"position\":2,\"name\":\"Kontakt\"}]},{\"@type\":\"WebSite\",\"@id\":\"https:\\\/\\\/omtech.pl\\\/en\\\/#website\",\"url\":\"https:\\\/\\\/omtech.pl\\\/en\\\/\",\"name\":\"Omtech\",\"description\":\"Firmy Omtech i Pulson stanowi\u0105 silny tandem projektuj\u0105cy i produkuj\u0105cy urz\u0105dzenia elektroniczne i systemy informatyczne.\",\"potentialAction\":[{\"@type\":\"SearchAction\",\"target\":{\"@type\":\"EntryPoint\",\"urlTemplate\":\"https:\\\/\\\/omtech.pl\\\/en\\\/?s={search_term_string}\"},\"query-input\":{\"@type\":\"PropertyValueSpecification\",\"valueRequired\":true,\"valueName\":\"search_term_string\"}}],\"inLanguage\":\"en-GB\"}]}<\/script>\n<!-- \/ Yoast SEO plugin. -->","yoast_head_json":{"title":"Kontakt - Omtech","robots":{"index":"index","follow":"follow","max-snippet":"max-snippet:-1","max-image-preview":"max-image-preview:large","max-video-preview":"max-video-preview:-1"},"canonical":"https:\/\/omtech.pl\/en\/kontakt-2\/","og_locale":"en_GB","og_type":"article","og_title":"Kontakt - Omtech","og_description":"Siedziba w Warszawieul. Modularna 1102-238 Warszawazobacz na mapie Dzia\u0142 handlowye:\u00a0kontakt@omtech.plt:\u00a0+ 48\u00a0532 683 221w godz.: 8:00-16:00 (pon.-pt.) Dzia\u0142 administracyjnye:\u00a0biuro@omtech.plt:\u00a0+48 665\u00a0940 130t:\u00a0+48 22 864 68 54 wew. 301w godz. 8:00\u201316:00 (pon.-pt.) Oddzia\u0142 w Siedlcachul. Pu\u0142askiego 1308-110 Siedlcezobacz na mapie Dzia\u0142 pomocy techniczneje:\u00a0pomoc@omtech.plt:\u00a0+48 22 864 68 54 wew. 307w godz. 8:00\u201315:00 (pon.-pt.) Dane rejestrowe sp\u00f3\u0142kiOmtech Sp. z o.o.ul. [&hellip;]","og_url":"https:\/\/omtech.pl\/en\/kontakt-2\/","og_site_name":"Omtech","article_modified_time":"2025-01-31T08:27:40+00:00","twitter_card":"summary_large_image","schema":{"@context":"https:\/\/schema.org","@graph":[{"@type":"WebPage","@id":"https:\/\/omtech.pl\/en\/kontakt-2\/","url":"https:\/\/omtech.pl\/en\/kontakt-2\/","name":"Kontakt - Omtech","isPartOf":{"@id":"https:\/\/omtech.pl\/en\/#website"},"datePublished":"2025-01-30T08:56:08+00:00","dateModified":"2025-01-31T08:27:40+00:00","breadcrumb":{"@id":"https:\/\/omtech.pl\/en\/kontakt-2\/#breadcrumb"},"inLanguage":"en-GB","potentialAction":[{"@type":"ReadAction","target":["https:\/\/omtech.pl\/en\/kontakt-2\/"]}]},{"@type":"BreadcrumbList","@id":"https:\/\/omtech.pl\/en\/kontakt-2\/#breadcrumb","itemListElement":[{"@type":"ListItem","position":1,"name":"Strona g\u0142\u00f3wna","item":"https:\/\/omtech.pl\/"},{"@type":"ListItem","position":2,"name":"Kontakt"}]},{"@type":"WebSite","@id":"https:\/\/omtech.pl\/en\/#website","url":"https:\/\/omtech.pl\/en\/","name":"Omtech","description":"Firmy Omtech i Pulson stanowi\u0105 silny tandem projektuj\u0105cy i produkuj\u0105cy urz\u0105dzenia elektroniczne i systemy informatyczne.","potentialAction":[{"@type":"SearchAction","target":{"@type":"EntryPoint","urlTemplate":"https:\/\/omtech.pl\/en\/?s={search_term_string}"},"query-input":{"@type":"PropertyValueSpecification","valueRequired":true,"valueName":"search_term_string"}}],"inLanguage":"en-GB"}]}},"_links":{"self":[{"href":"https:\/\/omtech.pl\/en\/wp-json\/wp\/v2\/pages\/2686","targetHints":{"allow":["GET"]}}],"collection":[{"href":"https:\/\/omtech.pl\/en\/wp-json\/wp\/v2\/pages"}],"about":[{"href":"https:\/\/omtech.pl\/en\/wp-json\/wp\/v2\/types\/page"}],"author":[{"embeddable":true,"href":"https:\/\/omtech.pl\/en\/wp-json\/wp\/v2\/users\/15"}],"replies":[{"embeddable":true,"href":"https:\/\/omtech.pl\/en\/wp-json\/wp\/v2\/comments?post=2686"}],"version-history":[{"count":0,"href":"https:\/\/omtech.pl\/en\/wp-json\/wp\/v2\/pages\/2686\/revisions"}],"wp:attachment":[{"href":"https:\/\/omtech.pl\/en\/wp-json\/wp\/v2\/media?parent=2686"}],"curies":[{"name":"wp","href":"https:\/\/api.w.org\/{rel}","templated":true}]}}