{"id":2681,"date":"2025-01-30T09:52:33","date_gmt":"2025-01-30T08:52:33","guid":{"rendered":"https:\/\/omtech.pl\/?page_id=2681"},"modified":"2025-01-30T09:54:16","modified_gmt":"2025-01-30T08:54:16","slug":"o-firmie-2","status":"publish","type":"page","link":"https:\/\/omtech.pl\/en\/o-firmie-2\/","title":{"rendered":"About the Company"},"content":{"rendered":"<div data-elementor-type=\"wp-page\" data-elementor-id=\"2681\" class=\"elementor elementor-2681\">\n\t\t\t\t<div class=\"elementor-element elementor-element-dfc886f e-flex e-con-boxed e-con e-parent\" data-id=\"dfc886f\" data-element_type=\"container\" data-e-type=\"container\">\n\t\t\t\t\t<div class=\"e-con-inner\">\n\t\t<div class=\"elementor-element elementor-element-5ae4732 e-con-full e-flex e-con e-child\" data-id=\"5ae4732\" data-element_type=\"container\" data-e-type=\"container\">\n\t\t\t\t<div class=\"elementor-element elementor-element-e3fa53d elementor-widget elementor-widget-text-editor\" data-id=\"e3fa53d\" data-element_type=\"widget\" data-e-type=\"widget\" data-widget_type=\"text-editor.default\">\n\t\t\t\t<div class=\"elementor-widget-container\">\n\t\t\t\t\t\t\t\t\t<div class=\"et_pb_module et_pb_post_title   et_pb_post_title_0 et_pb_bg_layout_light et_pb_text_align_left\">\n<div class=\"et_pb_title_container\">\n<div class=\"et_pb_module et_pb_post_title   et_pb_post_title_0 et_pb_bg_layout_light et_pb_text_align_left\">\n<div class=\"et_pb_title_container\">\u00a0<\/div>\n<\/div>\n<div class=\"et_pb_text et_pb_module et_pb_bg_layout_light et_pb_text_align_left bluelist et_pb_text_0\">\n<div class=\"et_pb_text_inner\">\n<p>Pocz\u0105tek historii firmy Omtech datuje si\u0119 na rok 2002, gdy w Warszawie zosta\u0142a powo\u0142ana sp\u00f3\u0142ka. Firma przez lata by\u0142a obecna na rynku szeroko rozumianych zabezpiecze\u0144 elektronicznych mi\u0119dzy innymi poprzez autorski system monitorowania flot \u201eViewpoint\u201d, wykorzystuj\u0105cy technologie GPS i GPRS.<\/p>\n<p>W roku 2012 firma zosta\u0142a cz\u0119\u015bci\u0105 grupy kapita\u0142owej NSS, w ramach kt\u00f3rej kontynuuje swoj\u0105 dzia\u0142alno\u015b\u0107. Firma Omtech posiada Dzia\u0142 Oprogramowania, Dzia\u0142 Bada\u0144 i Rozwoju oraz Dzia\u0142 Konstrukcyjny. G\u0142\u00f3wne kierunki prac w firmie s\u0105 opisane poni\u017cej:<\/p>\n<ul>\n<li>Projektowanie system\u00f3w alarmowych, w sk\u0142ad kt\u00f3rych wchodz\u0105 centrale oraz gama nadajnik\u00f3w<\/li>\n<li>Projektowanie i rozw\u00f3j lokalizator\u00f3w GPS<\/li>\n<li>Tworzenie i rozwijanie oprogramowania do szeroko rozumianego zarz\u0105dzania flotami pojazd\u00f3w<\/li>\n<li>Tworzenie i rozwijania oprogramowania integruj\u0105cego i zarz\u0105dzaj\u0105cego CCTV na potrzeby marki BCS<\/li>\n<\/ul>\n<p>Firma Omtech zatrudnia obecnie oko\u0142o 40 pracownik\u00f3w posiadaj\u0105c dwa biura \u2013 jedno w Warszawie i drugie w Siedlcach.<\/p>\n<\/div>\n<\/div>\n<\/div>\n<\/div>\t\t\t\t\t\t\t\t<\/div>\n\t\t\t\t<\/div>\n\t\t\t\t<\/div>\n\t\t<div class=\"elementor-element elementor-element-95aab82 e-con-full e-flex e-con e-child\" data-id=\"95aab82\" data-element_type=\"container\" data-e-type=\"container\">\n\t\t\t\t<div class=\"elementor-element elementor-element-d3f3a89 elementor-widget elementor-widget-image\" data-id=\"d3f3a89\" data-element_type=\"widget\" data-e-type=\"widget\" data-widget_type=\"image.default\">\n\t\t\t\t<div class=\"elementor-widget-container\">\n\t\t\t\t\t\t\t\t\t\t\t\t\t\t\t<img fetchpriority=\"high\" decoding=\"async\" width=\"1024\" height=\"514\" src=\"https:\/\/omtech.pl\/wp-content\/uploads\/2024\/09\/2021-04-06-1024x514.png\" class=\"attachment-large size-large wp-image-2431\" alt=\"\" srcset=\"https:\/\/omtech.pl\/wp-content\/uploads\/2024\/09\/2021-04-06-1024x514.png 1024w, https:\/\/omtech.pl\/wp-content\/uploads\/2024\/09\/2021-04-06-300x150.png 300w, https:\/\/omtech.pl\/wp-content\/uploads\/2024\/09\/2021-04-06-768x385.png 768w, https:\/\/omtech.pl\/wp-content\/uploads\/2024\/09\/2021-04-06.png 1360w\" sizes=\"(max-width: 1024px) 100vw, 1024px\" \/>\t\t\t\t\t\t\t\t\t\t\t\t\t\t\t<\/div>\n\t\t\t\t<\/div>\n\t\t\t\t<\/div>\n\t\t\t\t\t<\/div>\n\t\t\t\t<\/div>\n\t\t\t\t<\/div>","protected":false},"excerpt":{"rendered":"<p>\u00a0 Pocz\u0105tek historii firmy Omtech datuje si\u0119 na rok 2002, gdy w Warszawie zosta\u0142a powo\u0142ana sp\u00f3\u0142ka. Firma przez lata by\u0142a obecna na rynku szeroko rozumianych zabezpiecze\u0144 elektronicznych mi\u0119dzy innymi poprzez autorski system monitorowania flot \u201eViewpoint\u201d, wykorzystuj\u0105cy technologie GPS i GPRS. W roku 2012 firma zosta\u0142a cz\u0119\u015bci\u0105 grupy kapita\u0142owej NSS, w ramach kt\u00f3rej kontynuuje swoj\u0105 dzia\u0142alno\u015b\u0107. [&hellip;]<\/p>\n","protected":false},"author":15,"featured_media":0,"parent":0,"menu_order":0,"comment_status":"closed","ping_status":"closed","template":"","meta":{"inline_featured_image":false,"_monsterinsights_skip_tracking":false,"_monsterinsights_sitenote_active":false,"_monsterinsights_sitenote_note":"","_monsterinsights_sitenote_category":0,"footnotes":""},"class_list":["post-2681","page","type-page","status-publish","hentry"],"_links":{"self":[{"href":"https:\/\/omtech.pl\/en\/wp-json\/wp\/v2\/pages\/2681","targetHints":{"allow":["GET"]}}],"collection":[{"href":"https:\/\/omtech.pl\/en\/wp-json\/wp\/v2\/pages"}],"about":[{"href":"https:\/\/omtech.pl\/en\/wp-json\/wp\/v2\/types\/page"}],"author":[{"embeddable":true,"href":"https:\/\/omtech.pl\/en\/wp-json\/wp\/v2\/users\/15"}],"replies":[{"embeddable":true,"href":"https:\/\/omtech.pl\/en\/wp-json\/wp\/v2\/comments?post=2681"}],"version-history":[{"count":0,"href":"https:\/\/omtech.pl\/en\/wp-json\/wp\/v2\/pages\/2681\/revisions"}],"wp:attachment":[{"href":"https:\/\/omtech.pl\/en\/wp-json\/wp\/v2\/media?parent=2681"}],"curies":[{"name":"wp","href":"https:\/\/api.w.org\/{rel}","templated":true}]}}