{"id":1750,"date":"2019-03-12T16:27:57","date_gmt":"2019-03-12T15:27:57","guid":{"rendered":"http:\/\/omtech.pl\/?post_type=omtech&#038;p=1750"},"modified":"2021-05-05T21:49:27","modified_gmt":"2021-05-05T19:49:27","slug":"programista-elektronik","status":"publish","type":"page","link":"https:\/\/omtech.pl\/en\/programista-elektronik\/","title":{"rendered":"Programista &#8211; Elektronik w dziale R&#038;D &#8211; Systemy Embedded"},"content":{"rendered":"<p>[et_pb_section bb_built=&#8221;1&#8243; admin_label=&#8221;section&#8221;][et_pb_row admin_label=&#8221;row&#8221; background_position=&#8221;top_left&#8221; background_repeat=&#8221;repeat&#8221; background_size=&#8221;initial&#8221; _builder_version=&#8221;3.0.106&#8243; module_class=&#8221;job-offer&#8221;][et_pb_column type=&#8221;1_4&#8243;][\/et_pb_column][et_pb_column type=&#8221;1_2&#8243;][et_pb_post_title title=&#8221;on&#8221; meta=&#8221;off&#8221; author=&#8221;on&#8221; date=&#8221;on&#8221; categories=&#8221;on&#8221; comments=&#8221;on&#8221; featured_image=&#8221;off&#8221; featured_placement=&#8221;below&#8221; parallax_effect=&#8221;on&#8221; parallax_method=&#8221;off&#8221; text_orientation=&#8221;left&#8221; text_color=&#8221;dark&#8221; text_background=&#8221;off&#8221; text_bg_color=&#8221;rgba(255,255,255,0.9)&#8221; module_bg_color=&#8221;rgba(255,255,255,0)&#8221; title_all_caps=&#8221;off&#8221; use_border_color=&#8221;off&#8221; border_color=&#8221;#ffffff&#8221; border_style=&#8221;solid&#8221; parallax=&#8221;on&#8221; background_color=&#8221;rgba(255,255,255,0)&#8221; _builder_version=&#8221;3.0.106&#8243;]<\/p>\n<p>&nbsp;<\/p>\n<p>[\/et_pb_post_title][et_pb_text background_layout=&#8221;light&#8221; use_border_color=&#8221;off&#8221; custom_css_main_element=&#8221;li {||line-height: 1;||}&#8221; background_position=&#8221;top_left&#8221; background_repeat=&#8221;repeat&#8221; background_size=&#8221;initial&#8221; _builder_version=&#8221;3.0.106&#8243;]<\/p>\n<p align=\"justify\">Omtech to kilkudziesi\u0119cioosobowa firma dzia\u0142aj\u0105ca w obszarze zabezpiecze\u0144 elektronicznych w postaci monitoringu GPS, CCTV oraz urz\u0105dze\u0144 do zabezpieczenia obiekt\u00f3w sta\u0142ych. Od ponad dekady z sukcesem operujemy na rynku polskim, wprowadzaj\u0105c nowoczesne i innowacyjne rozwi\u0105zania.\u00a0Jako projektant i producent urz\u0105dze\u0144 elektronicznych\u00a0z du\u017cym do\u015bwiadczeniem i sukcesami na rynku polskim poszukujemy programisty urz\u0105dze\u0144 elektronicznych.<\/p>\n<h1 style=\"text-align: center;\">Programista &#8211; Elektronik w dziale R&amp;D &#8211; Systemy Embedded<\/h1>\n<p style=\"text-align: center;\">Miejsce pracy: Warszawa<\/p>\n<div class=\"desc\">\n<p><strong>O stanowisku:<\/strong><\/p>\n<p>W Omtech rozwijamy gam\u0119 urz\u0105dze\u0144 do lokalizowania pojazd\u00f3w, kt\u00f3re integrujemy z magistralami komunikacyjnymi m.in. CAN, FMS, J1708, OBDII. Osoba na tym stanowisku b\u0119dzie przede wszystkim rozwija\u0142a funkcjonalno\u015b\u0107 tych\u017ce urz\u0105dze\u0144:<\/p>\n<ul>\n<li>Projektowanie i oprogramowywanie nowych funkcjonalno\u015bci,<\/li>\n<li>Oprogramowywanie innowacyjnych urz\u0105dze\u0144,<\/li>\n<li>Uczestnictwo w pe\u0142nym cyklu wytw\u00f3rczym od etapu koncepcyjnego, poprzez realizacj\u0119, testy, a\u017c po wdro\u017cenie produkcyjne i zamkni\u0119cie projektu,<\/li>\n<li>Realizacja projekt\u00f3w opartych o procesor STM32,<\/li>\n<li>Tworzenie dokumentacji technicznej, funkcjonalnej i produkcyjnej do oprogramowania wbudowanego.<\/li>\n<\/ul>\n<\/div>\n<div class=\"desc\">\n<p><strong>Nasze oczekiwania:<\/strong><\/p>\n<ul>\n<li>Wykszta\u0142cenie wy\u017csze techniczne,<\/li>\n<li>Bieg\u0142a praktyczna znajomo\u015b\u0107 j\u0119zyka C,<\/li>\n<li>Znajomo\u015b\u0107 system\u00f3w kontroli wersji &#8211; Git,<\/li>\n<li>Do\u015bwiadczenie w projektowaniu, implementacji oraz testowaniu oprogramowania dla mikrokontroler\u00f3w\u00a0STM32\u00a0poparte zrealizowanymi projektami,<\/li>\n<li>Znajomo\u015b\u0107 j\u0119zyka angielskiego pozwalaj\u0105ca na czytanie dokumentacji technicznej,<\/li>\n<li>Praktyczna znajomo\u015b\u0107\u00a0magistral pojazdowych oraz diagnostyki komputerowej b\u0119dzie du\u017cym atutem.<\/li>\n<\/ul>\n<p>Mile widziane:<\/p>\n<ul>\n<li>Minimum 2 lata do\u015bwiadczenia w pracy na podobnym stanowisku,<\/li>\n<li>Umiej\u0119tno\u015b\u0107 pos\u0142ugiwania si\u0119 sprz\u0119tem pomiarowym,<\/li>\n<li>Znajomo\u015b\u0107 system\u00f3w transmisji kom\u00f3rkowej, GNSS.<\/li>\n<\/ul>\n<\/div>\n<div class=\"desc\">\n<p><strong>Oferujemy:<\/strong><\/p>\n<ul>\n<li>zatrudnienie w pe\u0142nym wymiarze godzinowym,<\/li>\n<li>wygodn\u0105 form\u0119 umowy,<\/li>\n<li>wsparcie za pomoc\u0105 Jira, Testlink i Confluence,<\/li>\n<li>przyjazn\u0105 i otwart\u0105 atmosfer\u0119 pracy,<\/li>\n<li>pakiet opieki medycznej,<\/li>\n<li>atrakcyjne wynagrodzenie adekwatne do umiej\u0119tno\u015bci.<\/li>\n<\/ul>\n<\/div>\n<p>&nbsp;<\/p>\n<p align=\"justify\">Je\u017celi jeste\u015b zainteresowany\/a wy\u015blij maila na adres <u><strong><a class=\"external-link\" href=\"mailto:praca@omtech.pl\" rel=\"nofollow\">praca@omtech.pl<\/a><\/strong><\/u> lub kliknij poni\u017cej przycisk \u201eAplikuj\u201d i za\u0142\u0105cz swoje CV.<\/p>\n<p class=\"western\"><span style=\"color: #003300;\">\/\/ Firma zastrzega sobie prawo do odpowiedzi tylko na wybrane oferty.<\/span><\/p>\n<p>[\/et_pb_text][et_pb_text admin_label=&#8221;Rodo&#8221; _builder_version=&#8221;3.0.106&#8243; background_layout=&#8221;light&#8221; saved_tabs=&#8221;all&#8221; global_module=&#8221;1647&#8243;]<\/p>\n<p><span style=\"font-size: 9pt;\">Firma Omtech Sp. z o. o., ul. Przy Agorze 13C lok 1, 01-960 Warszawa informuje, \u017ce mo\u017cliwe jest przetwarzanie danych osobowych zawartych w CV os\u00f3b ubiegaj\u0105cych si\u0119 o zatrudnienie, niewybranych w ramach procesu rekrutacyjnego, do kt\u00f3rego pierwotnie si\u0119 zg\u0142osili, za zgod\u0105 takich os\u00f3b. Zgoda osoby, kt\u00f3rej dane dotycz\u0105, musi by\u0107 z\u0142o\u017cona dobrowolnie, konkretnie oraz \u015bwiadomie. Forma z\u0142o\u017cenia zgody musi jednoznacznie to wskazywa\u0107, z tego wzgl\u0119du dla cel\u00f3w dowodowych preferowana jest zgoda wyra\u017cona w postaci pisemnej lub elektronicznej.<\/span><br \/>\n<span style=\"font-size: 10pt;\"><strong>Wz\u00f3r zgody do umieszczenia na CV lub w celu przes\u0142ania e mailem:<\/strong><\/span><\/p>\n<hr \/>\n<p><span style=\"font-size: 8pt;\">Wyra\u017cam \u015bwiadom\u0105 i dobrowoln\u0105 zgod\u0119 na wprowadzenie moich danych osobowych zawartych w CV z dnia\u2026\u2026\u2026\u2026.. do bazy danych kandydat\u00f3w do pracy prowadzonej przez Firm\u0119 Omtech Sp. z o. o., z siedzib\u0105 w Warszawie, ul. Przy Agorze 13C lok 1, w celu wykorzystania ich na potrzeby przysz\u0142ych rekrutacji przez okres 6 miesi\u0119cy. Mam \u015bwiadomo\u015b\u0107, \u017ce niniejsz\u0105 zgod\u0119 mog\u0119 wycofa\u0107 w dowolnym momencie. W takim przypadku moje dane zostan\u0105 usuni\u0119te z bazy danych Firmy Omtech Sp. z o. o., z siedzib\u0105 w Warszawie, ul. Przy Agorze 13C lok. 1 i nie b\u0119d\u0105 d\u0142u\u017cej przetwarzane.<\/span><\/p>\n<hr \/>\n<p>&nbsp;<\/p>\n<p>[\/et_pb_text][et_pb_button admin_label=&#8221;Aplikuj teraz!&#8221; button_url=&#8221;mailto:praca@omtech.pl?subject=%22Programista-Elektronik%22&#8243; url_new_window=&#8221;off&#8221; button_text=&#8221;Aplikuj teraz!&#8221; button_alignment=&#8221;center&#8221; background_layout=&#8221;light&#8221; custom_button=&#8221;off&#8221; button_icon_placement=&#8221;right&#8221; _builder_version=&#8221;3.0.106&#8243; saved_tabs=&#8221;all&#8221; \/][\/et_pb_column][et_pb_column type=&#8221;1_4&#8243;][\/et_pb_column][\/et_pb_row][et_pb_row][et_pb_column type=&#8221;4_4&#8243;][\/et_pb_column][\/et_pb_row][\/et_pb_section]<\/p>\n","protected":false},"excerpt":{"rendered":"<p>[et_pb_section bb_built=&#8221;1&#8243; admin_label=&#8221;section&#8221;][et_pb_row admin_label=&#8221;row&#8221; background_position=&#8221;top_left&#8221; background_repeat=&#8221;repeat&#8221; background_size=&#8221;initial&#8221; _builder_version=&#8221;3.0.106&#8243; module_class=&#8221;job-offer&#8221;][et_pb_column type=&#8221;1_4&#8243;][\/et_pb_column][et_pb_column type=&#8221;1_2&#8243;][et_pb_post_title title=&#8221;on&#8221; meta=&#8221;off&#8221; author=&#8221;on&#8221; date=&#8221;on&#8221; categories=&#8221;on&#8221; comments=&#8221;on&#8221; featured_image=&#8221;off&#8221; featured_placement=&#8221;below&#8221; parallax_effect=&#8221;on&#8221; parallax_method=&#8221;off&#8221; text_orientation=&#8221;left&#8221; text_color=&#8221;dark&#8221; text_background=&#8221;off&#8221; text_bg_color=&#8221;rgba(255,255,255,0.9)&#8221; module_bg_color=&#8221;rgba(255,255,255,0)&#8221; title_all_caps=&#8221;off&#8221; use_border_color=&#8221;off&#8221; border_color=&#8221;#ffffff&#8221; border_style=&#8221;solid&#8221; parallax=&#8221;on&#8221; background_color=&#8221;rgba(255,255,255,0)&#8221; _builder_version=&#8221;3.0.106&#8243;] &nbsp; [\/et_pb_post_title][et_pb_text background_layout=&#8221;light&#8221; use_border_color=&#8221;off&#8221; custom_css_main_element=&#8221;li {||line-height: 1;||}&#8221; background_position=&#8221;top_left&#8221; background_repeat=&#8221;repeat&#8221; background_size=&#8221;initial&#8221; _builder_version=&#8221;3.0.106&#8243;] Omtech to kilkudziesi\u0119cioosobowa firma dzia\u0142aj\u0105ca w obszarze zabezpiecze\u0144 elektronicznych w postaci [&hellip;]<\/p>\n","protected":false},"author":11,"featured_media":0,"parent":0,"menu_order":0,"comment_status":"closed","ping_status":"closed","template":"","meta":{"inline_featured_image":false,"_monsterinsights_skip_tracking":false,"_monsterinsights_sitenote_active":false,"_monsterinsights_sitenote_note":"","_monsterinsights_sitenote_category":0,"footnotes":""},"class_list":["post-1750","page","type-page","status-publish","hentry"],"_links":{"self":[{"href":"https:\/\/omtech.pl\/en\/wp-json\/wp\/v2\/pages\/1750","targetHints":{"allow":["GET"]}}],"collection":[{"href":"https:\/\/omtech.pl\/en\/wp-json\/wp\/v2\/pages"}],"about":[{"href":"https:\/\/omtech.pl\/en\/wp-json\/wp\/v2\/types\/page"}],"author":[{"embeddable":true,"href":"https:\/\/omtech.pl\/en\/wp-json\/wp\/v2\/users\/11"}],"replies":[{"embeddable":true,"href":"https:\/\/omtech.pl\/en\/wp-json\/wp\/v2\/comments?post=1750"}],"version-history":[{"count":0,"href":"https:\/\/omtech.pl\/en\/wp-json\/wp\/v2\/pages\/1750\/revisions"}],"wp:attachment":[{"href":"https:\/\/omtech.pl\/en\/wp-json\/wp\/v2\/media?parent=1750"}],"curies":[{"name":"wp","href":"https:\/\/api.w.org\/{rel}","templated":true}]}}