{"id":1616,"date":"2018-04-18T15:45:17","date_gmt":"2018-04-18T13:45:17","guid":{"rendered":"http:\/\/omtech.pl\/?post_type=omtech&#038;p=1616"},"modified":"2021-05-05T21:49:27","modified_gmt":"2021-05-05T19:49:27","slug":"programista-cpp-qt","status":"publish","type":"page","link":"https:\/\/omtech.pl\/en\/programista-cpp-qt\/","title":{"rendered":"Programista C++ \/ Qt"},"content":{"rendered":"<p>[et_pb_section bb_built=&#8221;1&#8243; admin_label=&#8221;section&#8221;][et_pb_row admin_label=&#8221;row&#8221; background_position=&#8221;top_left&#8221; background_repeat=&#8221;repeat&#8221; background_size=&#8221;initial&#8221; _builder_version=&#8221;3.0.106&#8243; module_class=&#8221;job-offer&#8221;][et_pb_column type=&#8221;1_4&#8243;][\/et_pb_column][et_pb_column type=&#8221;1_2&#8243;][et_pb_post_title title=&#8221;on&#8221; meta=&#8221;off&#8221; author=&#8221;on&#8221; date=&#8221;on&#8221; categories=&#8221;on&#8221; comments=&#8221;on&#8221; featured_image=&#8221;off&#8221; featured_placement=&#8221;below&#8221; parallax_effect=&#8221;on&#8221; parallax_method=&#8221;on&#8221; text_orientation=&#8221;left&#8221; text_color=&#8221;dark&#8221; text_background=&#8221;off&#8221; text_bg_color=&#8221;rgba(255,255,255,0.9)&#8221; module_bg_color=&#8221;rgba(255,255,255,0)&#8221; title_all_caps=&#8221;off&#8221; use_border_color=&#8221;off&#8221; border_color=&#8221;#ffffff&#8221; border_style=&#8221;solid&#8221; parallax=&#8221;on&#8221; background_color=&#8221;rgba(255,255,255,0)&#8221; _builder_version=&#8221;3.0.106&#8243; \/][et_pb_text background_layout=&#8221;light&#8221; use_border_color=&#8221;off&#8221; custom_css_main_element=&#8221;li {||line-height: 1;||}&#8221; background_position=&#8221;top_left&#8221; background_repeat=&#8221;repeat&#8221; background_size=&#8221;initial&#8221; _builder_version=&#8221;3.0.106&#8243;]<\/p>\n<p class=\"western\" align=\"center\">Firma\u00a0<strong>Omtech<\/strong>\u00a0do biura w <b>Warszawie <\/b>przy Modularnej 11\u00a0poszukuje\u00a0<\/p>\n<p class=\"western\" align=\"center\"><strong>Programisty C++ \/ Qt<\/strong><\/p>\n<h3>\u00a0<\/h3>\n<h3 class=\"western\">O <b>projekcie<\/b>:<\/h3>\n<ul>\n<li>Ekosystem zawiera core aplikacji kompilowany na wszystkie platformy, dwie wersji UI na desktopy i mobilne, elementy serwerowe (na potrzeby zestawiania po\u0142\u0105cze\u0144 P2P).<\/li>\n<li>Aplikacja kliencka jest napisana przede wszystkim w Qt, kompilowana na Desktopy (Windows, MacOS, Linux) oraz na platotformy mobilne iOS i Android,<\/li>\n<li>Aplikacja\u00a0komunikuje si\u0119\u00a0z wieloma urz\u0105dzeniami CCTV (mowa o rejestratorach i kamerach IP) oraz pobiera i wy\u015bwietla nawet setki strumieni wideo na raz,<\/li>\n<\/ul>\n<h3>\u00a0<\/h3>\n<h3 class=\"western\">Do Twoich\u00a0<strong>obowi\u0105zk\u00f3w<\/strong>\u00a0nale\u017ce\u0107 b\u0119dzie:<\/h3>\n<ul>\n<li>Projektowanie rozwi\u0105za\u0144 w oparciu o specyfikacj\u0119 funkcjonaln\u0105,<\/li>\n<li>Programowanie poszczeg\u00f3lnych element\u00f3w aplikacji z wykorzystaniem wzorc\u00f3w projektowych,<\/li>\n<li>Utrzymanie i dalszy rozw\u00f3j produkt\u00f3w wychodz\u0105cych spod r\u0119ki zespo\u0142u,<\/li>\n<li>Budowanie bazy wiedzy oraz code-review (Confluence, Jira, GitLab).<\/li>\n<\/ul>\n<h3>\u00a0<\/h3>\n<h3 class=\"western\">Nasze\u00a0<strong>wymagania<\/strong>:<\/h3>\n<ul>\n<li>Do\u015bwiadczenie w programowaniu C\/C++ w tym aplikacji wielow\u0105tkowych,<\/li>\n<li>Znajomo\u015b\u0107 framework&#8217;u Qt i zagadnie\u0144 zwi\u0105zanych z rozwojem oprogramowania przede wszystkim na platformy mobilne,<\/li>\n<li>Wiedz\u0119 i do\u015bwiadczenie z zakresu in\u017cynierii oprogramowania,<\/li>\n<li>Znajomo\u015b\u0107 j\u0119zyka angielskiego umo\u017cliwiaj\u0105c\u0105 prac\u0119 z dokumentacj\u0105 techniczn\u0105.<\/li>\n<\/ul>\n<h3>\u00a0<\/h3>\n<h3 class=\"western\"><strong>Atutem<\/strong>\u00a0b\u0119d\u0105:<\/h3>\n<ul>\n<li>Do\u015bwiadczenie w realizacji aplikacji opartych o Qt pod iOS, Andoid, Windows,<\/li>\n<li>Znajomo\u015b\u0107 zagadnie\u0144 zwi\u0105zanych z przetwarzaniem strumieni w tym h.264, h.265,<\/li>\n<li>Znajomo\u015b\u0107 zagadnie\u0144 sieciowych (narz\u0119dzie Wireshark i koncepcja NAT Traversal)<\/li>\n<li>Wykszta\u0142cenie kierunkowe,<\/li>\n<li>Pozytywne skojarzenia z Qt Creator.<\/li>\n<\/ul>\n<h3>\u00a0<\/h3>\n<h3 class=\"western\"><strong>Zapewniamy<\/strong>:<\/h3>\n<ul>\n<li>Zatrudnienie w pe\u0142nym wymiarze godzinowym,<\/li>\n<li>Wygodn\u0105 form\u0119 wsp\u00f3\u0142pracy: o prac\u0119\/ B2B\/ dzie\u0142o\/ zlecenie,<\/li>\n<li>Ciekawy projekt oparty o Qt,<\/li>\n<li>Wsparcie za pomoc\u0105 Jira i Confluence,<\/li>\n<li>Przyjazn\u0105 i otwart\u0105 atmosfer\u0119 pracy,<\/li>\n<li>Pakiet opieki medycznej,<\/li>\n<li>Atrakcyjne wynagrodzenie adekwatne do umiej\u0119tno\u015bci.<\/li>\n<\/ul>\n<p>&nbsp;<\/p>\n<p class=\"western\">Je\u017celi jeste\u015b zainteresowany\/a kliknij poni\u017cej przycisk &#8222;<strong>Aplikuj<\/strong>&#8221; i za\u0142\u0105cz swoje CV.<\/p>\n<p class=\"western\">\/\/ Firma zastrzega sobie prawo do odpowiedzi tylko na wybrane oferty.<\/p>\n<p>[\/et_pb_text][et_pb_text admin_label=&#8221;Rodo&#8221; _builder_version=&#8221;3.0.106&#8243; background_layout=&#8221;light&#8221; saved_tabs=&#8221;all&#8221; global_module=&#8221;1647&#8243;]<\/p>\n<p><span style=\"font-size: 9pt; padding-bottom: 0;\">Firma Omtech Sp. z o. o., ul. Przy Agorze 13C lok 1, 01-960 Warszawa informuje, \u017ce mo\u017cliwe jest przetwarzanie danych osobowych zawartych w CV os\u00f3b ubiegaj\u0105cych si\u0119 o zatrudnienie, niewybranych w ramach procesu rekrutacyjnego, do kt\u00f3rego pierwotnie si\u0119 zg\u0142osili, za zgod\u0105 takich os\u00f3b. Zgoda osoby, kt\u00f3rej dane dotycz\u0105, musi by\u0107 z\u0142o\u017cona dobrowolnie, konkretnie oraz \u015bwiadomie. Forma z\u0142o\u017cenia zgody musi jednoznacznie to wskazywa\u0107, z tego wzgl\u0119du dla cel\u00f3w dowodowych preferowana jest zgoda wyra\u017cona w postaci pisemnej lub elektronicznej.<\/span><\/p>\n<hr \/>\n<p>\n<span style=\"font-size: 10pt;\"><strong>Wz\u00f3r zgody do umieszczenia na CV lub w celu przes\u0142ania e mailem:<br \/>\n<\/strong><\/span><span style=\"font-size: 8pt;\">Wyra\u017cam \u015bwiadom\u0105 i dobrowoln\u0105 zgod\u0119 na wprowadzenie moich danych osobowych zawartych w CV z dnia\u2026\u2026\u2026\u2026.. do bazy danych kandydat\u00f3w do pracy prowadzonej przez Firm\u0119 Omtech Sp. z o. o., z siedzib\u0105 w Warszawie, ul. Przy Agorze 13C lok 1, w celu wykorzystania ich na potrzeby przysz\u0142ych rekrutacji przez okres 6 miesi\u0119cy. Mam \u015bwiadomo\u015b\u0107, \u017ce niniejsz\u0105 zgod\u0119 mog\u0119 wycofa\u0107 w dowolnym momencie. W takim przypadku moje dane zostan\u0105 usuni\u0119te z bazy danych Firmy Omtech Sp. z o. o., z siedzib\u0105 w Warszawie, ul. Przy Agorze 13C lok. 1 i nie b\u0119d\u0105 d\u0142u\u017cej przetwarzane.<\/span><\/p>\n<hr \/>\n<p>&nbsp;<\/p>\n<p>[\/et_pb_text][et_pb_button admin_label=&#8221;Aplikuj teraz!&#8221; button_url=&#8221;mailto:praca@omtech.pl?subject=%22Aplikacja na stanowisko: Programista C++\/Qt%22&#8243; url_new_window=&#8221;off&#8221; button_text=&#8221;Aplikuj teraz!&#8221; button_alignment=&#8221;center&#8221; background_layout=&#8221;light&#8221; custom_button=&#8221;off&#8221; button_icon_placement=&#8221;right&#8221; _builder_version=&#8221;3.0.106&#8243; \/][\/et_pb_column][et_pb_column type=&#8221;1_4&#8243;][\/et_pb_column][\/et_pb_row][\/et_pb_section]<\/p>\n","protected":false},"excerpt":{"rendered":"<p>[et_pb_section bb_built=&#8221;1&#8243; admin_label=&#8221;section&#8221;][et_pb_row admin_label=&#8221;row&#8221; background_position=&#8221;top_left&#8221; background_repeat=&#8221;repeat&#8221; background_size=&#8221;initial&#8221; _builder_version=&#8221;3.0.106&#8243; module_class=&#8221;job-offer&#8221;][et_pb_column type=&#8221;1_4&#8243;][\/et_pb_column][et_pb_column type=&#8221;1_2&#8243;][et_pb_post_title title=&#8221;on&#8221; meta=&#8221;off&#8221; author=&#8221;on&#8221; date=&#8221;on&#8221; categories=&#8221;on&#8221; comments=&#8221;on&#8221; featured_image=&#8221;off&#8221; featured_placement=&#8221;below&#8221; parallax_effect=&#8221;on&#8221; parallax_method=&#8221;on&#8221; text_orientation=&#8221;left&#8221; text_color=&#8221;dark&#8221; text_background=&#8221;off&#8221; text_bg_color=&#8221;rgba(255,255,255,0.9)&#8221; module_bg_color=&#8221;rgba(255,255,255,0)&#8221; title_all_caps=&#8221;off&#8221; use_border_color=&#8221;off&#8221; border_color=&#8221;#ffffff&#8221; border_style=&#8221;solid&#8221; parallax=&#8221;on&#8221; background_color=&#8221;rgba(255,255,255,0)&#8221; _builder_version=&#8221;3.0.106&#8243; \/][et_pb_text background_layout=&#8221;light&#8221; use_border_color=&#8221;off&#8221; custom_css_main_element=&#8221;li {||line-height: 1;||}&#8221; background_position=&#8221;top_left&#8221; background_repeat=&#8221;repeat&#8221; background_size=&#8221;initial&#8221; _builder_version=&#8221;3.0.106&#8243;] Firma\u00a0Omtech\u00a0do biura w Warszawie przy Modularnej 11\u00a0poszukuje\u00a0 Programisty C++ \/ Qt \u00a0 [&hellip;]<\/p>\n","protected":false},"author":15,"featured_media":0,"parent":0,"menu_order":0,"comment_status":"closed","ping_status":"closed","template":"","meta":{"inline_featured_image":false,"_monsterinsights_skip_tracking":false,"_monsterinsights_sitenote_active":false,"_monsterinsights_sitenote_note":"","_monsterinsights_sitenote_category":0,"footnotes":""},"class_list":["post-1616","page","type-page","status-publish","hentry"],"_links":{"self":[{"href":"https:\/\/omtech.pl\/en\/wp-json\/wp\/v2\/pages\/1616","targetHints":{"allow":["GET"]}}],"collection":[{"href":"https:\/\/omtech.pl\/en\/wp-json\/wp\/v2\/pages"}],"about":[{"href":"https:\/\/omtech.pl\/en\/wp-json\/wp\/v2\/types\/page"}],"author":[{"embeddable":true,"href":"https:\/\/omtech.pl\/en\/wp-json\/wp\/v2\/users\/15"}],"replies":[{"embeddable":true,"href":"https:\/\/omtech.pl\/en\/wp-json\/wp\/v2\/comments?post=1616"}],"version-history":[{"count":0,"href":"https:\/\/omtech.pl\/en\/wp-json\/wp\/v2\/pages\/1616\/revisions"}],"wp:attachment":[{"href":"https:\/\/omtech.pl\/en\/wp-json\/wp\/v2\/media?parent=1616"}],"curies":[{"name":"wp","href":"https:\/\/api.w.org\/{rel}","templated":true}]}}