{"id":1492,"date":"2018-03-13T13:40:00","date_gmt":"2018-03-13T12:40:00","guid":{"rendered":"http:\/\/omtech.pl\/?post_type=omtech&#038;p=1492"},"modified":"2021-06-28T09:47:01","modified_gmt":"2021-06-28T07:47:01","slug":"tester-oprogramowania","status":"publish","type":"page","link":"https:\/\/omtech.pl\/en\/tester-oprogramowania\/","title":{"rendered":"Tester oprogramowania"},"content":{"rendered":"<p>[et_pb_section bb_built=&#8221;1&#8243; admin_label=&#8221;section&#8221; _builder_version=&#8221;3.0.47&#8243;][et_pb_row admin_label=&#8221;row&#8221; _builder_version=&#8221;3.0.106&#8243; background_size=&#8221;initial&#8221; background_position=&#8221;top_left&#8221; background_repeat=&#8221;repeat&#8221; module_class=&#8221;job-offer&#8221;][et_pb_column type=&#8221;1_4&#8243;][\/et_pb_column][et_pb_column type=&#8221;1_2&#8243;][et_pb_post_title meta=&#8221;off&#8221; featured_image=&#8221;off&#8221; _builder_version=&#8221;3.0.106&#8243; title_all_caps=&#8221;off&#8221; use_border_color=&#8221;off&#8221; border_color=&#8221;#ffffff&#8221; border_style=&#8221;solid&#8221; parallax_effect=&#8221;on&#8221; module_bg_color=&#8221;rgba(255,255,255,0)&#8221; \/][et_pb_text _builder_version=&#8221;3.0.106&#8243; custom_css_main_element=&#8221;li {||line-height: 1;||}&#8221; use_border_color=&#8221;off&#8221; background_layout=&#8221;light&#8221;]<\/p>\n<p>Osoba na tym stanowisku b\u0119dzie mie\u0107 mo\u017cliwo\u015b\u0107 realizacji projektu kt\u00f3rego produktem jest\u00a0<strong><a class=\"external-link\" href=\"..\/produkty\/smf-system-monitorowania-flot\/\" rel=\"nofollow\">System Monitorowania Floty<\/a><\/strong>, dostarczaj\u0105cego dla du\u017cej grupy naszych klient\u00f3w ko\u0144cowych szczeg\u00f3\u0142owych danych o\u00a0pojazdach m.in.\u00a0bie\u017c\u0105cych i historycznych lokalizacje,\u00a0stany, statystyki ECO-driving itp&#8230;\u00a0<\/p>\n<p align=\"justify\">\u00a0<\/p>\n<h2 align=\"justify\">Do\u00a0<strong>obowi\u0105zk\u00f3w<\/strong>\u00a0nale\u017ce\u0107 b\u0119dzie:<\/h2>\n<ul>\n<li>wykonywanie test\u00f3w manualnych,<\/li>\n<li>przygotowywanie plan\u00f3w test\u00f3w,<\/li>\n<li>prowadzenie dokumentacji,<\/li>\n<li>raportowanie wykrytych b\u0142\u0119d\u00f3w.<\/li>\n<\/ul>\n<p align=\"justify\">\u00a0<\/p>\n<h2 align=\"justify\">Nasze\u00a0<strong>wymagania<\/strong>:<\/h2>\n<ul>\n<li>wykszta\u0142cenie wy\u017csze kierunkowe (Informatyka lub pokrewne),<\/li>\n<li>bieg\u0142a znajomo\u015b\u0107 obs\u0142ugi komputera,<\/li>\n<li>skrupulatno\u015b\u0107,<\/li>\n<li>komunikatywno\u015b\u0107,<\/li>\n<li>dba\u0142o\u015b\u0107 o szczeg\u00f3\u0142y.<\/li>\n<\/ul>\n<p align=\"justify\">\u00a0<\/p>\n<h2 align=\"justify\"><strong>Atutem<\/strong>\u00a0b\u0119d\u0105:<\/h2>\n<ul>\n<li>do\u015bwiadczenie w testowaniu oprogramowania,<\/li>\n<li>znajomo\u015b\u0107 JavaScript,<\/li>\n<li>znajomo\u015b\u0107 HTML i CSS.<\/li>\n<\/ul>\n<p align=\"justify\">\u00a0<\/p>\n<h2 align=\"justify\"><strong>Zapewniamy<\/strong>:<\/h2>\n<ul>\n<li>umow\u0119 o prac\u0119 lub inn\u0105 wygodn\u0105 dla kandydata form\u0119 wsp\u00f3\u0142pracy<\/li>\n<li>elastyczne godziny pracy (core hours 9:00 &#8211; 15:00)<\/li>\n<li>W czasie epidemii praca zdalna lub w jednej z dw\u00f3ch wybranych lokalizacji (Warszawa \/ Siedlce<\/li>\n<li>Po zako\u0144czeniu epidemii mo\u017cliwo\u015b\u0107 negocjowania wymiaru czasu pracy zdalnej<\/li>\n<li>jeden dzie\u0144 w iteracji na prowadzenie prac rozwojowych<\/li>\n<li>dba\u0142o\u015b\u0107 o jako\u015b\u0107 pisanego kodu<\/li>\n<li>prac\u0119 z wykorzystaniem ciekawych technologiami (<a class=\"external-link\" href=\"https:\/\/m.in\/\" rel=\"nofollow\">m.in<\/a>. Docker, Cypress.io, Spring-boot, Go&#8230;)<\/li>\n<li>dobr\u0105 organizacja pracy (SCRUM, system ticketowy JIRA, GIT)<\/li>\n<li>automatyzacje proces\u00f3w developerskich w oparciu o GitlabCI<\/li>\n<li>pakiet opieki medycznej<\/li>\n<\/ul>\n<p align=\"justify\">Je\u017celi jeste\u015b zainteresowany\/a wy\u015blij maila na adres <u><strong><a class=\"external-link\" href=\"mailto:praca@omtech.pl\" rel=\"nofollow\">praca@omtech.pl<\/a><\/strong><\/u>\u00a0 lub kliknij poni\u017cej przycisk \u201eAplikuj\u201d i za\u0142\u0105cz swoje CV.<\/p>\n<p class=\"western\"><span style=\"color: #003300;\">\/\/ Firma zastrzega sobie prawo do odpowiedzi tylko na wybrane oferty.<\/span><\/p>\n<p class=\"western\" align=\"center\">\u00a0<\/p>\n<p>[\/et_pb_text][et_pb_text admin_label=&#8221;Rodo&#8221; _builder_version=&#8221;3.0.106&#8243; global_module=&#8221;1647&#8243; saved_tabs=&#8221;all&#8221;]<\/p>\n<p><span style=\"font-size: 9pt; padding-bottom: 0;\">Firma Omtech Sp. z o. o., ul. Przy Agorze 13C lok 1, 01-960 Warszawa informuje, \u017ce mo\u017cliwe jest przetwarzanie danych osobowych zawartych w CV os\u00f3b ubiegaj\u0105cych si\u0119 o zatrudnienie, niewybranych w ramach procesu rekrutacyjnego, do kt\u00f3rego pierwotnie si\u0119 zg\u0142osili, za zgod\u0105 takich os\u00f3b. Zgoda osoby, kt\u00f3rej dane dotycz\u0105, musi by\u0107 z\u0142o\u017cona dobrowolnie, konkretnie oraz \u015bwiadomie. Forma z\u0142o\u017cenia zgody musi jednoznacznie to wskazywa\u0107, z tego wzgl\u0119du dla cel\u00f3w dowodowych preferowana jest zgoda wyra\u017cona w postaci pisemnej lub elektronicznej.<\/span><\/p>\n<hr \/>\n<p><span style=\"font-size: 11pt;\"><strong>Wz\u00f3r zgody do umieszczenia na CV lub w celu przes\u0142ania e mailem:<br \/>\n<\/strong><\/span><span style=\"font-size: 8pt;\">Wyra\u017cam \u015bwiadom\u0105 i dobrowoln\u0105 zgod\u0119 na wprowadzenie moich danych osobowych zawartych w CV z dnia\u2026\u2026\u2026\u2026.. do bazy danych kandydat\u00f3w do pracy prowadzonej przez Firm\u0119 Omtech Sp. z o. o., z siedzib\u0105 w Warszawie, ul. Przy Agorze 13C lok 1, w celu wykorzystania ich na potrzeby przysz\u0142ych rekrutacji przez okres 6 miesi\u0119cy. Mam \u015bwiadomo\u015b\u0107, \u017ce niniejsz\u0105 zgod\u0119 mog\u0119 wycofa\u0107 w dowolnym momencie. W takim przypadku moje dane zostan\u0105 usuni\u0119te z bazy danych Firmy Omtech Sp. z o. o., z siedzib\u0105 w Warszawie, ul. Przy Agorze 13C lok. 1 i nie b\u0119d\u0105 d\u0142u\u017cej przetwarzane.<\/span><\/p>\n<hr \/>\n<p>&nbsp;<\/p>\n<p>[\/et_pb_text][et_pb_button admin_label=&#8221;Aplikuj teraz!&#8221; button_url=&#8221;mailto:praca@omtech.pl?subject=%22Tester oprogramowania%22&#8243; url_new_window=&#8221;off&#8221; button_text=&#8221;Aplikuj teraz!&#8221; button_alignment=&#8221;center&#8221; background_layout=&#8221;light&#8221; custom_button=&#8221;off&#8221; button_icon_placement=&#8221;right&#8221; _builder_version=&#8221;3.0.106&#8243; saved_tabs=&#8221;all&#8221; \/][\/et_pb_column][et_pb_column type=&#8221;1_4&#8243;][\/et_pb_column][\/et_pb_row][\/et_pb_section]<\/p>\n","protected":false},"excerpt":{"rendered":"<p>[et_pb_section bb_built=&#8221;1&#8243; admin_label=&#8221;section&#8221; _builder_version=&#8221;3.0.47&#8243;][et_pb_row admin_label=&#8221;row&#8221; _builder_version=&#8221;3.0.106&#8243; background_size=&#8221;initial&#8221; background_position=&#8221;top_left&#8221; background_repeat=&#8221;repeat&#8221; module_class=&#8221;job-offer&#8221;][et_pb_column type=&#8221;1_4&#8243;][\/et_pb_column][et_pb_column type=&#8221;1_2&#8243;][et_pb_post_title meta=&#8221;off&#8221; featured_image=&#8221;off&#8221; _builder_version=&#8221;3.0.106&#8243; title_all_caps=&#8221;off&#8221; use_border_color=&#8221;off&#8221; border_color=&#8221;#ffffff&#8221; border_style=&#8221;solid&#8221; parallax_effect=&#8221;on&#8221; module_bg_color=&#8221;rgba(255,255,255,0)&#8221; \/][et_pb_text _builder_version=&#8221;3.0.106&#8243; custom_css_main_element=&#8221;li {||line-height: 1;||}&#8221; use_border_color=&#8221;off&#8221; background_layout=&#8221;light&#8221;] Osoba na tym stanowisku b\u0119dzie mie\u0107 mo\u017cliwo\u015b\u0107 realizacji projektu kt\u00f3rego produktem jest\u00a0System Monitorowania Floty, dostarczaj\u0105cego dla du\u017cej grupy naszych klient\u00f3w ko\u0144cowych szczeg\u00f3\u0142owych danych o\u00a0pojazdach m.in.\u00a0bie\u017c\u0105cych i historycznych [&hellip;]<\/p>\n","protected":false},"author":15,"featured_media":0,"parent":0,"menu_order":0,"comment_status":"closed","ping_status":"closed","template":"","meta":{"inline_featured_image":false,"_monsterinsights_skip_tracking":false,"_monsterinsights_sitenote_active":false,"_monsterinsights_sitenote_note":"","_monsterinsights_sitenote_category":0,"footnotes":""},"class_list":["post-1492","page","type-page","status-publish","hentry"],"_links":{"self":[{"href":"https:\/\/omtech.pl\/en\/wp-json\/wp\/v2\/pages\/1492","targetHints":{"allow":["GET"]}}],"collection":[{"href":"https:\/\/omtech.pl\/en\/wp-json\/wp\/v2\/pages"}],"about":[{"href":"https:\/\/omtech.pl\/en\/wp-json\/wp\/v2\/types\/page"}],"author":[{"embeddable":true,"href":"https:\/\/omtech.pl\/en\/wp-json\/wp\/v2\/users\/15"}],"replies":[{"embeddable":true,"href":"https:\/\/omtech.pl\/en\/wp-json\/wp\/v2\/comments?post=1492"}],"version-history":[{"count":0,"href":"https:\/\/omtech.pl\/en\/wp-json\/wp\/v2\/pages\/1492\/revisions"}],"wp:attachment":[{"href":"https:\/\/omtech.pl\/en\/wp-json\/wp\/v2\/media?parent=1492"}],"curies":[{"name":"wp","href":"https:\/\/api.w.org\/{rel}","templated":true}]}}