{"id":1240,"date":"2018-03-08T12:07:44","date_gmt":"2018-03-08T11:07:44","guid":{"rendered":"http:\/\/nowastrona.pulson.pl\/?post_type=omtech&#038;p=1240"},"modified":"2021-05-05T21:49:27","modified_gmt":"2021-05-05T19:49:27","slug":"programista-java","status":"publish","type":"page","link":"https:\/\/omtech.pl\/en\/programista-java\/","title":{"rendered":"Programista JAVA"},"content":{"rendered":"<p>[et_pb_section fb_built=\u201d1\u2033 admin_label=\u201dsection\u201d _builder_version=\u201d3.0.47\u2033][et_pb_row admin_label=\u201drow\u201d module_class=\u201djob-offer\u201d _builder_version=\u201d3.0.106\u2033 background_size=\u201dinitial\u201d background_position=\u201dtop_left\u201d background_repeat=\u201drepeat\u201d][et_pb_column type=\u201d1_4\u2033 _builder_version=\u201d3.0.47\u2033 parallax=\u201doff\u201d parallax_method=\u201don\u201d][\/et_pb_column][et_pb_column type=\u201d1_2\u2033 _builder_version=\u201d3.0.47\u2033 parallax=\u201doff\u201d parallax_method=\u201don\u201d][et_pb_post_title meta=\u201doff\u201d featured_image=\u201doff\u201d _builder_version=\u201d3.0.47\u2033 title_all_caps=\u201doff\u201d background_color=\u201drgba(255,255,255,0)\u201d parallax=\u201don\u201d use_border_color=\u201doff\u201d border_color=\u201d#ffffff\u201d border_style=\u201dsolid\u201d parallax_effect=\u201don\u201d module_bg_color=\u201drgba(255,255,255,0)\u201d][\/et_pb_post_title][et_pb_text _builder_version=\u201d3.0.106\u2033 background_size=\u201dinitial\u201d background_position=\u201dtop_left\u201d background_repeat=\u201drepeat\u201d custom_css_main_element=\u201dli {||line-height: 1;||}\u201d use_border_color=\u201doff\u201d]<\/p>\n<p class=\"western\" align=\"center\" style=\"text-align: left;\">Omtech jest dostawc\u0105 nowoczesnych rozwi\u0105za\u0144 sprz\u0119towych oraz system\u00f3w informatycznych dla rynku zabezpiecze\u0144 elektronicznych. Specjalizujemy si\u0119 w systemach skupionych wok\u00f3\u0142 monitoringu pojazdu z wykorzystaniem GPS oraz zabezpiecze\u0144 obiekt\u00f3w sta\u0142ych. Realizujemy w\u0142asne projekty i nie jeste\u015bmy outsourcingiem.<\/p>\n<h2 align=\"center\" style=\"text-align: left;\">PROGRAMISTA JAVA<\/h2>\n<p style=\"text-align: left;\">Osoba na tym stanowisku b\u0119dzie mie\u0107 mo\u017cliwo\u015b\u0107 realizacji projektu kt\u00f3rego produktem jest\u00a0System Monitorowania Floty, dostarczaj\u0105cego dla du\u017cej grupy naszych klient\u00f3w ko\u0144cowych szczeg\u00f3\u0142owych danych o\u00a0pojazdach m.in.\u00a0bie\u017c\u0105cych i historycznych lokalizacje,\u00a0stany, statystyki ECO-driving itp\u2026\u00a0<\/p>\n<p style=\"text-align: left;\">Oferujemy prac\u0119 w zespole fachowc\u00f3w rozwijaj\u0105cych produkt zwi\u0105zanym z monitoringiem pojazd\u00f3w.<\/p>\n<h3 class=\"western\" style=\"text-align: left;\">Do\u00a0obowi\u0105zk\u00f3w\u00a0nale\u017ce\u0107 b\u0119dzie:<\/h3>\n<ul>\n<li style=\"text-align: left;\">\n<p class=\"western\">dostarczanie i piel\u0119gnacja komponent\u00f3w odpowiedzialnych za przetwarzanie danych sp\u0142ywaj\u0105cych z urz\u0105dze\u0144<\/p>\n<\/li>\n<li style=\"text-align: left;\">\n<p class=\"western\">tworzenie test\u00f3w jednostkowych, integracyjnych oraz funkcjonalnych dla rozwijanych element\u00f3w systemu<\/p>\n<\/li>\n<li style=\"text-align: left;\">\n<p class=\"western\">aktywne korzystanie z narz\u0119dzi GitLab, Jira, Confluence w ramach procesu opartego o SCRUM<\/p>\n<\/li>\n<li style=\"text-align: left;\">\n<p class=\"western\">komunikacja z API i tworzenie nowych modu\u0142\u00f3w w aplikacji webowej<\/p>\n<\/li>\n<li>\n<p class=\"western\" style=\"text-align: left;\">code review<\/p>\n<\/li>\n<\/ul>\n<h3 class=\"western\" style=\"text-align: left;\">Nasze\u00a0wymagania:<\/h3>\n<ul>\n<li style=\"text-align: left;\">\n<p class=\"western\">umiej\u0119tno\u015b\u0107 programowania w j\u0119zyku JAVA w wersji 7 lub wy\u017cej popartej 2-letnim do\u015bwiadczeniem<\/p>\n<\/li>\n<li style=\"text-align: left;\">\n<p class=\"western\">znajomo\u015b\u0107 relacyjnych baz danych<\/p>\n<\/li>\n<li>\n<p class=\"western\" style=\"text-align: left;\">znajomo\u015b\u0107 j\u0119zyka angielskiego na poziomie czytania dokumentacji technicznej<\/p>\n<\/li>\n<\/ul>\n<h3 class=\"western\" style=\"text-align: left;\">Atutem\u00a0b\u0119d\u0105:<\/h3>\n<ul>\n<li style=\"text-align: left;\">\n<p class=\"western\">znajomo\u015b\u0107 system\u00f3w kolejkowych i czasu rzeczywistego<\/p>\n<\/li>\n<li style=\"text-align: left;\">\n<p class=\"western\">znajomo\u015b\u0107 administracyjna oraz programistyczna dla \u015brodowiska Linux<\/p>\n<\/li>\n<li style=\"text-align: left;\">\n<p class=\"western\">znajomo\u015b\u0107 API Android<\/p>\n<\/li>\n<li>\n<p class=\"western\" style=\"text-align: left;\">znajomo\u015b\u0107 Kotlin<\/p>\n<\/li>\n<\/ul>\n<h3 class=\"western\" style=\"text-align: left;\">Zapewniamy:<\/h3>\n<ul style=\"text-align: left;\">\n<li>\n<p class=\"western\">umow\u0119 o prac\u0119 lub inn\u0105 wygodn\u0105 dla kandydata form\u0119 wsp\u00f3\u0142pracy<\/p>\n<\/li>\n<li>\n<p class=\"western\">elastyczne godziny pracy (core hours 9:00 \u2013 15:00)\u00a0<\/p>\n<\/li>\n<li>\n<p class=\"western\">praca w Siedlcach (okazjonalnie mo\u017cliwo\u015b\u0107 pracy zdalnej)<\/p>\n<\/li>\n<li>\n<p class=\"western\">jeden dzie\u0144 w iteracji na prowadzenie prac rozwojowych<\/p>\n<\/li>\n<li>\n<p class=\"western\">dba\u0142o\u015b\u0107 o jako\u015b\u0107 pisanego kodu<\/p>\n<\/li>\n<li>\n<p class=\"western\">prac\u0119 z wykorzystaniem ciekawych technologiami (m.in. Docker, Spring-boot)<\/p>\n<\/li>\n<li>\n<p class=\"western\">dobr\u0105 organizacja pracy (SCRUM, system ticketowy JIRA, GIT)<\/p>\n<\/li>\n<li>\n<p class=\"western\">automatyzacje proces\u00f3w developerskich w oparciu o GitlabCI<\/p>\n<\/li>\n<li>\n<p class=\"western\">pakiet opieki medycznej<\/p>\n<\/li>\n<\/ul>\n<p style=\"text-align: left;\">Je\u017celi jeste\u015b zainteresowany\/a wy\u015blij maila na adres\u00a0praca@omtech.pl\u00a0lub kliknij poni\u017cej przycisk \u201eAplikuj\u201d i za\u0142\u0105cz swoje CV.<\/p>\n<p>\/\/ Firma zastrzega sobie prawo do odpowiedzi tylko na wybrane oferty.<\/p>\n<p>[\/et_pb_text][et_pb_text admin_label=\u201dRodo\u201d _builder_version=\u201d3.0.106\u2033 global_module=\u201d1647\u2033 saved_tabs=\u201dall\u201d]<\/p>\n<p><span style=\"font-size: 9pt; padding-bottom: 0;\">Firma Omtech Sp. z o. o., ul. Przy Agorze 13C lok 1, 01-960 Warszawa informuje, \u017ce mo\u017cliwe jest przetwarzanie danych osobowych zawartych w CV os\u00f3b ubiegaj\u0105cych si\u0119 o zatrudnienie, niewybranych w ramach procesu rekrutacyjnego, do kt\u00f3rego pierwotnie si\u0119 zg\u0142osili, za zgod\u0105 takich os\u00f3b. Zgoda osoby, kt\u00f3rej dane dotycz\u0105, musi by\u0107 z\u0142o\u017cona dobrowolnie, konkretnie oraz \u015bwiadomie. Forma z\u0142o\u017cenia zgody musi jednoznacznie to wskazywa\u0107, z tego wzgl\u0119du dla cel\u00f3w dowodowych preferowana jest zgoda wyra\u017cona w postaci pisemnej lub elektronicznej.<\/span><\/p>\n<hr \/>\n<p><span style=\"font-size: 11pt;\"><strong>Wz\u00f3r zgody do umieszczenia na CV lub w celu przes\u0142ania e mailem:<\/p>\n<p> <\/strong><\/span><span style=\"font-size: 8pt;\">Wyra\u017cam \u015bwiadom\u0105 i dobrowoln\u0105 zgod\u0119 na wprowadzenie moich danych osobowych zawartych w CV z dnia\u2026\u2026\u2026\u2026.. do bazy danych kandydat\u00f3w do pracy prowadzonej przez Firm\u0119 Omtech Sp. z o. o., z siedzib\u0105 w Warszawie, ul. Przy Agorze 13C lok 1, w celu wykorzystania ich na potrzeby przysz\u0142ych rekrutacji przez okres 6 miesi\u0119cy. Mam \u015bwiadomo\u015b\u0107, \u017ce niniejsz\u0105 zgod\u0119 mog\u0119 wycofa\u0107 w dowolnym momencie. W takim przypadku moje dane zostan\u0105 usuni\u0119te z bazy danych Firmy Omtech Sp. z o. o., z siedzib\u0105 w Warszawie, ul. Przy Agorze 13C lok. 1 i nie b\u0119d\u0105 d\u0142u\u017cej przetwarzane.<\/span><\/p>\n<hr \/>\n<p>\u00a0<\/p>\n<p>[\/et_pb_text][et_pb_button button_url=\u201dmailto:praca@omtech.pl?subject=%22Aplikacja%20na%20stanowisko:%20Programista%20JAVA%22\u2033 button_text=\u201dAplikuj teraz!\u201d button_alignment=\u201dcenter\u201d admin_label=\u201dAplikuj teraz!\u201d _builder_version=\u201d3.0.106\u2033][\/et_pb_button][\/et_pb_column][et_pb_column type=\u201d1_4\u2033 _builder_version=\u201d3.0.47\u2033 parallax=\u201doff\u201d parallax_method=\u201don\u201d][\/et_pb_column][\/et_pb_row][\/et_pb_section]<\/p>\n","protected":false},"excerpt":{"rendered":"<p>[et_pb_section fb_built=\u201d1\u2033 admin_label=\u201dsection\u201d _builder_version=\u201d3.0.47\u2033][et_pb_row admin_label=\u201drow\u201d module_class=\u201djob-offer\u201d _builder_version=\u201d3.0.106\u2033 background_size=\u201dinitial\u201d background_position=\u201dtop_left\u201d background_repeat=\u201drepeat\u201d][et_pb_column type=\u201d1_4\u2033 _builder_version=\u201d3.0.47\u2033 parallax=\u201doff\u201d parallax_method=\u201don\u201d][\/et_pb_column][et_pb_column type=\u201d1_2\u2033 _builder_version=\u201d3.0.47\u2033 parallax=\u201doff\u201d parallax_method=\u201don\u201d][et_pb_post_title meta=\u201doff\u201d featured_image=\u201doff\u201d _builder_version=\u201d3.0.47\u2033 title_all_caps=\u201doff\u201d background_color=\u201drgba(255,255,255,0)\u201d parallax=\u201don\u201d use_border_color=\u201doff\u201d border_color=\u201d#ffffff\u201d border_style=\u201dsolid\u201d parallax_effect=\u201don\u201d module_bg_color=\u201drgba(255,255,255,0)\u201d][\/et_pb_post_title][et_pb_text _builder_version=\u201d3.0.106\u2033 background_size=\u201dinitial\u201d background_position=\u201dtop_left\u201d background_repeat=\u201drepeat\u201d custom_css_main_element=\u201dli {||line-height: 1;||}\u201d use_border_color=\u201doff\u201d] Omtech jest dostawc\u0105 nowoczesnych rozwi\u0105za\u0144 sprz\u0119towych oraz system\u00f3w informatycznych dla rynku zabezpiecze\u0144 elektronicznych. Specjalizujemy si\u0119 w systemach skupionych [&hellip;]<\/p>\n","protected":false},"author":15,"featured_media":0,"parent":0,"menu_order":0,"comment_status":"closed","ping_status":"closed","template":"","meta":{"inline_featured_image":false,"_monsterinsights_skip_tracking":false,"_monsterinsights_sitenote_active":false,"_monsterinsights_sitenote_note":"","_monsterinsights_sitenote_category":0,"footnotes":""},"class_list":["post-1240","page","type-page","status-publish","hentry"],"yoast_head":"<!-- This site is optimized with the Yoast SEO plugin v27.5 - https:\/\/yoast.com\/product\/yoast-seo-wordpress\/ -->\n<title>Programista JAVA - Omtech<\/title>\n<meta name=\"robots\" content=\"index, follow, max-snippet:-1, max-image-preview:large, max-video-preview:-1\" \/>\n<link rel=\"canonical\" href=\"https:\/\/omtech.pl\/en\/programista-java\/\" \/>\n<meta property=\"og:locale\" content=\"en_GB\" \/>\n<meta property=\"og:type\" content=\"article\" \/>\n<meta property=\"og:title\" content=\"Programista JAVA - Omtech\" \/>\n<meta property=\"og:description\" content=\"[et_pb_section fb_built=\u201d1\u2033 admin_label=\u201dsection\u201d _builder_version=\u201d3.0.47\u2033][et_pb_row admin_label=\u201drow\u201d module_class=\u201djob-offer\u201d _builder_version=\u201d3.0.106\u2033 background_size=\u201dinitial\u201d background_position=\u201dtop_left\u201d background_repeat=\u201drepeat\u201d][et_pb_column type=\u201d1_4\u2033 _builder_version=\u201d3.0.47\u2033 parallax=\u201doff\u201d parallax_method=\u201don\u201d][\/et_pb_column][et_pb_column type=\u201d1_2\u2033 _builder_version=\u201d3.0.47\u2033 parallax=\u201doff\u201d parallax_method=\u201don\u201d][et_pb_post_title meta=\u201doff\u201d featured_image=\u201doff\u201d _builder_version=\u201d3.0.47\u2033 title_all_caps=\u201doff\u201d background_color=\u201drgba(255,255,255,0)\u201d parallax=\u201don\u201d use_border_color=\u201doff\u201d border_color=\u201d#ffffff\u201d border_style=\u201dsolid\u201d parallax_effect=\u201don\u201d module_bg_color=\u201drgba(255,255,255,0)\u201d][\/et_pb_post_title][et_pb_text _builder_version=\u201d3.0.106\u2033 background_size=\u201dinitial\u201d background_position=\u201dtop_left\u201d background_repeat=\u201drepeat\u201d custom_css_main_element=\u201dli {||line-height: 1;||}\u201d use_border_color=\u201doff\u201d] Omtech jest dostawc\u0105 nowoczesnych rozwi\u0105za\u0144 sprz\u0119towych oraz system\u00f3w informatycznych dla rynku zabezpiecze\u0144 elektronicznych. Specjalizujemy si\u0119 w systemach skupionych [&hellip;]\" \/>\n<meta property=\"og:url\" content=\"https:\/\/omtech.pl\/en\/programista-java\/\" \/>\n<meta property=\"og:site_name\" content=\"Omtech\" \/>\n<meta property=\"article:modified_time\" content=\"2021-05-05T19:49:27+00:00\" \/>\n<meta name=\"twitter:card\" content=\"summary_large_image\" \/>\n<meta name=\"twitter:label1\" content=\"Estimated reading time\" \/>\n\t<meta name=\"twitter:data1\" content=\"4 minutes\" \/>\n<script type=\"application\/ld+json\" class=\"yoast-schema-graph\">{\"@context\":\"https:\\\/\\\/schema.org\",\"@graph\":[{\"@type\":\"WebPage\",\"@id\":\"https:\\\/\\\/omtech.pl\\\/en\\\/programista-java\\\/\",\"url\":\"https:\\\/\\\/omtech.pl\\\/en\\\/programista-java\\\/\",\"name\":\"Programista JAVA - Omtech\",\"isPartOf\":{\"@id\":\"https:\\\/\\\/omtech.pl\\\/en\\\/#website\"},\"datePublished\":\"2018-03-08T11:07:44+00:00\",\"dateModified\":\"2021-05-05T19:49:27+00:00\",\"breadcrumb\":{\"@id\":\"https:\\\/\\\/omtech.pl\\\/en\\\/programista-java\\\/#breadcrumb\"},\"inLanguage\":\"en-GB\",\"potentialAction\":[{\"@type\":\"ReadAction\",\"target\":[\"https:\\\/\\\/omtech.pl\\\/en\\\/programista-java\\\/\"]}]},{\"@type\":\"BreadcrumbList\",\"@id\":\"https:\\\/\\\/omtech.pl\\\/en\\\/programista-java\\\/#breadcrumb\",\"itemListElement\":[{\"@type\":\"ListItem\",\"position\":1,\"name\":\"Strona g\u0142\u00f3wna\",\"item\":\"https:\\\/\\\/omtech.pl\\\/\"},{\"@type\":\"ListItem\",\"position\":2,\"name\":\"Programista JAVA\"}]},{\"@type\":\"WebSite\",\"@id\":\"https:\\\/\\\/omtech.pl\\\/en\\\/#website\",\"url\":\"https:\\\/\\\/omtech.pl\\\/en\\\/\",\"name\":\"Omtech\",\"description\":\"Firmy Omtech i Pulson stanowi\u0105 silny tandem projektuj\u0105cy i produkuj\u0105cy urz\u0105dzenia elektroniczne i systemy informatyczne.\",\"potentialAction\":[{\"@type\":\"SearchAction\",\"target\":{\"@type\":\"EntryPoint\",\"urlTemplate\":\"https:\\\/\\\/omtech.pl\\\/en\\\/?s={search_term_string}\"},\"query-input\":{\"@type\":\"PropertyValueSpecification\",\"valueRequired\":true,\"valueName\":\"search_term_string\"}}],\"inLanguage\":\"en-GB\"}]}<\/script>\n<!-- \/ Yoast SEO plugin. -->","yoast_head_json":{"title":"Programista JAVA - Omtech","robots":{"index":"index","follow":"follow","max-snippet":"max-snippet:-1","max-image-preview":"max-image-preview:large","max-video-preview":"max-video-preview:-1"},"canonical":"https:\/\/omtech.pl\/en\/programista-java\/","og_locale":"en_GB","og_type":"article","og_title":"Programista JAVA - Omtech","og_description":"[et_pb_section fb_built=\u201d1\u2033 admin_label=\u201dsection\u201d _builder_version=\u201d3.0.47\u2033][et_pb_row admin_label=\u201drow\u201d module_class=\u201djob-offer\u201d _builder_version=\u201d3.0.106\u2033 background_size=\u201dinitial\u201d background_position=\u201dtop_left\u201d background_repeat=\u201drepeat\u201d][et_pb_column type=\u201d1_4\u2033 _builder_version=\u201d3.0.47\u2033 parallax=\u201doff\u201d parallax_method=\u201don\u201d][\/et_pb_column][et_pb_column type=\u201d1_2\u2033 _builder_version=\u201d3.0.47\u2033 parallax=\u201doff\u201d parallax_method=\u201don\u201d][et_pb_post_title meta=\u201doff\u201d featured_image=\u201doff\u201d _builder_version=\u201d3.0.47\u2033 title_all_caps=\u201doff\u201d background_color=\u201drgba(255,255,255,0)\u201d parallax=\u201don\u201d use_border_color=\u201doff\u201d border_color=\u201d#ffffff\u201d border_style=\u201dsolid\u201d parallax_effect=\u201don\u201d module_bg_color=\u201drgba(255,255,255,0)\u201d][\/et_pb_post_title][et_pb_text _builder_version=\u201d3.0.106\u2033 background_size=\u201dinitial\u201d background_position=\u201dtop_left\u201d background_repeat=\u201drepeat\u201d custom_css_main_element=\u201dli {||line-height: 1;||}\u201d use_border_color=\u201doff\u201d] Omtech jest dostawc\u0105 nowoczesnych rozwi\u0105za\u0144 sprz\u0119towych oraz system\u00f3w informatycznych dla rynku zabezpiecze\u0144 elektronicznych. Specjalizujemy si\u0119 w systemach skupionych [&hellip;]","og_url":"https:\/\/omtech.pl\/en\/programista-java\/","og_site_name":"Omtech","article_modified_time":"2021-05-05T19:49:27+00:00","twitter_card":"summary_large_image","twitter_misc":{"Estimated reading time":"4 minutes"},"schema":{"@context":"https:\/\/schema.org","@graph":[{"@type":"WebPage","@id":"https:\/\/omtech.pl\/en\/programista-java\/","url":"https:\/\/omtech.pl\/en\/programista-java\/","name":"Programista JAVA - Omtech","isPartOf":{"@id":"https:\/\/omtech.pl\/en\/#website"},"datePublished":"2018-03-08T11:07:44+00:00","dateModified":"2021-05-05T19:49:27+00:00","breadcrumb":{"@id":"https:\/\/omtech.pl\/en\/programista-java\/#breadcrumb"},"inLanguage":"en-GB","potentialAction":[{"@type":"ReadAction","target":["https:\/\/omtech.pl\/en\/programista-java\/"]}]},{"@type":"BreadcrumbList","@id":"https:\/\/omtech.pl\/en\/programista-java\/#breadcrumb","itemListElement":[{"@type":"ListItem","position":1,"name":"Strona g\u0142\u00f3wna","item":"https:\/\/omtech.pl\/"},{"@type":"ListItem","position":2,"name":"Programista JAVA"}]},{"@type":"WebSite","@id":"https:\/\/omtech.pl\/en\/#website","url":"https:\/\/omtech.pl\/en\/","name":"Omtech","description":"Firmy Omtech i Pulson stanowi\u0105 silny tandem projektuj\u0105cy i produkuj\u0105cy urz\u0105dzenia elektroniczne i systemy informatyczne.","potentialAction":[{"@type":"SearchAction","target":{"@type":"EntryPoint","urlTemplate":"https:\/\/omtech.pl\/en\/?s={search_term_string}"},"query-input":{"@type":"PropertyValueSpecification","valueRequired":true,"valueName":"search_term_string"}}],"inLanguage":"en-GB"}]}},"_links":{"self":[{"href":"https:\/\/omtech.pl\/en\/wp-json\/wp\/v2\/pages\/1240","targetHints":{"allow":["GET"]}}],"collection":[{"href":"https:\/\/omtech.pl\/en\/wp-json\/wp\/v2\/pages"}],"about":[{"href":"https:\/\/omtech.pl\/en\/wp-json\/wp\/v2\/types\/page"}],"author":[{"embeddable":true,"href":"https:\/\/omtech.pl\/en\/wp-json\/wp\/v2\/users\/15"}],"replies":[{"embeddable":true,"href":"https:\/\/omtech.pl\/en\/wp-json\/wp\/v2\/comments?post=1240"}],"version-history":[{"count":0,"href":"https:\/\/omtech.pl\/en\/wp-json\/wp\/v2\/pages\/1240\/revisions"}],"wp:attachment":[{"href":"https:\/\/omtech.pl\/en\/wp-json\/wp\/v2\/media?parent=1240"}],"curies":[{"name":"wp","href":"https:\/\/api.w.org\/{rel}","templated":true}]}}